{"id":2183,"date":"2016-02-28T08:28:22","date_gmt":"2016-02-28T08:28:22","guid":{"rendered":"https:\/\/demo2.chethemes.com\/electro\/?page_id=2183"},"modified":"2022-01-16T13:33:17","modified_gmt":"2022-01-16T13:33:17","slug":"mesafeli-satis-sozlesmesi-2","status":"publish","type":"page","link":"https:\/\/soleilsky.com.tr\/shop\/mesafeli-satis-sozlesmesi-2\/","title":{"rendered":"Mesafeli Sat\u0131\u015f S\u00f6zle\u015fmesi"},"content":{"rendered":"<section class=\"section inner-bottom-xs\"><strong>MADDE 1 &#8211; S\u00d6ZLE\u015eMEN\u0130N TARAFLARI<\/strong><\/p>\n<p><strong>SATICI<\/strong><\/p>\n<p>\u00dcNVANI : Zafer G\u00fcder Havac\u0131l\u0131k ve Uzay San. Tic. Ltd. \u015eti.<br \/>\nADRES : Konak Mah. Bilgi\u00e7 Sk. No:7\/B\u00a0 P.K.: 16265 \/ N\u0130L\u00dcFER \/ BURSA\/ T\u00dcRK\u0130YE<br \/>\nTELEFON : 0 (224)\u00a0<b>999 77 75<\/b>\u00a0&#8211; 0 (224) 322 22 16<br \/>\nWEB : www.soleilsky.com<br \/>\nE-POSTA : sky@soleilsky.com<\/p>\n<p>MUHASEBE : muhasebe@zaferguder.com.tr<\/p>\n<p>Bundan sonra SATICI olarak an\u0131lacakt\u0131r.<\/p>\n<p><strong>ALICI<\/strong><\/p>\n<p>ADI SOYADI \/ \u00dcNVANI : &#8230;&#8230;<br \/>\nADRES : &#8230;&#8230;<br \/>\nTELEFON : &#8230;&#8230;<br \/>\nE-POSTA : &#8230;&#8230;<\/p>\n<p>Bundan sonra ALICI olarak an\u0131lacakt\u0131r.<\/p>\n<p><strong>MADDE 2 &#8211; S\u00d6ZLE\u015eMEN\u0130N KONUSU<\/strong><\/p>\n<p>\u0130\u015f bu s\u00f6zle\u015fmenin konusu, ALICI&#8217;n\u0131n, SATICI&#8217;ya ait www.soleilsky.com web sitesinden elektronik ortamda veya 0 (224)\u00a0<b>999 77 75<\/b>\u00a0&#8211; 0 (224) 322 22 16 nolu telefonlardan sipari\u015f verdi\u011fi, s\u00f6zle\u015fmede bahsi ge\u00e7en nitelikleri haiz ve yine s\u00f6zle\u015fmede sat\u0131\u015f fiyat\u0131 belirtilen mal\/hizmetin sat\u0131\u015f\u0131 ve teslimi ile ilgili olarak 4077 say\u0131l\u0131 T\u00fcketicilerin Korunmas\u0131 Hakk\u0131ndaki Kanun ve Mesafeli S\u00f6zle\u015fmeler Uygulama Esas ve Usulleri Hakk\u0131nda Y\u00f6netmelik h\u00fck\u00fcmleri gere\u011fince taraflar\u0131n hak ve y\u00fck\u00fcml\u00fcl\u00fcklerinin saptanmas\u0131d\u0131r. ALICI, sat\u0131\u015fa konu mal\/hizmetlerin temel nitelikleri, sat\u0131\u015f fiyat\u0131, \u00f6deme sekli, teslimat ko\u015fullar\u0131 vs. sat\u0131\u015fa konu mal\/hizmet ile ilgili t\u00fcm \u00f6n bilgiler ve &#8220;cayma&#8221; hakk\u0131 konusunda bilgi sahibi oldu\u011funu, bu \u00f6n bilgileri elektronik ortamda teyit etti\u011fini ve sonras\u0131nda mal\/hizmeti sipari\u015f verdi\u011fini i\u015f bu s\u00f6zle\u015fme h\u00fck\u00fcmlerince kabul ve beyan eder. www.soleilsky.com\u00a0sitesinde \u00f6deme sayfas\u0131nda yer alan \u00f6n bilgilendirme ve fatura i\u015f bu s\u00f6zle\u015fmenin ayr\u0131lmaz par\u00e7alar\u0131d\u0131r.<\/p>\n<p><strong>MADDE 3 &#8211; S\u00d6ZLE\u015eME TAR\u0130H\u0130<\/strong><\/p>\n<p>SATICI taraf\u0131ndan daha \u00f6nce imzalanm\u0131\u015f bulunan i\u015f bu iki n\u00fcsha s\u00f6zle\u015fme, ALICI taraf\u0131ndan &#8230;&#8230; tarihinde imzalanarak kabul edilmi\u015ftir. S\u00f6zle\u015fmenin bir n\u00fcshas\u0131 ALICI&#8217;n\u0131n e-posta adresine mail g\u00f6nderilecektir.<\/p>\n<p><strong>MADDE 4 &#8211; MAL\/H\u0130ZMET\u0130N TESL\u0130M\u0130, S\u00d6ZLE\u015eMEN\u0130N \u0130FA YER\u0130 VE TESL\u0130M \u015eEKL\u0130<\/strong><\/p>\n<p>Mal\/hizmet, ALICI&#8217;n\u0131n teslimini talep etmi\u015f oldu\u011fu &#8230;&#8230; adresinde &#8230;&#8230; adl\u0131 ki\u015fi\/kurulu\u015fa teslim edilecektir.<\/p>\n<p><strong>MADDE 5 &#8211; TESL\u0130MAT MASRAFLARI VE \u0130FASI<\/strong><\/p>\n<p>Teslimat masraflar\u0131 ALICI&#8217;ya aittir. SATICI, web sitesinde ilan etti\u011fi rakam\u0131n \u00fczerinde al\u0131\u015fveri\u015f yapanlar\u0131n teslimat \u00fccretinin kendisince kar\u015f\u0131lanaca\u011f\u0131n\u0131 beyan etmi\u015fse, teslimat masraf\u0131 SATICI&#8217;ya aittir. Teslimat; sto\u011fun m\u00fcsait olmas\u0131 ve mal bedelinin SATICI&#8217;n\u0131n hesab\u0131na ge\u00e7mesinden sonra en k\u0131sa s\u00fcrede yap\u0131l\u0131r. SATICI, mal\/hizmeti sipari\u015finden itibaren 30 (otuz) g\u00fcn i\u00e7inde teslim eder ve bu s\u00fcre i\u00e7inde yaz\u0131l\u0131 bildirimle ek 10 (on) g\u00fcnl\u00fck s\u00fcre uzat\u0131m hakk\u0131n\u0131 sakl\u0131 tutar. Herhangi bir nedenle mal\/hizmet bedeli \u00f6denmez veya banka kay\u0131tlar\u0131nda iptal edilir ise, SATICI mal\/hizmetin teslimi y\u00fck\u00fcml\u00fcl\u00fc\u011f\u00fcnden kurtulmu\u015f kabul edilir.<\/p>\n<p><strong>MADDE 6 &#8211; ALICININ BEYAN VE TAAHH\u00dcTLER\u0130<\/strong><\/p>\n<p>ALICI, s\u00f6zle\u015fme konusu mal\/hizmeti teslim almadan \u00f6nce muayene edecek ezik, k\u0131r\u0131k, ambalaj\u0131 y\u0131rt\u0131lm\u0131\u015f vb. hasarl\u0131 ve ay\u0131pl\u0131 mal\/hizmeti kargo \u015firketinden teslim almayacakt\u0131r. Teslim al\u0131nan mal\/hizmetin hasars\u0131z ve sa\u011flam oldu\u011fu kabul edilecektir. Teslimden sonra mal\/hizmetin \u00f6zenle korunmas\u0131 borcu, ALICI&#8217;ya aittir. Fatura iade edilmelidir. Mal\/hizmetin tesliminden sonra ALICI&#8217;ya ait kredi kart\u0131n\u0131n ALICI&#8217;n\u0131n kusurundan kaynaklanmayan bir \u015fekilde yetkisiz ki\u015filerce haks\u0131z veya hukuka ayk\u0131r\u0131 olarak kullan\u0131lmas\u0131 nedeni ile ilgili banka veya finans kurulu\u015funun mal\/hizmet bedelini SATICI&#8217;ya \u00f6dememesi halinde, ALICI kendisine teslim edilmi\u015f olmas\u0131 kayd\u0131yla mal\/hizmeti 3 (\u00fc\u00e7) g\u00fcn i\u00e7inde SATICI&#8217;ya g\u00f6ndermekle y\u00fck\u00fcml\u00fcd\u00fcr. Bu takdirde teslimat giderleri ALICI&#8217;ya aittir.<\/p>\n<p>ALICI, SoleilSky (Zafer G\u00fcder Havac\u0131l\u0131k ve Uzay San.Tic.Ltd \u015eti) &#8216;den sat\u0131n ald\u0131\u011f\u0131 \u00fcr\u00fcn, drone ve insans\u0131z hava arac\u0131 sistemlerini sat\u0131n almakla, Sivil Havac\u0131l\u0131k Talimatnamesindeki;<\/p>\n<p>&#8220;\u0130HA i\u015fleticisi ve pilotu, \u0130HA&#8217;n\u0131n ter\u00f6r sald\u0131r\u0131lar\u0131nda veya kamunun g\u00fcvenli\u011fini tehlikeye d\u00fc\u015f\u00fcrecek herhangi bir yasad\u0131\u015f\u0131 eylemde kullan\u0131lmas\u0131n\u0131 \u00f6nlemek amac\u0131yla \u0130HA sisteminin ve arac\u0131n\u0131n d\u0131\u015far\u0131dan m\u00fcdahalelere kar\u015f\u0131 g\u00fcvenli\u011fini sa\u011flamakla y\u00fck\u00fcml\u00fcd\u00fcr.&#8221; ve 2920 say\u0131l\u0131 T\u00fcrk Sivil Havac\u0131l\u0131k Kanununun &#8220;Yasaklar&#8221; ba\u015fl\u0131kl\u0131 93\u00fcnc\u00fc Maddesinde yer alan h\u00fck\u00fcmlerin ve bu Talimat\u0131n aksine hareket edilmesi, SHY-\u0130PC kapsam\u0131nda cezai yapt\u0131r\u0131mlara tabiidir.<br \/>\n(2) \u0130HA sahibi a\u015fa\u011f\u0131dakilerden sorumludur\u037e<br \/>\na) \u0130HA ve sistemlerinin kategorisine g\u00f6re \u00fcretici ya da Genel M\u00fcd\u00fcrl\u00fck taraf\u0131ndan belirlenen \u015fartlarda muhafaza edilmesinden,<br \/>\nb) \u0130HA ve sistemlerin u\u00e7u\u015f emniyetini tehlikeye d\u00fc\u015f\u00fcren olaylar\u0131n\u0131, en ge\u00e7 48 saat i\u00e7erisinde Genel M\u00fcd\u00fcrl\u00fc\u011fe rapor etmekten.<br \/>\n(3) Genel M\u00fcd\u00fcrl\u00fck taraf\u0131ndan onaylanmayan de\u011fi\u015fikliklerin sistemde yap\u0131lmas\u0131 veya bu Talimattaki h\u00fck\u00fcmlere ayk\u0131r\u0131 i\u015f ve i\u015flemler yap\u0131lmas\u0131 durumlar\u0131nda, Genel M\u00fcd\u00fcrl\u00fck taraf\u0131ndan yay\u0131nlanan sertifikalar, izinler ve verilen haklar sona erer. Genel M\u00fcd\u00fcrl\u00fck sertifikalar\u0131n, izinlerin ve beyanlar\u0131n ge\u00e7erlilik \u015fartlar\u0131n\u0131n korundu\u011funu do\u011frulamak i\u00e7in rastgele denetimler yapma hakk\u0131n\u0131 sakl\u0131 tutar.<br \/>\n(4) \u0130HA sahibi ve pilotu \u00f6zel hayat\u0131n gizlili\u011fi ve mahremiyeti konusuna \u00f6zen g\u00f6sterir. Aksi halde 26\/09\/2014 tarihli ve 5237 say\u0131l\u0131 T\u00fcrk Ceza Kanununun ilgili Maddeleri kapsam\u0131ndaki h\u00fck\u00fcmler uygulan\u0131r.<\/p>\n<p>maddelerini taahh\u00fct etmi\u015f say\u0131l\u0131r. ALICI!n\u0131n sat\u0131n alm\u0131\u015f oldu\u011fu \u0130nsans\u0131z Hava Arac\u0131n\u0131n bu ve benzeri su\u00e7lara kar\u0131\u015fmas\u0131ndan do\u011facak olan her t\u00fcr sorumluluk ALICI&#8217;ya aittir. Firmam\u0131z bu gibi durumlardan asla sorumlu tutulamaz.<\/p>\n<p><strong>MADDE 7 &#8211; SATICININ BEYAN VE TAAHH\u00dcTLER\u0130<\/strong><\/p>\n<p>SATICI, s\u00f6zle\u015fme konusu mal\/hizmetin sa\u011flam, eksiksiz, sipari\u015fte belirtilen niteliklere uygun ve varsa garanti belgeleri ve kullan\u0131m k\u0131lavuzlar\u0131 ile teslim edilmesinden sorumludur. S\u00f6zle\u015fme konusu mal\/hizmet, ALICI&#8217;dan ba\u015fka bir ki\u015fi\/kurulu\u015fa teslim edilecek ise, teslim edilecek ki\u015fi\/kurulu\u015fun teslimat\u0131 kabul etmemesinden SATICI sorumlu tutulamaz. SATICI, cayma beyan\u0131n\u0131n kendisine ula\u015fmas\u0131ndan sonra 7 (yedi) g\u00fcn i\u00e7inde mal\/hizmet bedelini, varsa k\u0131ymetli evrak\u0131 iade eder. Mal\/hizmeti 20 (yirmi) g\u00fcn i\u00e7inde iade al\u0131r. Hakl\u0131 gerek\u00e7elerle SATICI, s\u00f6zle\u015fmedeki ifa s\u00fcresi dolmadan ALICI&#8217;ya e\u015fit kalite ve fiyatta tedarik edebilir. SATICI mal\/hizmetin ifas\u0131n\u0131n imk\u00e2ns\u0131zla\u015ft\u0131\u011f\u0131n\u0131 d\u00fc\u015f\u00fcn\u00fcyorsa, s\u00f6zle\u015fmenin ifa s\u00fcresi dolmadan ALICI&#8217;ya bildirir. \u00d6denen bedel ve varsa belgeler 10 (on) g\u00fcn i\u00e7inde iade edilir. Garanti belgesi ile sat\u0131lan mal\/hizmetlerden olan veya olmayan mal\/hizmetlerden ar\u0131zal\u0131 veya bozuk olan mal\/hizmetler, garanti \u015fartlar\u0131 i\u00e7inde gerekli onar\u0131m\u0131n yap\u0131lmas\u0131 i\u00e7in SATICI&#8217;ya g\u00f6nderilebilir, bu takdirde teslimat giderleri SATICI taraf\u0131ndan kar\u015f\u0131lanacakt\u0131r.<\/p>\n<p><strong>MADDE 8 &#8211; S\u00d6ZLE\u015eMEYE KONU MAL\/H\u0130ZMET\u0130N \u00d6ZELL\u0130KLER\u0130<\/strong><\/p>\n<p>Mal\/hizmetin Cinsi ve T\u00fcr\u00fc, Miktar\u0131, Marka\/Modeli, Rengi ve T\u00fcm Vergiler D\u00e2hil Sat\u0131\u015f Bedeli www.soleilsky.com adl\u0131 web sitesindeki mal\/hizmet tan\u0131t\u0131m sayfas\u0131nda yer alan bilgilerde ve i\u015f bu s\u00f6zle\u015fmenin ayr\u0131lmaz par\u00e7as\u0131 say\u0131lan faturada belirtildi\u011fi gibidir.<\/p>\n<p><strong>MADDE 9 &#8211; MAL\/H\u0130ZMET\u0130N PE\u015e\u0130N F\u0130YATI<\/strong><\/p>\n<p>Mal\/hizmetin pe\u015fin fiyat\u0131 sipari\u015f sonu mail at\u0131lan \u00f6rnek fatura ve \u00fcr\u00fcn ile birlikte m\u00fc\u015fteriye g\u00f6nderilen fatura i\u00e7eri\u011finde mevcuttur.<\/p>\n<p><strong>MADDE 10 &#8211; VADEL\u0130 F\u0130YAT<\/strong><\/p>\n<p>Mal\/hizmetin sat\u0131\u015f fiyat\u0131na yap\u0131lan vadeye g\u00f6re fiyat\u0131 sipari\u015f sonu mail at\u0131lan \u00f6rnek fatura ve \u00fcr\u00fcn ile birlikte m\u00fc\u015fteriye g\u00f6nderilen fatura i\u00e7eri\u011finde mevcuttur.<\/p>\n<p><strong>MADDE 11 &#8211; PE\u015e\u0130NAT TUTARI<\/strong><\/p>\n<p>Mal\/hizmetin pe\u015finat tutar\u0131 sipari\u015f sonu mail at\u0131lan \u00f6rnek fatura ve \u00fcr\u00fcn ile birlikte m\u00fc\u015fteriye g\u00f6nderilen fatura i\u00e7eri\u011finde mevcuttur.<\/p>\n<p><strong>MADDE 12 &#8211; \u00d6DEME PLANI<\/strong><\/p>\n<p>ALICI&#8217;n\u0131n, kredi kart\u0131 ile ve taksitle al\u0131\u015fveri\u015f yapmas\u0131 durumunda siteden se\u00e7mi\u015f oldu\u011fu taksit bi\u00e7imi ge\u00e7erlidir. Taksitlendirme i\u015flemlerinde, ALICI ile kart sahibi banka aras\u0131nda imzalanm\u0131\u015f bulunan s\u00f6zle\u015fmenin ilgili h\u00fck\u00fcmleri ge\u00e7erlidir. Kredi kart\u0131 \u00f6deme tarihi banka ile ALICI aras\u0131ndaki s\u00f6zle\u015fme h\u00fck\u00fcmlerince belirlenir. ALICI, ayr\u0131ca bankan\u0131n g\u00f6nderdi\u011fi hesap \u00f6zetinden taksit say\u0131s\u0131n\u0131 ve \u00f6demelerini takip edebilir.<\/p>\n<p><strong>MADDE 13 &#8211; CAYMA HAKKI<\/strong><\/p>\n<p>ALICI, s\u00f6zle\u015fme konusu mal\/hizmetin kendisine veya g\u00f6sterdi\u011fi adresteki ki\u015fi\/kurulu\u015fa tesliminden itibaren 7 (yedi) g\u00fcn i\u00e7inde cayma hakk\u0131n\u0131 kullanabilir. Cayma hakk\u0131n\u0131n kullan\u0131lmas\u0131 i\u00e7in ayn\u0131 s\u00fcre i\u00e7inde SATICI&#8217;ya faks, e-posta (info@soleilsky.com) veya 0 (224)\u00a0<b>999 77 75<\/b>\u00a0&#8211; 0 (224) 322 22 16 nolu telefon ile bildirimde bulunulmas\u0131 ve mal\/hizmetin 14. madde h\u00fck\u00fcmleri \u00e7er\u00e7evesinde ve i\u015f bu s\u00f6zle\u015fmenin ayr\u0131lmaz par\u00e7as\u0131 olan ve www.soleilsky.com web sitesinde yay\u0131nlanm\u0131\u015f olan \u00f6nbilgiler gere\u011fince, ambalaj ve i\u00e7eri\u011finin denenirken hasar g\u00f6rmemi\u015f olas\u0131 \u015fartt\u0131r. Bu hakk\u0131n kullan\u0131lmas\u0131 halinde, 3. ki\u015fiye veya ALICI&#8217;ya teslim edilen mal\/hizmete ili\u015fkin fatura asl\u0131n\u0131n iadesi zorunludur. Cayma hakk\u0131na ili\u015fkin ihbar\u0131n ula\u015fmas\u0131n\u0131 takip eden 10 (on) g\u00fcn i\u00e7inde mal\/hizmet bedeli ALICI&#8217;ya iade edilir ve 20 (yirmi) g\u00fcnl\u00fck s\u00fcre i\u00e7inde mal\/hizmet iade al\u0131n\u0131r. Fatura asl\u0131 g\u00f6nderilmezse, ALICI&#8217;ya KDV ve varsa di\u011fer yasal y\u00fck\u00fcml\u00fcl\u00fckler iade edilemez. Cayma hakk\u0131 nedeni ile iade edilen mal\/hizmetin teslimat bedeli SATICI taraf\u0131ndan kar\u015f\u0131lan\u0131r.<\/p>\n<p><strong>MADDE 14 &#8211; CAYMA HAKKI KULLANILAMAYACAK MAL\/H\u0130ZMETLER<\/strong><\/p>\n<p>Niteli\u011fi itibar\u0131yla iade edilemeyecek mal\/hizmetler, h\u0131zla bozulan ve son kullanma tarihi ge\u00e7en mal\/hizmetler, tek kullan\u0131ml\u0131k mal\/hizmetler, kopyalanabilir her t\u00fcrl\u00fc yaz\u0131l\u0131m ve programlard\u0131r. Ayr\u0131ca, her t\u00fcrl\u00fc yaz\u0131l\u0131m ve programlar\u0131n da, DVD, DIVX, VCD, CD, MD, videokasetlerde, bilgisayar ve k\u0131rtasiye sarf malzemelerinde (toner, kartu\u015f, \u015ferit v.b) ile kozmetik malzemelerinde cayma hakk\u0131n\u0131n kullan\u0131labilmesi i\u00e7in mal\/hizmetin ambalaj\u0131n\u0131n a\u00e7\u0131lmam\u0131\u015f, bozulmam\u0131\u015f ve kullan\u0131lmam\u0131\u015f olmalar\u0131 \u015fart\u0131 bulunmaktad\u0131r.<\/p>\n<p><strong>MADDE 15 &#8211; TEMERR\u00dcD HAL\u0130 VE HUKUK\u0130 SONU\u00c7LARI<\/strong><\/p>\n<p>ALICI, kredi kart\u0131 ile yapm\u0131\u015f oldu\u011fu i\u015flemlerinde temerr\u00fcde d\u00fc\u015fmesi halinde kart sahibi bankan\u0131n kendisi ile yapm\u0131\u015f oldu\u011fu kredi kart\u0131 s\u00f6zle\u015fmesi \u00e7er\u00e7evesinde faiz \u00f6deyecek ve bankaya kar\u015f\u0131 sorumlu olacakt\u0131r. Bu durumda ilgili banka hukuki yollara ba\u015fvurabilir; do\u011facak masraflar\u0131 ve vek\u00e2let \u00fccretini ALICI&#8217;dan talep edebilir ve her ko\u015fulda ALICI&#8217;n\u0131n borcundan dolay\u0131 temerr\u00fcde d\u00fc\u015fmesi halinde, ALICI, borcun gecikmeli ifas\u0131ndan dolay\u0131 SATICI&#8217;n\u0131n olu\u015fan zarar ve ziyan\u0131n\u0131 \u00f6demeyi kabul eder.<\/p>\n<p><strong>MADDE 16 &#8211; YETK\u0130L\u0130 MAHKEME<\/strong><\/p>\n<p>\u0130\u015f bu s\u00f6zle\u015fmeden kaynaklanabilecek ihtilaflarda, Sanayi ve Ticaret Bakanl\u0131\u011f\u0131nca ilan edilen de\u011fere kadar T\u00fcketici Hakem Heyetleri, bu de\u011ferin \u00fczerindeki ihtilaflarda T\u00fcketici Mahkemeleri yetkilidir. T\u00fcketici Mahkemesi bulunamayan yerlerde Asliye Hukuk Mahkemeleri yetkilidir.<\/p>\n<p><strong>SATICI :<\/strong> Zafer G\u00fcder Havac\u0131l\u0131k ve Uzay San. Tic. Ltd. \u015eti.<\/p>\n<p><strong>ALICI :<\/strong>\u00a0&#8230;&#8230;<\/p>\n<p><strong>TAR\u0130H :<\/strong>\u00a0&#8230;&#8230;<\/p>\n<\/section>\n<section class=\"section intellectual-property\"><\/section>\n","protected":false},"excerpt":{"rendered":"<p>MADDE 1 &#8211; S\u00d6ZLE\u015eMEN\u0130N TARAFLARI SATICI \u00dcNVANI : Zafer G\u00fcder Havac\u0131l\u0131k ve Uzay San. Tic. Ltd. \u015eti. ADRES : Konak Mah. Bilgi\u00e7 Sk. No:7\/B\u00a0 P.K.: 16265 \/ N\u0130L\u00dcFER \/ BURSA\/ T\u00dcRK\u0130YE TELEFON : 0 (224)\u00a0999 77 75\u00a0&#8211; 0 (224) 322 22 16 WEB : www.soleilsky.com E-POSTA : sky@soleilsky.com MUHASEBE : muhasebe@zaferguder.com.tr Bundan sonra SATICI olarak&#8230;<\/p>\n","protected":false},"author":1,"featured_media":0,"parent":0,"menu_order":0,"comment_status":"closed","ping_status":"closed","template":"","meta":{"footnotes":""},"_links":{"self":[{"href":"https:\/\/soleilsky.com.tr\/shop\/wp-json\/wp\/v2\/pages\/2183"}],"collection":[{"href":"https:\/\/soleilsky.com.tr\/shop\/wp-json\/wp\/v2\/pages"}],"about":[{"href":"https:\/\/soleilsky.com.tr\/shop\/wp-json\/wp\/v2\/types\/page"}],"author":[{"embeddable":true,"href":"https:\/\/soleilsky.com.tr\/shop\/wp-json\/wp\/v2\/users\/1"}],"replies":[{"embeddable":true,"href":"https:\/\/soleilsky.com.tr\/shop\/wp-json\/wp\/v2\/comments?post=2183"}],"version-history":[{"count":4,"href":"https:\/\/soleilsky.com.tr\/shop\/wp-json\/wp\/v2\/pages\/2183\/revisions"}],"predecessor-version":[{"id":9554,"href":"https:\/\/soleilsky.com.tr\/shop\/wp-json\/wp\/v2\/pages\/2183\/revisions\/9554"}],"wp:attachment":[{"href":"https:\/\/soleilsky.com.tr\/shop\/wp-json\/wp\/v2\/media?parent=2183"}],"curies":[{"name":"wp","href":"https:\/\/api.w.org\/{rel}","templated":true}]}}