{"id":2494,"date":"2016-03-09T05:41:44","date_gmt":"2016-03-09T05:41:44","guid":{"rendered":"https:\/\/demo2.chethemes.com\/electro\/?page_id=2494"},"modified":"2020-11-20T09:57:04","modified_gmt":"2020-11-20T09:57:04","slug":"kurumsal","status":"publish","type":"page","link":"https:\/\/soleilsky.com.tr\/shop\/kurumsal\/","title":{"rendered":"Kurumsal"},"content":{"rendered":"<section class=\"l-section wpb_row height_small\"><div class=\"l-section-h i-cf\"><div class=\"g-cols vc_row via_grid cols_1 laptops-cols_inherit tablets-cols_inherit mobiles-cols_1 valign_top type_default stacking_default\"><div class=\"wpb_column vc_column_container\"><div class=\"vc_column-inner\">[vc_raw_html]JTNDc3R5bGUlMjB0eXBlJTNEJTIydGV4dCUyRmNzcyUyMiUzRS5wYWdlJTIwLmVudHJ5LWhlYWRlci5oZWFkZXItd2l0aC1jb3Zlci1pbWFnZSUyMCU3QiUyMGJhY2tncm91bmQtcG9zaXRpb24lM0ElMjBjZW50ZXIlMjAtMTU3cHglM0IlMjAlN0QlM0MlMkZzdHlsZSUzRQ==[\/vc_raw_html]<\/div><\/div><\/div><\/div><\/section><section class=\"l-section wpb_row height_small\"><div class=\"l-section-h i-cf\"><div class=\"g-cols vc_row via_grid cols_2 laptops-cols_inherit tablets-cols_inherit mobiles-cols_1 valign_top type_default stacking_default\"><div class=\"wpb_column vc_column_container\"><div class=\"vc_column-inner\"><div class=\"wpb_text_column\"><div class=\"wpb_wrapper\"><div class=\"section-heading\"><\/div>\n<p>2016 y\u0131l\u0131ndan bu yana s\u00fcrekli geli\u015fen Soleil Art, 2020 Ocak ay\u0131 itibari\u00a0ile Zafer G\u00fcder Reklamc\u0131l\u0131k Radyo Tv Havac\u0131l\u0131k Tic Ltd \u015eti olarak g\u00fc\u00e7l\u00fc bir at\u0131l\u0131m ger\u00e7ekle\u015ftirmi\u015ftir. Global anlamda bir \u00e7ok firma ve sekt\u00f6r\u00fcn zorland\u0131\u011f\u0131 bu d\u00f6nemden g\u00fc\u00e7lenerek \u00e7\u0131kmay\u0131 ba\u015faran Soleil Art, markalar zincirine Soleil Sky markas\u0131n\u0131 da eklemi\u015ftir. Ticaret Sanayi Belgesi ile \u00fcretim odakl\u0131 insans\u0131z hava ara\u00e7lar\u0131 \u00fcretimleri projeleri \u00fczerinde \u00e7al\u0131\u015fmaya ba\u015flayan\u00a0Zafer G\u00fcder Reklamc\u0131l\u0131k Radyo Tv Havac\u0131l\u0131k Tic Ltd \u015eti, Sivil Havac\u0131l\u0131k Genel M\u00fcd\u00fcrl\u00fc\u011f\u00fc taraf\u0131ndan Yetkilendirilmi\u015f E\u011fitim Kurumlar\u0131 listesine ismini yazd\u0131rmay\u0131 ba\u015farm\u0131\u015ft\u0131r.<\/p>\n<p>&nbsp;<\/p>\n<h2>Uzman Kadromuz<\/h2>\n<p>Zafer G\u00fcder Reklamc\u0131l\u0131k Radyo Tv Havac\u0131l\u0131k Tic Ltd \u015eti, kuruldu\u011fu 2016 y\u0131l\u0131ndan beri \u00f6nceli\u011fi insan sa\u011fl\u0131\u011f\u0131, insan g\u00fcvenli\u011fi, kaliteli hizmet ve \u00fcretim ile kaliteli hizmetin en makul fiyatlar ile profesyonel bir \u015fekilde son kullan\u0131c\u0131ya ula\u015ft\u0131r\u0131lmas\u0131n\u0131 kendisine ilke edinmi\u015ftir. Asla bitti demeden kendini s\u00fcrekli geli\u015ftiren ve yenileyen, e\u011fitime ve ele\u015ftirilere arkas\u0131n\u0131 d\u00f6nmeyen yap\u0131s\u0131 ile ba\u015far\u0131n\u0131n final olmad\u0131\u011f\u0131n\u0131 savunmu\u015ftur. Bu anlamda t\u00fcm departmanlar\u0131m\u0131zda konusunda uzman kadrolar\u0131m\u0131z ile i\u00e7eride ve d\u0131\u015far\u0131da e\u011fitimlerimize devam ederek memnuniyet derecesi en y\u00fcksek olan kurulu\u015flar aras\u0131nda yer almay\u0131 kendimize hedef olarak belirledik.<\/p>\n<p>&nbsp;<\/p>\n<h2>Vizyonumuz<\/h2>\n<p>En kaliteli hizmetleri en ula\u015f\u0131labilir ve makul \u00fccretlerle sa\u011flamay\u0131 ba\u015faran marka, Bursa\u2019y\u0131 di\u011fer illerin g\u00f6lgesinden kurtarmay\u0131 hedefleyen uluslararas\u0131 projeleri ile b\u00fcy\u00fcyor. Ekonominin global gidi\u015fat\u0131ndan ba\u011f\u0131ms\u0131z olarak her ge\u00e7en g\u00fcn yepyeni projeler tasarlayan Zafer G\u00fcder Reklamc\u0131l\u0131k Radyo Tv Havac\u0131l\u0131k Tic Ltd \u015eti, i\u015f ve istihdam yaratma konusunda da sorumluluk bilinci ta\u015f\u0131yan, g\u00fcvenilir bir marka olarak y\u00fckseli\u015fini s\u00fcrd\u00fcr\u00fcyor.<\/p>\n<p>&nbsp;<\/p>\n<h2>Misyonumuz<\/h2>\n<p>Profesyonel, kaliteli ve \u00e7ok y\u00f6nl\u00fc hizmet anlay\u0131\u015f\u0131 ile kurulan marka, i\u015f prensiplerini sosyal sorumluluk projelerine de yans\u0131t\u0131yor. Marka, kalite de\u011ferini sosyal sorumluluk projelerinde de yer alarak artt\u0131rmay\u0131 ba\u015far\u0131yor. Gen\u00e7, ya\u015fl\u0131 ve \u00e7ocuk; her ya\u015f grubundan bireyin, hayallerine g\u00fcvenli bir kap\u0131dan ge\u00e7erek ad\u0131m atmas\u0131 i\u00e7in maksimum hassasiyeti g\u00f6steren Zafer G\u00fcder Reklamc\u0131l\u0131k Radyo Tv Havac\u0131l\u0131k Tic Ltd \u015eti, farkl\u0131 alanlarda vermi\u015f oldu\u011fu e\u011fitimlerle, gen\u00e7lere yepyeni meslek ve i\u015f kap\u0131lar\u0131n\u0131 da ard\u0131na kadar a\u00e7\u0131yor. Gelece\u011fin meslekleri aras\u0131nda ad\u0131 ge\u00e7en profesyonel \u0130HA pilotlu\u011fu e\u011fitimleri, kameramanl\u0131k kursu, foto\u011fraf\u00e7\u0131l\u0131k kursu,\u00a0workshop \u00e7al\u0131\u015fmalar\u0131, uzman e\u011fitimci kadrosu ve Zafer G\u00fcder Reklamc\u0131l\u0131k Radyo Tv Havac\u0131l\u0131k Tic Ltd \u015eti g\u00fcvencesiyle ger\u00e7ekle\u015ftiriliyor.<\/p>\n<\/div><\/div><\/div><\/div><div class=\"wpb_column vc_column_container\"><div class=\"vc_column-inner\">[vc_single_image image=&#8221;5663&#8243; img_size=&#8221;full&#8221; alignment=&#8221;center&#8221;]<\/div><\/div><\/div><\/div><\/section>\n","protected":false},"excerpt":{"rendered":"[vc_raw_html]JTNDc3R5bGUlMjB0eXBlJTNEJTIydGV4dCUyRmNzcyUyMiUzRS5wYWdlJTIwLmVudHJ5LWhlYWRlci5oZWFkZXItd2l0aC1jb3Zlci1pbWFnZSUyMCU3QiUyMGJhY2tncm91bmQtcG9zaXRpb24lM0ElMjBjZW50ZXIlMjAtMTU3cHglM0IlMjAlN0QlM0MlMkZzdHlsZSUzRQ==[\/vc_raw_html] 2016 y\u0131l\u0131ndan bu yana s\u00fcrekli geli\u015fen Soleil Art, 2020 Ocak ay\u0131 itibari\u00a0ile Zafer G\u00fcder Reklamc\u0131l\u0131k Radyo Tv Havac\u0131l\u0131k Tic Ltd \u015eti olarak g\u00fc\u00e7l\u00fc bir at\u0131l\u0131m ger\u00e7ekle\u015ftirmi\u015ftir. Global anlamda bir \u00e7ok firma ve sekt\u00f6r\u00fcn zorland\u0131\u011f\u0131 bu d\u00f6nemden g\u00fc\u00e7lenerek \u00e7\u0131kmay\u0131 ba\u015faran Soleil Art, markalar zincirine Soleil Sky markas\u0131n\u0131 da eklemi\u015ftir. Ticaret Sanayi Belgesi ile \u00fcretim odakl\u0131...","protected":false},"author":1,"featured_media":0,"parent":0,"menu_order":0,"comment_status":"closed","ping_status":"closed","template":"","meta":{"footnotes":""},"_links":{"self":[{"href":"https:\/\/soleilsky.com.tr\/shop\/wp-json\/wp\/v2\/pages\/2494"}],"collection":[{"href":"https:\/\/soleilsky.com.tr\/shop\/wp-json\/wp\/v2\/pages"}],"about":[{"href":"https:\/\/soleilsky.com.tr\/shop\/wp-json\/wp\/v2\/types\/page"}],"author":[{"embeddable":true,"href":"https:\/\/soleilsky.com.tr\/shop\/wp-json\/wp\/v2\/users\/1"}],"replies":[{"embeddable":true,"href":"https:\/\/soleilsky.com.tr\/shop\/wp-json\/wp\/v2\/comments?post=2494"}],"version-history":[{"count":7,"href":"https:\/\/soleilsky.com.tr\/shop\/wp-json\/wp\/v2\/pages\/2494\/revisions"}],"predecessor-version":[{"id":9513,"href":"https:\/\/soleilsky.com.tr\/shop\/wp-json\/wp\/v2\/pages\/2494\/revisions\/9513"}],"wp:attachment":[{"href":"https:\/\/soleilsky.com.tr\/shop\/wp-json\/wp\/v2\/media?parent=2494"}],"curies":[{"name":"wp","href":"https:\/\/api.w.org\/{rel}","templated":true}]}}