{"id":5245,"date":"2020-10-04T12:12:36","date_gmt":"2020-10-04T12:12:36","guid":{"rendered":"https:\/\/soleilsky.com.tr\/shop\/?page_id=5245"},"modified":"2020-11-20T09:49:59","modified_gmt":"2020-11-20T09:49:59","slug":"uye-sozlesmesi","status":"publish","type":"page","link":"https:\/\/soleilsky.com.tr\/shop\/uye-sozlesmesi\/","title":{"rendered":"\u00dcye S\u00f6zle\u015fmesi"},"content":{"rendered":"\n<p><strong>1. Taraflar<\/strong><br><br><strong>a)<\/strong>&nbsp;www.soleilsky.com internet sitesinin faaliyetlerini y\u00fcr\u00fcten Konak Mah. Bilgi\u00e7 Sk. No:7\/B&nbsp; P.K.: 16265 \/ N\u0130L\u00dcFER \/ BURSA\/ T\u00dcRK\u0130YE adresinde mukim &#8220;<strong>Zafer G\u00fcder Reklamc\u0131l\u0131k radyo TV Havac\u0131l\u0131k San Tic Ltd \u015eti&#8221; <\/strong>(Bundan b\u00f6yle &#8220;SATICI&#8221; olarak an\u0131lacakt\u0131r).<br><br><strong>b)<\/strong>&nbsp;www.soleilsky.com&nbsp;internet sitesine \u00fcye olan internet kullan\u0131c\u0131s\u0131 bundan b\u00f6yle (&#8220;\u00dcYE&#8221;) olarak an\u0131lacakt\u0131r.<br><br><strong>2. S\u00f6zle\u015fmenin Konusu<\/strong><br><br>\u0130\u015fbu S\u00f6zle\u015fme&#8217;nin konusu SATICI&#8217;n\u0131n sahip oldu\u011fu internet sitesi www.soleilsky.com &#8216;dan \u00dcYE&#8217;nin faydalanma \u015fartlar\u0131n\u0131n belirlenmesidir.<br><br><strong>3. Taraflar\u0131n Hak ve Y\u00fck\u00fcml\u00fcl\u00fckleri<\/strong><br><br><strong>3.1.<\/strong>&nbsp;\u00dcYE, www.soleilsky.com internet sitesine \u00fcye olurken verdi\u011fi ki\u015fisel ve di\u011fer sair bilgilerin kanunlar \u00f6n\u00fcnde do\u011fru oldu\u011funu, SATICI&#8217;n\u0131n bu bilgilerin ger\u00e7e\u011fe ayk\u0131r\u0131l\u0131\u011f\u0131 nedeniyle u\u011frayaca\u011f\u0131 t\u00fcm zararlar\u0131 aynen ve derhal tazmin edece\u011fini beyan ve taahh\u00fct eder.<br><br><strong>3.2.<\/strong>&nbsp;\u00dcYE, SATICI taraf\u0131ndan kendisine verilmi\u015f olan \u015fifreyi ba\u015fka ki\u015fi ya da kurulu\u015flara veremez, \u00dcYE&#8217;nin s\u00f6zkonusu \u015fifreyi kullanma hakk\u0131 bizzat kendisine aittir. Bu sebeple do\u011fabilecek t\u00fcm sorumluluk ile \u00fc\u00e7\u00fcnc\u00fc ki\u015filer veya yetkili merciler taraf\u0131ndan SATICI&#8217;ya kar\u015f\u0131 ileri s\u00fcr\u00fclebilecek t\u00fcm iddia ve taleplere kar\u015f\u0131, SATICI&#8217;n\u0131n s\u00f6zkonusu izinsiz kullan\u0131mdan kaynaklanan her t\u00fcrl\u00fc tazminat ve sair talep hakk\u0131 sakl\u0131d\u0131r.<br><br><strong>3.3.<\/strong>&nbsp;\u00dcYE, www.soleilsky.com internet sitesini kullan\u0131rken yasal mevzuat h\u00fck\u00fcmlerine riayet etmeyi ve bunlar\u0131 ihlal etmemeyi ba\u015ftan kabul ve taahh\u00fct eder. Aksi takdirde, do\u011facak t\u00fcm hukuki ve cezai y\u00fck\u00fcml\u00fcl\u00fckler tamamen ve m\u00fcnhas\u0131ran \u00dcYE&#8217;yi ba\u011flayacakt\u0131r.<br><br><strong>3.4.<\/strong>&nbsp;\u00dcYE, www.soleilsky.com internet sitesini hi\u00e7 bir \u015fekilde kamu d\u00fczenini bozucu, genel ahlaka ayk\u0131r\u0131, ba\u015fkalar\u0131n\u0131 rahats\u0131z ve taciz edici \u015fekilde, yasalara ayk\u0131r\u0131 bir ama\u00e7 i\u00e7in, ba\u015fkalar\u0131n\u0131n fikri ve telif haklar\u0131na tecav\u00fcz edecek \u015fekilde kullanamaz. Ayr\u0131ca \u00dcYE, ba\u015fkalar\u0131n\u0131n hizmetleri kullanmas\u0131n\u0131 \u00f6nleyici veya zorla\u015ft\u0131r\u0131c\u0131 faaliyet (spam, virus, truva at\u0131, vb.) ve i\u015flemlerde bulunamaz.<br><br><strong>3.5.<\/strong>&nbsp;www.soleilsky.com internet sitesinde \u00fcyeler taraf\u0131ndan beyan edilen, yaz\u0131lan, kullan\u0131lan fikir ve d\u00fc\u015f\u00fcnceler, tamamen \u00fcyelerin kendi ki\u015fisel g\u00f6r\u00fc\u015fleridir ve g\u00f6r\u00fc\u015f sahibini ba\u011flar. Bu g\u00f6r\u00fc\u015f ve d\u00fc\u015f\u00fcncelerin SATICI&#8217;yla hi\u00e7bir ilgi ve ba\u011flant\u0131s\u0131 yoktur. SATICI&#8217;n\u0131n, \u00dcYE&#8217;nin beyan edece\u011fi fikir ve g\u00f6r\u00fc\u015fler nedeniyle \u00fc\u00e7\u00fcnc\u00fc ki\u015filerin u\u011frayabilece\u011fi zararlardan ve \u00fc\u00e7\u00fcnc\u00fc ki\u015filerin beyan edece\u011fi fikir ve g\u00f6r\u00fc\u015fler nedeniyle \u00dcYE&#8217;nin u\u011frayabilece\u011fi zararlardan dolay\u0131 herhangi bir sorumlulu\u011fu bulunmamaktad\u0131r.<br><br><strong>3.6.<\/strong>&nbsp;SATICI, \u00dcYE verilerinin yetkisiz ki\u015filerce okunmas\u0131ndan ve \u00dcYE yaz\u0131l\u0131m ve verilerine gelebilecek zararlardan dolay\u0131 sorumlu olmayacakt\u0131r. \u00dcYE, www.soleilsky.com internet sitesinin kullan\u0131lmas\u0131ndan dolay\u0131 u\u011frayabilece\u011fi herhangi bir zarar y\u00fcz\u00fcnden SATICI&#8217;dan tazminat talep etmemeyi pe\u015finen kabul etmi\u015ftir.<br><br><strong>3.7.<\/strong>&nbsp;\u00dcYE, di\u011fer internet kullan\u0131c\u0131lar\u0131n\u0131n yaz\u0131l\u0131mlar\u0131na ve verilerine izinsiz olarak ula\u015fmamay\u0131 veya bunlar\u0131 kullanmamay\u0131 kabul etmi\u015ftir. Aksi takdirde, bundan do\u011facak hukuki ve cezai sorumluluklar tamamen \u00dcYE&#8217;ye aittir.<br><br><strong>3.8.<\/strong>&nbsp;\u0130\u015fbu \u00fcyelik s\u00f6zle\u015fmesi i\u00e7erisinde say\u0131lan maddelerden bir ya da birka\u00e7\u0131n\u0131 ihlal eden \u00dcYE, i\u015fbu ihlal nedeniyle cezai ve hukuki olarak \u015fahsen sorumlu olup, SATICI&#8217;y\u0131 bu ihlallerin hukuki ve cezai sonu\u00e7lar\u0131ndan ari tutacakt\u0131r. Ayr\u0131ca; i\u015fbu ihlal nedeniyle, olay\u0131n hukuk alan\u0131na intikal ettirilmesi halinde, SATICI&#8217;n\u0131n \u00dcYE&#8217;ye kar\u015f\u0131 \u00fcyelik s\u00f6zle\u015fmesine uyulmamas\u0131ndan dolay\u0131 tazminat talebinde bulunma hakk\u0131 sakl\u0131d\u0131r.<br><br><strong>3.9.<\/strong>&nbsp;SATICI&#8217;n\u0131n her zaman tek tarafl\u0131 olarak gerekti\u011finde \u00dcYE&#8217;nin \u00fcyeli\u011fini silme, m\u00fc\u015fteriye ait dosya, belge ve bilgileri silme hakk\u0131 vard\u0131r. \u00dcYE i\u015fbu tasarrufu \u00f6nceden kabul eder. Bu durumda, SATICI&#8217;n\u0131n hi\u00e7bir sorumlulu\u011fu yoktur.<br><br><strong>3.10.<\/strong>&nbsp;www.soleilsky.com internet sitesi yaz\u0131l\u0131m ve tasar\u0131m\u0131 SATICI m\u00fclkiyetinde olup, bunlara ili\u015fkin telif hakk\u0131 ve\/veya di\u011fer fikri m\u00fclkiyet haklar\u0131 ilgili kanunlarca korunmakta olup, bunlar \u00dcYE taraf\u0131ndan izinsiz kullan\u0131lamaz, iktisap edilemez ve de\u011fi\u015ftirilemez. Bu web sitesinde ad\u0131 ge\u00e7en ba\u015fkaca \u015firketler ve \u00fcr\u00fcnleri sahiplerinin ticari markalar\u0131d\u0131r ve ayr\u0131ca fikri m\u00fclkiyet haklar\u0131 kapsam\u0131nda korunmaktad\u0131r.<br><br><strong>3.11.<\/strong>&nbsp;SATICI taraf\u0131ndan www.soleilsky.com internet sitesinin iyile\u015ftirilmesi, geli\u015ftirilmesine y\u00f6nelik olarak ve\/veya yasal mevzuat \u00e7er\u00e7evesinde siteye eri\u015fmek i\u00e7in kullan\u0131lan \u0130nternet servis sa\u011flay\u0131c\u0131s\u0131n\u0131n ad\u0131 ve Internet Protokol (IP) adresi, Siteye eri\u015filen tarih ve saat, sitede bulunulan s\u0131rada eri\u015filen sayfalar ve siteye do\u011frudan ba\u011flan\u0131lmas\u0131n\u0131 sa\u011flayan Web sitesinin Internet adresi gibi birtak\u0131m bilgiler toplanabilir.<br><br><strong>3.12.<\/strong>&nbsp;SATICI kullan\u0131c\u0131lar\u0131na daha iyi hizmet sunmak, \u00fcr\u00fcnlerini ve hizmetlerini iyile\u015ftirmek, sitenin kullan\u0131m\u0131n\u0131 kolayla\u015ft\u0131rmak i\u00e7in kullan\u0131m\u0131n\u0131 kullan\u0131c\u0131lar\u0131n\u0131n \u00f6zel tercihlerine ve ilgi alanlar\u0131na y\u00f6nelik \u00e7al\u0131\u015fmalarda \u00fcyelerin ki\u015fisel bilgilerini kullanabilir. SATICI, \u00dcYE&#8217;nin www.soleilsky.com internet sitesi \u00fczerinde yapt\u0131\u011f\u0131 hareketlerin kayd\u0131n\u0131 bulundurma hakk\u0131n\u0131 sakl\u0131 tutar.<br><br><strong>3.13.<\/strong>&nbsp;SATICI&#8217;ya \u00fcye olan ki\u015fi, y\u00fcr\u00fcrl\u00fckte bulunan ve\/veya y\u00fcr\u00fcrl\u00fc\u011fe al\u0131nacak uygulamalar kapsam\u0131nda SATICI taraf\u0131ndan kendisine \u00fcr\u00fcn ve hizmet tan\u0131t\u0131mlar\u0131, reklamlar, kampanyalar, avantajlar, anketler ve di\u011fer m\u00fc\u015fteri memnuniyeti uygulamalar\u0131 sunulmas\u0131na izin verdi\u011fini beyan ve kabul eder. \u00dcYE, SATICI&#8217;ya \u00fcye olurken ve\/veya ba\u015fka yollarla ge\u00e7mi\u015fte vermi\u015f oldu\u011fu ve\/veya gelecekte verece\u011fi ki\u015fisel ve al\u0131\u015fveri\u015f bilgilerinin ve al\u0131\u015fveri\u015f ve\/veya t\u00fcketici davran\u0131\u015f bilgilerinin yukar\u0131daki ama\u00e7larla toplanmas\u0131na,&nbsp;payla\u015f\u0131lmas\u0131na, SATICI&nbsp;taraf\u0131ndan kullan\u0131lmas\u0131na ve ar\u015fivlenmesine izin verdi\u011fini beyan ve kabul eder. \u00dcYE aksini bildirmedi\u011fi s\u00fcrece \u00fcyeli\u011fi sona erdi\u011finde de verilerin toplanmas\u0131na, payla\u015f\u0131lmas\u0131na, SATICI&nbsp;taraf\u0131ndan kullan\u0131lmas\u0131na ve ar\u015fivlenmesine izin verdi\u011fini beyan ve kabul eder. \u00dcYE aksini bildirmedi\u011fi s\u00fcrece SATICI&#8217;n\u0131n kendisi ile internet, telefon, SMS, vb ileti\u015fim kanallar\u0131 kullanarak irtibata ge\u00e7mesine izin verdi\u011fini beyan ve kabul eder. \u00dcYE yukar\u0131da bahsi ge\u00e7en bilgilerin toplanmas\u0131, payla\u015f\u0131lmas\u0131, kullan\u0131lmas\u0131, ar\u015fivlenmesi ve kendisine eri\u015filmesi nedeniyle do\u011frudan ve\/veya dolayl\u0131 maddi ve\/veya manevi menfi ve\/veya m\u00fcsbet, velhas\u0131l herhangi bir zarara u\u011frad\u0131\u011f\u0131 konusunda talepte bulunmayaca\u011f\u0131n\u0131 ve SATICI&#8217;y\u0131 sorumlu tutmayaca\u011f\u0131n\u0131 beyan ve kabul eder. \u00dcYE veri payla\u015f\u0131m tercihlerini de\u011fi\u015ftirmek isterse, bu talebini SATICI&#8217;n\u0131n m\u00fc\u015fteri hizmetleri \u00e7a\u011fr\u0131 merkezlerine iletebilir.<br><br><strong>3.14.<\/strong>&nbsp;SATICI, \u00dcYE&#8217;nin ki\u015fisel bilgilerini yasal bir zorunluluk olarak istendi\u011finde veya (a) yasal gereklere uygun hareket etmek veya SATICI&#8217;ya tebli\u011f edilen yasal i\u015flemlere uymak; (b) SATICI ve SATICI web sitesi ailesinin haklar\u0131n\u0131 ve m\u00fclkiyetini korumak ve savunmak i\u00e7in gerekli oldu\u011funa iyi niyetle kanaat getirdi\u011fi hallerde a\u00e7\u0131klayabilir.<br><br><strong>3.15.<\/strong>&nbsp;SATICI web sitesinin virus ve benzeri ama\u00e7l\u0131 yaz\u0131l\u0131mlardan ar\u0131nd\u0131r\u0131lm\u0131\u015f olmas\u0131 i\u00e7in mevcut imkanlar dahilinde tedbir al\u0131nm\u0131\u015ft\u0131r. Bunun yan\u0131nda nihai g\u00fcvenli\u011fin sa\u011flanmas\u0131 i\u00e7in kullan\u0131c\u0131n\u0131n, kendi virus koruma sistemini tedarik etmesi ve gerekli korunmay\u0131 sa\u011flamas\u0131 gerekmektedir. Bu ba\u011flamda \u00dcYE, SATICI web sitesi&#8217;ne girmesiyle, kendi yaz\u0131l\u0131m ve i\u015fletim sistemlerinde olu\u015fabilecek t\u00fcm hata ve bunlar\u0131n do\u011frudan ya da dolayl\u0131 sonu\u00e7lar\u0131ndan kendisinin sorumlu oldu\u011funu kabul etmi\u015f say\u0131l\u0131r.<br><br><strong>3.16.<\/strong>&nbsp;SATICI, sitenin i\u00e7eri\u011fini diledi\u011fi zaman de\u011fi\u015ftirme, kullan\u0131c\u0131lara sa\u011flanan herhangi bir hizmeti de\u011fi\u015ftirme ya da sona erdirme veya SATICI web sitesi&#8217;nde kay\u0131tl\u0131 kullan\u0131c\u0131 bilgi ve verilerini silme hakk\u0131n\u0131 sakl\u0131 tutar.<br><br><strong>3.17.<\/strong>&nbsp;SATICI, \u00fcyelik s\u00f6zle\u015fmesinin ko\u015fullar\u0131n\u0131 hi\u00e7bir \u015fekil ve surette \u00f6n ihbara ve\/veya ihtara gerek kalmaks\u0131z\u0131n her zaman de\u011fi\u015ftirebilir, g\u00fcncelleyebilir veya iptal edebilir. De\u011fi\u015ftirilen, g\u00fcncellenen yada y\u00fcr\u00fcrl\u00fckten kald\u0131r\u0131lan her h\u00fck\u00fcm, yay\u0131n tarihinde t\u00fcm \u00fcyeler bak\u0131m\u0131ndan h\u00fck\u00fcm ifade edecektir.<br><br><strong>3.18.<\/strong>&nbsp;Taraflar, SATICI&#8217;ya ait t\u00fcm bilgisayar kay\u0131tlar\u0131n\u0131n tek ve ger\u00e7ek m\u00fcnhas\u0131r delil olarak, HUMK madde 287&#8217;ye uygun \u015fekilde esas al\u0131naca\u011f\u0131n\u0131 ve s\u00f6z konusu kay\u0131tlar\u0131n bir delil s\u00f6zle\u015fmesi te\u015fkil etti\u011fi hususunu kabul ve beyan eder.<br><br><strong>3.19.<\/strong>&nbsp;SATICI, i\u015f bu \u00fcyelik s\u00f6zle\u015fmesi uyar\u0131nca, \u00fcyelerinin kendisinde kay\u0131tl\u0131 elektronik posta adreslerine bilgilendirme mailleri ve cep telefonlar\u0131na bilgilendirme SMS&#8217;leri g\u00f6nderme yetkisine sahip olmakla beraber, \u00dcYE i\u015fbu \u00fcyelik s\u00f6zle\u015fmesini onaylamas\u0131yla beraber bilgilendirme maillerinin elektronik posta adresine ve bilgilendirme SMS&#8217;lerinin cep telefonuna g\u00f6nderilmesini kabul etmi\u015f say\u0131lacakt\u0131r.&nbsp;<br><br><strong>4. S\u00f6zle\u015fmenin Feshi<\/strong><br><br>\u0130\u015fbu s\u00f6zle\u015fme \u00dcYE&#8217;nin \u00fcyeli\u011fini iptal etmesi veya SATICI taraf\u0131ndan \u00fcyeli\u011finin iptal edilmesine kadar y\u00fcr\u00fcrl\u00fckte kalacakt\u0131r. SATICI, \u00dcYE&#8217;nin \u00fcyelik s\u00f6zle\u015fmesinin herhangi bir h\u00fckm\u00fcn\u00fc ihlal etmesi durumunda \u00dcYE&#8217;nin \u00fcyeli\u011fini iptal ederek s\u00f6zle\u015fmeyi tek tarafl\u0131 olarak feshedebilecektir.<br><br><strong>5. \u0130htilaflerin Halli<\/strong><br><br>\u0130\u015fbu s\u00f6zle\u015fmeye ili\u015fkin ihtilaflerde BURSA T\u00fcketici Mahkemeleri ve \u0130cra Daireleri yetkilidir.<br><br><strong>6. Y\u00fcr\u00fcrl\u00fck<\/strong><br><br>\u00dcYE&#8217;nin, \u00fcyelik kayd\u0131 yapmas\u0131 \u00dcYE&#8217;nin \u00fcyelik s\u00f6zle\u015fmesinde yer alan t\u00fcm maddeleri okudu\u011fu ve \u00fcyelik s\u00f6zle\u015fmesinde yer alan maddeleri kabul etti\u011fi anlam\u0131na gelir. \u0130\u015fbu S\u00f6zle\u015fme \u00dcYE&#8217;nin \u00fcye olmas\u0131 an\u0131nda akdedilmi\u015f ve kar\u015f\u0131l\u0131kl\u0131 olarak y\u00fcr\u00fcrl\u00fcl\u00fc\u011fe girmi\u015ftir.<\/p>\n","protected":false},"excerpt":{"rendered":"<p>1. Taraflar a)&nbsp;www.soleilsky.com internet sitesinin faaliyetlerini y\u00fcr\u00fcten Konak Mah. Bilgi\u00e7 Sk. No:7\/B&nbsp; P.K.: 16265 \/ N\u0130L\u00dcFER \/ BURSA\/ T\u00dcRK\u0130YE adresinde mukim &#8220;Zafer G\u00fcder Reklamc\u0131l\u0131k radyo TV Havac\u0131l\u0131k San Tic Ltd \u015eti&#8221; (Bundan b\u00f6yle &#8220;SATICI&#8221; olarak an\u0131lacakt\u0131r). b)&nbsp;www.soleilsky.com&nbsp;internet sitesine \u00fcye olan internet kullan\u0131c\u0131s\u0131 bundan b\u00f6yle (&#8220;\u00dcYE&#8221;) olarak an\u0131lacakt\u0131r. 2. S\u00f6zle\u015fmenin Konusu \u0130\u015fbu S\u00f6zle\u015fme&#8217;nin konusu SATICI&#8217;n\u0131n sahip&#8230;<\/p>\n","protected":false},"author":1,"featured_media":0,"parent":0,"menu_order":0,"comment_status":"closed","ping_status":"closed","template":"","meta":{"footnotes":""},"_links":{"self":[{"href":"https:\/\/soleilsky.com.tr\/shop\/wp-json\/wp\/v2\/pages\/5245"}],"collection":[{"href":"https:\/\/soleilsky.com.tr\/shop\/wp-json\/wp\/v2\/pages"}],"about":[{"href":"https:\/\/soleilsky.com.tr\/shop\/wp-json\/wp\/v2\/types\/page"}],"author":[{"embeddable":true,"href":"https:\/\/soleilsky.com.tr\/shop\/wp-json\/wp\/v2\/users\/1"}],"replies":[{"embeddable":true,"href":"https:\/\/soleilsky.com.tr\/shop\/wp-json\/wp\/v2\/comments?post=5245"}],"version-history":[{"count":2,"href":"https:\/\/soleilsky.com.tr\/shop\/wp-json\/wp\/v2\/pages\/5245\/revisions"}],"predecessor-version":[{"id":5661,"href":"https:\/\/soleilsky.com.tr\/shop\/wp-json\/wp\/v2\/pages\/5245\/revisions\/5661"}],"wp:attachment":[{"href":"https:\/\/soleilsky.com.tr\/shop\/wp-json\/wp\/v2\/media?parent=5245"}],"curies":[{"name":"wp","href":"https:\/\/api.w.org\/{rel}","templated":true}]}}