{"id":5249,"date":"2020-10-04T12:13:37","date_gmt":"2020-10-04T12:13:37","guid":{"rendered":"https:\/\/soleilsky.com.tr\/shop\/?page_id=5249"},"modified":"2020-11-20T09:40:04","modified_gmt":"2020-11-20T09:40:04","slug":"odeme-ve-teslimat","status":"publish","type":"page","link":"https:\/\/soleilsky.com.tr\/shop\/odeme-ve-teslimat\/","title":{"rendered":"\u00d6deme ve Teslimat"},"content":{"rendered":"\n<p><strong>1 &#8211;&nbsp;Banka Havalesi veya EFT (Elektronik Fon Transferi)<\/strong><\/p>\n\n\n\n<p><strong>TEB ( T\u00dcRK EKONOM\u0130 BANKASI)&nbsp;<\/strong><\/p>\n\n\n\n<p><strong>Hesap Ad\u0131 :<\/strong>&nbsp;ZAFER G\u00dcDER REKLAMCILIK RADYO TELEV\u0130ZYON VE HAVACILIK T\u0130CARET L\u0130M\u0130TED&nbsp;<\/p>\n\n\n\n<p><strong>\u015eube :<\/strong>&nbsp;BE\u015eEVLER SANAY\u0130&nbsp;\/ BURSA<\/p>\n\n\n\n<p><strong>\u015eube Kodu :&nbsp;<\/strong>120<\/p>\n\n\n\n<p><strong>IBAN :&nbsp;<\/strong>TR62 0003 2000 0000 0077 8243 30<\/p>\n\n\n\n<p><strong>VAKIFBANK&nbsp;&nbsp;<\/strong><\/p>\n\n\n\n<p><strong>Hesap Ad\u0131 :<\/strong>&nbsp;ZAFER G\u00dcDER REKLAMCILIK RADYO TELEV\u0130ZYON VE HAVACILIK T\u0130CARET L\u0130M\u0130TED \u015e\u0130RKET\u0130<\/p>\n\n\n\n<p><strong>\u015eube :<\/strong>&nbsp;BURSA \u015eUBES\u0130&nbsp; \/ BURSA<\/p>\n\n\n\n<p><strong>\u015eube Kodu :&nbsp;<\/strong>0009<\/p>\n\n\n\n<p><strong>IBAN :&nbsp;<\/strong>TR31&nbsp;0001 5001 5800 7309 9466 41<\/p>\n\n\n\n<p><strong>KUVEYT T\u00dcRK&nbsp; &nbsp;<\/strong><\/p>\n\n\n\n<p><strong>Hesap Ad\u0131 :<\/strong>&nbsp;ZAFER G\u00dcDER REKLAMCILIK RADYO TELEV\u0130ZYON VE HAVACILIK T\u0130CARET L\u0130M\u0130TED \u015e\u0130RKET\u0130<\/p>\n\n\n\n<p><strong>\u015eube :<\/strong>&nbsp;N\u0130L\u00dcFER \u015eUBES\u0130&nbsp; \/ BURSA<\/p>\n\n\n\n<p><strong>\u015eube Kodu :&nbsp;<\/strong>236<\/p>\n\n\n\n<p><strong>IBAN :&nbsp;<\/strong>TR44 0020 5000 0962 0476 3000 01<\/p>\n\n\n\n<p><br><br><strong>2 &#8211;&nbsp;Sitemiz \u00dczerinden Kredi Kart\u0131 \u00c7ekimi<\/strong><br><br>Her t\u00fcrl\u00fc kredi kart\u0131n\u0131za online tek \u00f6deme yada&nbsp;2-12 ay aras\u0131 taksit imkanlar\u0131m\u0131zdan yararlanabilirsiniz. Online \u00f6demelerinizde sipari\u015f sonunda kredi kart\u0131n\u0131zdan tutar, hemen \u00e7ekilecektir.<br><br><br><strong>3 &#8211;&nbsp;Firmam\u0131zda Kredi Kart\u0131 \u00c7ekimi<\/strong><br><br>Firmam\u0131za gelerek kredi kart\u0131 P.O.S. cihazlar\u0131m\u0131zdan tek slip veya 2-12 ay aras\u0131 taksit se\u00e7eneklerini kullanarak \u00f6deme yapabilirsiniz. (WORLD ve BONUS s\u0131n\u0131f\u0131ndaki kartlar)&nbsp;<br><br><strong>TESL\u0130MAT<\/strong><br><br>Talepleriniz sipari\u015f sonunda belirlemi\u015f oldu\u011funuz teslimat tipine g\u00f6re haz\u0131rlanmak \u00fczere i\u015fleme al\u0131nacakt\u0131r.<br><br>Firmam\u0131zdan \u00fcr\u00fcnleri kendiniz teslim&nbsp;alabilece\u011finiz gibi,&nbsp;duruma&nbsp;g\u00f6re adrese teslim hizmetimizden de yararlanabilir&nbsp;veya kargo firmalar\u0131yla g\u00f6nderim yap\u0131lmas\u0131n\u0131 talep edebilirsiniz.<br><br>Sipari\u015fleriniz, onayland\u0131ktan sonra en ge\u00e7 3 (\u00fc\u00e7) i\u015f g\u00fcn\u00fc sonunda Kargo firmas\u0131na teslim edilecektir.<\/p>\n","protected":false},"excerpt":{"rendered":"<p>1 &#8211;&nbsp;Banka Havalesi veya EFT (Elektronik Fon Transferi) TEB ( T\u00dcRK EKONOM\u0130 BANKASI)&nbsp; Hesap Ad\u0131 :&nbsp;ZAFER G\u00dcDER REKLAMCILIK RADYO TELEV\u0130ZYON VE HAVACILIK T\u0130CARET L\u0130M\u0130TED&nbsp; \u015eube :&nbsp;BE\u015eEVLER SANAY\u0130&nbsp;\/ BURSA \u015eube Kodu :&nbsp;120 IBAN :&nbsp;TR62 0003 2000 0000 0077 8243 30 VAKIFBANK&nbsp;&nbsp; Hesap Ad\u0131 :&nbsp;ZAFER G\u00dcDER REKLAMCILIK RADYO TELEV\u0130ZYON VE HAVACILIK T\u0130CARET L\u0130M\u0130TED \u015e\u0130RKET\u0130 \u015eube :&nbsp;BURSA \u015eUBES\u0130&nbsp;&#8230;<\/p>\n","protected":false},"author":1,"featured_media":0,"parent":0,"menu_order":0,"comment_status":"closed","ping_status":"closed","template":"","meta":{"footnotes":""},"_links":{"self":[{"href":"https:\/\/soleilsky.com.tr\/shop\/wp-json\/wp\/v2\/pages\/5249"}],"collection":[{"href":"https:\/\/soleilsky.com.tr\/shop\/wp-json\/wp\/v2\/pages"}],"about":[{"href":"https:\/\/soleilsky.com.tr\/shop\/wp-json\/wp\/v2\/types\/page"}],"author":[{"embeddable":true,"href":"https:\/\/soleilsky.com.tr\/shop\/wp-json\/wp\/v2\/users\/1"}],"replies":[{"embeddable":true,"href":"https:\/\/soleilsky.com.tr\/shop\/wp-json\/wp\/v2\/comments?post=5249"}],"version-history":[{"count":2,"href":"https:\/\/soleilsky.com.tr\/shop\/wp-json\/wp\/v2\/pages\/5249\/revisions"}],"predecessor-version":[{"id":5659,"href":"https:\/\/soleilsky.com.tr\/shop\/wp-json\/wp\/v2\/pages\/5249\/revisions\/5659"}],"wp:attachment":[{"href":"https:\/\/soleilsky.com.tr\/shop\/wp-json\/wp\/v2\/media?parent=5249"}],"curies":[{"name":"wp","href":"https:\/\/api.w.org\/{rel}","templated":true}]}}