{"id":10043,"date":"2023-07-12T15:50:23","date_gmt":"2023-07-12T15:50:23","guid":{"rendered":"https:\/\/soleilsky.com.tr\/shop\/?post_type=product&#038;p=10043"},"modified":"2023-07-12T15:56:16","modified_gmt":"2023-07-12T15:56:16","slug":"dji-mavic-2-enterprise-drone-arac-sarj-cihazi","status":"publish","type":"product","link":"https:\/\/soleilsky.com.tr\/shop\/urun\/dji-mavic-2-enterprise-drone-arac-sarj-cihazi\/","title":{"rendered":"DJI MAVIC 2 ENTERPRISE DRONE ARA\u00c7 \u015eARJ C\u0130HAZI"},"content":{"rendered":"<p>DJI MAVIC 2 ENTERPRISE DRONE ARA\u00c7 \u015eARJ C\u0130HAZI<\/p>\n","protected":false},"excerpt":{"rendered":"<p>DJI MAVIC 2 ENTERPRISE DRONE ARA\u00c7 \u015eARJ C\u0130HAZI<\/p>\n","protected":false},"featured_media":10045,"comment_status":"open","ping_status":"closed","template":"","meta":[],"product_cat":[681],"product_tag":[],"_links":{"self":[{"href":"https:\/\/soleilsky.com.tr\/shop\/wp-json\/wp\/v2\/product\/10043"}],"collection":[{"href":"https:\/\/soleilsky.com.tr\/shop\/wp-json\/wp\/v2\/product"}],"about":[{"href":"https:\/\/soleilsky.com.tr\/shop\/wp-json\/wp\/v2\/types\/product"}],"replies":[{"embeddable":true,"href":"https:\/\/soleilsky.com.tr\/shop\/wp-json\/wp\/v2\/comments?post=10043"}],"wp:featuredmedia":[{"embeddable":true,"href":"https:\/\/soleilsky.com.tr\/shop\/wp-json\/wp\/v2\/media\/10045"}],"wp:attachment":[{"href":"https:\/\/soleilsky.com.tr\/shop\/wp-json\/wp\/v2\/media?parent=10043"}],"wp:term":[{"taxonomy":"product_cat","embeddable":true,"href":"https:\/\/soleilsky.com.tr\/shop\/wp-json\/wp\/v2\/product_cat?post=10043"},{"taxonomy":"product_tag","embeddable":true,"href":"https:\/\/soleilsky.com.tr\/shop\/wp-json\/wp\/v2\/product_tag?post=10043"}],"curies":[{"name":"wp","href":"https:\/\/api.w.org\/{rel}","templated":true}]}}