{"id":10074,"date":"2024-06-29T10:02:02","date_gmt":"2024-06-29T10:02:02","guid":{"rendered":"https:\/\/soleilsky.com.tr\/shop\/?post_type=product&#038;p=10074"},"modified":"2024-07-08T13:20:33","modified_gmt":"2024-07-08T13:20:33","slug":"hercules-20","status":"publish","type":"product","link":"https:\/\/soleilsky.com.tr\/shop\/urun\/hercules-20\/","title":{"rendered":"HERCULES 20"},"content":{"rendered":"<p><strong>Y\u00dcKSEK TA\u015eIMA KAPAS\u0130TES\u0130<\/strong><\/p>\n<p>15kg&#8217;a (33 lbs) kadar her t\u00fcrl\u00fc oyun y\u00fck\u00fcn\u00fc kald\u0131r\u0131n.<\/p>\n<p><strong>SA\u011eLAM<\/strong><\/p>\n<p>Son derece dayan\u0131kl\u0131d\u0131r, uzun \u00f6m\u00fcrl\u00fcd\u00fcr.<\/p>\n<p><strong>DAHA UZUN U\u00c7U\u015e S\u00dcRES\u0130<\/strong><\/p>\n<p>40 dakikaya kadar.<\/p>\n","protected":false},"excerpt":{"rendered":"<p>Y\u00dcKSEK TA\u015eIMA KAPAS\u0130TES\u0130 15kg&#8217;a (33 lbs) kadar her t\u00fcrl\u00fc oyun y\u00fck\u00fcn\u00fc kald\u0131r\u0131n. SA\u011eLAM Son derece dayan\u0131kl\u0131d\u0131r, uzun \u00f6m\u00fcrl\u00fcd\u00fcr. DAHA UZUN U\u00c7U\u015e S\u00dcRES\u0130 40 dakikaya kadar.<\/p>\n","protected":false},"featured_media":10075,"comment_status":"open","ping_status":"closed","template":"","meta":[],"product_cat":[681,723,304,256],"product_tag":[],"_links":{"self":[{"href":"https:\/\/soleilsky.com.tr\/shop\/wp-json\/wp\/v2\/product\/10074"}],"collection":[{"href":"https:\/\/soleilsky.com.tr\/shop\/wp-json\/wp\/v2\/product"}],"about":[{"href":"https:\/\/soleilsky.com.tr\/shop\/wp-json\/wp\/v2\/types\/product"}],"replies":[{"embeddable":true,"href":"https:\/\/soleilsky.com.tr\/shop\/wp-json\/wp\/v2\/comments?post=10074"}],"wp:featuredmedia":[{"embeddable":true,"href":"https:\/\/soleilsky.com.tr\/shop\/wp-json\/wp\/v2\/media\/10075"}],"wp:attachment":[{"href":"https:\/\/soleilsky.com.tr\/shop\/wp-json\/wp\/v2\/media?parent=10074"}],"wp:term":[{"taxonomy":"product_cat","embeddable":true,"href":"https:\/\/soleilsky.com.tr\/shop\/wp-json\/wp\/v2\/product_cat?post=10074"},{"taxonomy":"product_tag","embeddable":true,"href":"https:\/\/soleilsky.com.tr\/shop\/wp-json\/wp\/v2\/product_tag?post=10074"}],"curies":[{"name":"wp","href":"https:\/\/api.w.org\/{rel}","templated":true}]}}