{"id":10079,"date":"2024-06-26T10:30:16","date_gmt":"2024-06-26T10:30:16","guid":{"rendered":"https:\/\/soleilsky.com.tr\/shop\/?post_type=product&#038;p=10079"},"modified":"2024-07-08T13:20:47","modified_gmt":"2024-07-08T13:20:47","slug":"hercules-20-sprey","status":"publish","type":"product","link":"https:\/\/soleilsky.com.tr\/shop\/urun\/hercules-20-sprey\/","title":{"rendered":"HERCULES 20 SPREY"},"content":{"rendered":"<p>PROFESYONEL \u0130HA\u2019LAR HERCULES 20 \u0130\u00c7\u0130N TANKLI P\u00dcSK\u00dcRTME S\u0130STEM\u0130.<br \/>\nE\u011e\u0130ML\u0130 TARIM ARAZ\u0130LER\u0130NE G\u00dcVENLE P\u00dcSK\u00dcRT\u00dcN.<br \/>\n4 nozul<br \/>\nP\u00fcsk\u00fcrt\u00fclen ak\u0131\u015f\u0131n hassas kontrol\u00fc<br \/>\nBir Uygulama arac\u0131l\u0131\u011f\u0131yla ayarlanabilir damlac\u0131k boyutu ve miktar\u0131<br \/>\n12L (3,17 gal) tank<br \/>\nIPX7 korumal\u0131 \u2013 Su ve toz ge\u00e7irmez<\/p>\n<p>VER\u0130ML\u0130 ATOM\u0130ZER<br \/>\nDamlac\u0131klar\u0131n boyutuna ba\u011fl\u0131 olarak 6 ila 10L p\u00fcsk\u00fcrtme \/ hektar: piyasadaki dronlardan yakla\u015f\u0131k 2 kat daha fazla kapsama alan\u0131 Damlac\u0131klar\u0131n \u00e7ok b\u00fcy\u00fck olmas\u0131 durumunda bitkiden d\u00fc\u015fmesini veya \u00e7ok k\u00fc\u00e7\u00fck olmas\u0131 durumunda atmosferde da\u011f\u0131lmas\u0131n\u0131 \u00f6nlemek i\u00e7in uygun sprey. Homojen damlac\u0131k boyutu (%95 ile %100 aras\u0131nda ayn\u0131 boyutta)<\/p>\n","protected":false},"excerpt":{"rendered":"<p>PROFESYONEL \u0130HA\u2019LAR HERCULES 20 \u0130\u00c7\u0130N TANKLI P\u00dcSK\u00dcRTME S\u0130STEM\u0130. E\u011e\u0130ML\u0130 TARIM ARAZ\u0130LER\u0130NE G\u00dcVENLE P\u00dcSK\u00dcRT\u00dcN. 4 nozul P\u00fcsk\u00fcrt\u00fclen ak\u0131\u015f\u0131n hassas kontrol\u00fc Bir Uygulama arac\u0131l\u0131\u011f\u0131yla ayarlanabilir damlac\u0131k boyutu ve miktar\u0131 12L (3,17 gal) tank IPX7 korumal\u0131 \u2013 Su ve toz ge\u00e7irmez VER\u0130ML\u0130 ATOM\u0130ZER Damlac\u0131klar\u0131n boyutuna ba\u011fl\u0131 olarak 6 ila 10L p\u00fcsk\u00fcrtme \/ hektar: piyasadaki dronlardan yakla\u015f\u0131k 2 kat&#8230;<\/p>\n","protected":false},"featured_media":10082,"comment_status":"open","ping_status":"closed","template":"","meta":[],"product_cat":[681,723,304,256],"product_tag":[],"_links":{"self":[{"href":"https:\/\/soleilsky.com.tr\/shop\/wp-json\/wp\/v2\/product\/10079"}],"collection":[{"href":"https:\/\/soleilsky.com.tr\/shop\/wp-json\/wp\/v2\/product"}],"about":[{"href":"https:\/\/soleilsky.com.tr\/shop\/wp-json\/wp\/v2\/types\/product"}],"replies":[{"embeddable":true,"href":"https:\/\/soleilsky.com.tr\/shop\/wp-json\/wp\/v2\/comments?post=10079"}],"wp:featuredmedia":[{"embeddable":true,"href":"https:\/\/soleilsky.com.tr\/shop\/wp-json\/wp\/v2\/media\/10082"}],"wp:attachment":[{"href":"https:\/\/soleilsky.com.tr\/shop\/wp-json\/wp\/v2\/media?parent=10079"}],"wp:term":[{"taxonomy":"product_cat","embeddable":true,"href":"https:\/\/soleilsky.com.tr\/shop\/wp-json\/wp\/v2\/product_cat?post=10079"},{"taxonomy":"product_tag","embeddable":true,"href":"https:\/\/soleilsky.com.tr\/shop\/wp-json\/wp\/v2\/product_tag?post=10079"}],"curies":[{"name":"wp","href":"https:\/\/api.w.org\/{rel}","templated":true}]}}