{"id":10083,"date":"2024-06-25T01:46:21","date_gmt":"2024-06-25T01:46:21","guid":{"rendered":"https:\/\/soleilsky.com.tr\/shop\/?post_type=product&#038;p=10083"},"modified":"2024-07-08T13:20:49","modified_gmt":"2024-07-08T13:20:49","slug":"hercules-10-autonomus-sprey","status":"publish","type":"product","link":"https:\/\/soleilsky.com.tr\/shop\/urun\/hercules-10-autonomus-sprey\/","title":{"rendered":"HERCULES 10 AUTONOMUS SPREY"},"content":{"rendered":"<p>G\u00dc\u00c7L\u00dc SPREY<br \/>\nDakikada 3 litreye kadar \u00fcr\u00fcn p\u00fcsk\u00fcrt\u00fcr.<\/p>\n<p>DAYANIKLI<br \/>\nKarbon fiber \u00e7er\u00e7evesi ve anodize al\u00fcminyum ba\u011flant\u0131 elemanlar\u0131 Hercules 10&#8217;u son derece dayan\u0131kl\u0131 hale getirir.<\/p>\n<p>HAF\u0130F VE KOMPAKT<br \/>\n4 \u00e7\u0131kar\u0131labilir kolu ile Hercules 10 spreyin ta\u015f\u0131nmas\u0131 kolayd\u0131r.<\/p>\n<p>DO\u011eRU SPREY<br \/>\nHercules 10 P\u00fcsk\u00fcrtme dronu y\u00fczey, \u00e7at\u0131 ve cephe i\u015flemlerinde s\u0131v\u0131 \u00fcr\u00fcnlerin hassas bir \u015fekilde p\u00fcsk\u00fcrt\u00fclmesi i\u00e7in tasarlanm\u0131\u015ft\u0131r ve bir dizi uygulamaya y\u00f6nelik yeni i\u015flem \u00e7\u00f6z\u00fcmleri sunar.<\/p>\n<p>P\u00dcSK\u00dcRTME S\u0130STEM\u0130<br \/>\nHercules 10 P\u00fcsk\u00fcrtme sistemi 4 d\u00fcz nozul ve 30 metre (98 ft) boru ile donat\u0131lm\u0131\u015ft\u0131r.<\/p>\n<p>VER\u0130ML\u0130 OPERASYONLAR<br \/>\nEl arabas\u0131 \u00fczerindeki g\u00fc\u00e7l\u00fc p\u00fcsk\u00fcrtme pompas\u0131 ile Hercules 10 Spray drone, manuel p\u00fcsk\u00fcrtmeden daha etkili bir sonu\u00e7 i\u00e7in dakikada 18 L\u2019ye (4,8 gal) kadar p\u00fcsk\u00fcrtme yapar.<br \/>\nDi\u011fer p\u00fcsk\u00fcrtme pompas\u0131 ile p\u00fcsk\u00fcrtme drone\u2019u dakikada 3 litreye (0,8 gal) kadar p\u00fcsk\u00fcrtme yapar.<\/p>\n<p>KOMPAKT<br \/>\nHercules 10 sprey, \u00e7\u0131kar\u0131labilir kollar ve ini\u015f tak\u0131mlar\u0131 ile donat\u0131lm\u0131\u015ft\u0131r.<\/p>\n<p>AZALTILMI\u015e \u0130NSAN R\u0130SK\u0130<br \/>\nHercules 10 Spray, eri\u015filemeyen ve tehlikeli alanlara h\u0131zl\u0131 ve kolay eri\u015fim sa\u011flar. 10 dakika i\u00e7inde \u00e7al\u0131\u015f\u0131r ve donan\u0131m kurulumunu azalt\u0131r.<\/p>\n","protected":false},"excerpt":{"rendered":"<p>G\u00dc\u00c7L\u00dc SPREY Dakikada 3 litreye kadar \u00fcr\u00fcn p\u00fcsk\u00fcrt\u00fcr. DAYANIKLI Karbon fiber \u00e7er\u00e7evesi ve anodize al\u00fcminyum ba\u011flant\u0131 elemanlar\u0131 Hercules 10&#8217;u son derece dayan\u0131kl\u0131 hale getirir. HAF\u0130F VE KOMPAKT 4 \u00e7\u0131kar\u0131labilir kolu ile Hercules 10 spreyin ta\u015f\u0131nmas\u0131 kolayd\u0131r. DO\u011eRU SPREY Hercules 10 P\u00fcsk\u00fcrtme dronu y\u00fczey, \u00e7at\u0131 ve cephe i\u015flemlerinde s\u0131v\u0131 \u00fcr\u00fcnlerin hassas bir \u015fekilde p\u00fcsk\u00fcrt\u00fclmesi i\u00e7in tasarlanm\u0131\u015ft\u0131r&#8230;<\/p>\n","protected":false},"featured_media":10085,"comment_status":"open","ping_status":"closed","template":"","meta":[],"product_cat":[723,304,256],"product_tag":[],"_links":{"self":[{"href":"https:\/\/soleilsky.com.tr\/shop\/wp-json\/wp\/v2\/product\/10083"}],"collection":[{"href":"https:\/\/soleilsky.com.tr\/shop\/wp-json\/wp\/v2\/product"}],"about":[{"href":"https:\/\/soleilsky.com.tr\/shop\/wp-json\/wp\/v2\/types\/product"}],"replies":[{"embeddable":true,"href":"https:\/\/soleilsky.com.tr\/shop\/wp-json\/wp\/v2\/comments?post=10083"}],"wp:featuredmedia":[{"embeddable":true,"href":"https:\/\/soleilsky.com.tr\/shop\/wp-json\/wp\/v2\/media\/10085"}],"wp:attachment":[{"href":"https:\/\/soleilsky.com.tr\/shop\/wp-json\/wp\/v2\/media?parent=10083"}],"wp:term":[{"taxonomy":"product_cat","embeddable":true,"href":"https:\/\/soleilsky.com.tr\/shop\/wp-json\/wp\/v2\/product_cat?post=10083"},{"taxonomy":"product_tag","embeddable":true,"href":"https:\/\/soleilsky.com.tr\/shop\/wp-json\/wp\/v2\/product_tag?post=10083"}],"curies":[{"name":"wp","href":"https:\/\/api.w.org\/{rel}","templated":true}]}}