{"id":10090,"date":"2024-06-22T01:54:36","date_gmt":"2024-06-22T01:54:36","guid":{"rendered":"https:\/\/soleilsky.com.tr\/shop\/?post_type=product&#038;p=10090"},"modified":"2024-07-08T13:21:02","modified_gmt":"2024-07-08T13:21:02","slug":"linedrone","status":"publish","type":"product","link":"https:\/\/soleilsky.com.tr\/shop\/urun\/linedrone\/","title":{"rendered":"LINEDRONE"},"content":{"rendered":"<p><strong>HASSAS \u00d6L\u00c7\u00dcM SENS\u00d6RLER\u0130<\/strong><br \/>\nHat sa\u011fl\u0131\u011f\u0131n\u0131n do\u011fru, m\u00fcdahalesiz analizi i\u00e7in g\u00fc\u00e7 hatt\u0131 denetim sens\u00f6rleri. Hydro-Qu\u00e9bec taraf\u0131ndan geli\u015ftirilen \u00f6zel teknoloji<\/p>\n<p><strong>HYBR\u0130D &#8211; U\u00c7MAK VE YUVARLANMAK<\/strong><br \/>\n\u00c7ok az enerji harcayarak uzun mesafelerde inceleme yap\u0131lmas\u0131na olanak tan\u0131yan LineDrone, tek iletkenli elektrik hatlar\u0131na iniyor ve pervaneler durduktan sonra motorlu bir yuvarlanma sistemi sayesinde iletken boyunca hareket ediyor.<\/p>\n<p><strong>SA\u011eLAM<\/strong><br \/>\nDrone, 2000 A&#8217;ya kadar 120 ila 315 kV iletim hatlar\u0131n\u0131n elektromanyetik alanlar\u0131na dayanacak \u015fekilde a\u015f\u0131lanm\u0131\u015f canl\u0131 hatlarda \u00e7al\u0131\u015f\u0131r.<\/p>\n<p><strong>P\u0130LOT YARDIMI<\/strong><br \/>\nLIDAR sens\u00f6rlerinin entegrasyonu ve \u00f6zel bir yaz\u0131l\u0131m aray\u00fcz\u00fcn\u00fcn geli\u015ftirilmesi, sistemin \u00f6zellikle kritik ini\u015f\/kalk\u0131\u015f a\u015famalar\u0131nda son derece kararl\u0131 ve kullan\u0131m\u0131n\u0131n kolay oldu\u011fu anlam\u0131na gelmektedir.<\/p>\n<p><strong>BA\u011eLANAB\u0130L\u0130RL\u0130K<\/strong><br \/>\nSistem, y\u00fcksek gerilim hatlar\u0131n\u0131n bozdu\u011fu elektromanyetik ortama ra\u011fmen 1 km&#8217;den daha uzun bir mesafede ileti\u015fim kurulmas\u0131n\u0131 sa\u011fl\u0131yor.<\/p>\n<p><strong>KURULUMU KOLAY S\u0130STEM<\/strong><br \/>\nMaksimum kurulum h\u0131z\u0131 ve operasyonel verimlilik sa\u011flamak i\u00e7in Hydro-Qu\u00e9bec&#8217;in operasyonel ekipleriyle birlikte tasarlanm\u0131\u015f ve test edilmi\u015ftir.<\/p>\n<p><strong>HYDRO-QU\u00c9BEC\u2019\u0130N ARA\u015eTIRMA MERKEZ\u0130 TARAFINDAN GEL\u0130\u015eT\u0130R\u0130LEN SENS\u00d6RLER\u0130YLE L\u0130NEDRONE, TEK \u0130LETKENL\u0130 ELEKTR\u0130K HATLARINDA H\u0130ZMET HAL\u0130NDEYKEN SON DERECE HASSAS \u00d6L\u00c7\u00dcMLER YAPIYOR.<\/strong><br \/>\nBu \u00e7\u00f6z\u00fcm\u00fcn faydalar\u0131:<\/p>\n<ul>\n<li>LineDrone ve LineOhm sens\u00f6r\u00fc arac\u0131l\u0131\u011f\u0131yla elde edilen hassas bilgiler, elektrik hatlar\u0131n\u0131n kapasitesinin art\u0131r\u0131lmas\u0131 i\u00e7in \u00f6nemli bir girdidir ve bu da kamu hizmetlerinin mevcut<\/li>\n<li>varl\u0131klar arac\u0131l\u0131\u011f\u0131yla daha fazla enerjiyi g\u00fcvenli bir \u015fekilde iletmesini sa\u011flar.<\/li>\n<li>Hatt\u0131n enerjisinin kesilmesini ve \u015febeke i\u015fletim k\u0131s\u0131tlamalar\u0131n\u0131 ortadan kald\u0131r\u0131r.<\/li>\n<li>\u0130nsan riskini s\u0131n\u0131rlar.<\/li>\n<li>Denetim ve ekip da\u011f\u0131t\u0131m maliyetlerini azalt\u0131r.<\/li>\n<li>Sera gaz\u0131 emisyonlar\u0131n\u0131 en aza indirir. Asl\u0131nda, bir helikopterin ortadan kald\u0131r\u0131lmas\u0131, sera gazlar\u0131nda \u00e7al\u0131\u015fma g\u00fcn\u00fc ba\u015f\u0131na bir ila iki ton CO2 azalmas\u0131 anlam\u0131na gelir.<\/li>\n<\/ul>\n<p><strong>L\u0130NEDRONE, DRONE VOLT TARAFINDAN HYDRO-QU\u00c9BEC \u0130LE ORTAKLA\u015eA GEL\u0130\u015eT\u0130R\u0130LEN, Y\u00dcKSEK VOLTAJLI ELEKTR\u0130K HATLARININ \u0130NCELENMES\u0130NE Y\u00d6NEL\u0130K \u00d6ZEL B\u0130R S\u0130STEMD\u0130R.<\/strong><br \/>\nBa\u015fl\u0131ca \u00f6zellikleri \u015funlard\u0131r:<\/p>\n<ul>\n<li>Y\u00fcksek gerilim hatlar\u0131n\u0131n m\u00fcdahalesiz denetimi i\u00e7in hassas \u00f6l\u00e7\u00fcm problar\u0131n\u0131n mekanik ve i\u015flevsel entegrasyonu.<\/li>\n<li>Y\u00fcksek gerilim hatlar\u0131 taraf\u0131ndan \u00fcretilen \u00e7e\u015fitli elektromanyetik bozulmalara kar\u015f\u0131 sistemin ba\u011f\u0131\u015f\u0131kl\u0131\u011f\u0131n\u0131 sa\u011flarken, 120 ila 315 kV, 2000 A\u2019ya kadar iletim hatlar\u0131 ile temas i\u00e7in koruyucu kafes ve mekanik tasar\u0131m.<\/li>\n<li>Motorlu yuvarlanma sistemi sayesinde havai iletkenler \u00fczerinde ini\u015f ve tek iletkenli hatlar \u00fczerinde hareket.<\/li>\n<li>Yedekli 8 motorlu mimariye sahip drone, 2 kg a\u011f\u0131rl\u0131\u011fa kadar \u00f6l\u00e7\u00fcm problar\u0131n\u0131 g\u00fcvenli bir \u015fekilde ta\u015f\u0131ma kapasitesi sunar.<\/li>\n<li>Y\u00fcksek voltaj\u0131n bozdu\u011fu elektromanyetik alanlara dayan\u0131kl\u0131 ileti\u015fim sistemi.<\/li>\n<li>Optimize edilmi\u015f operasyonel sonu\u00e7lar i\u00e7in h\u0131zl\u0131 da\u011f\u0131t\u0131m kapasitesi.<\/li>\n<\/ul>\n<p><strong>NUCLEOM VE HYDRO-QU\u00c9BEC TARAFINDAN GEL\u0130\u015eT\u0130R\u0130LEN \u0130K\u0130 T\u0130P YERLE\u015e\u0130K SENS\u00d6R SAYES\u0130NDE L\u0130NEDRONE B\u0130R D\u0130Z\u0130 TAHR\u0130BATSIZ DENET\u0130M G\u00d6REV\u0130N\u0130 YER\u0130NE GET\u0130REB\u0130L\u0130R VE ANAL\u0130Z SONU\u00c7LARINI Y\u00dcKSEK B\u0130R DO\u011eRULUKLA BELGELEYEB\u0130L\u0130R.<\/strong><br \/>\nLineOhm: Hydro-Qu\u00e9bec\u2019in patentli teknolojisi, elektrik iletkenleri \u00fczerindeki s\u0131k\u0131\u015ft\u0131r\u0131lm\u0131\u015f ba\u011flant\u0131 man\u015fonlar\u0131n\u0131n elektrik direncinin tahribats\u0131z olarak de\u011ferlendirilmesini sa\u011flar. LineOhm kullan\u0131larak yap\u0131lan denetimler, ekipman\u0131n b\u00fct\u00fcnl\u00fc\u011f\u00fcn\u00fcn ve faydal\u0131 \u00f6mr\u00fcn\u00fcn de\u011ferlendirilmesini sa\u011flayan bir \u00f6l\u00e7\u00fcm kalitesi sa\u011flar. Bu, hatlar \u00fczerindeki programl\u0131 bak\u0131m i\u015flemlerinin m\u00fcmk\u00fcn oldu\u011funca do\u011fru bir \u015fekilde planlanmas\u0131n\u0131 sa\u011flayan temel bir veridir.<\/p>\n<p>LineCore: d\u00fc\u015f\u00fck voltaj korozyon de\u011ferlendirmesi ve \u00e7inko tabakas\u0131 bozulmas\u0131n\u0131n erken tespiti i\u00e7in tahribats\u0131z bir y\u00f6ntem sa\u011flar. LineCore sens\u00f6r\u00fc, kalan galvanik koruman\u0131n kal\u0131nl\u0131\u011f\u0131n\u0131 kontrol eder ve \u00f6l\u00e7er.<\/p>\n","protected":false},"excerpt":{"rendered":"<p>HASSAS \u00d6L\u00c7\u00dcM SENS\u00d6RLER\u0130 Hat sa\u011fl\u0131\u011f\u0131n\u0131n do\u011fru, m\u00fcdahalesiz analizi i\u00e7in g\u00fc\u00e7 hatt\u0131 denetim sens\u00f6rleri. Hydro-Qu\u00e9bec taraf\u0131ndan geli\u015ftirilen \u00f6zel teknoloji HYBR\u0130D &#8211; U\u00c7MAK VE YUVARLANMAK \u00c7ok az enerji harcayarak uzun mesafelerde inceleme yap\u0131lmas\u0131na olanak tan\u0131yan LineDrone, tek iletkenli elektrik hatlar\u0131na iniyor ve pervaneler durduktan sonra motorlu bir yuvarlanma sistemi sayesinde iletken boyunca hareket ediyor. SA\u011eLAM Drone, 2000&#8230;<\/p>\n","protected":false},"featured_media":10091,"comment_status":"open","ping_status":"closed","template":"","meta":[],"product_cat":[723,304,256],"product_tag":[],"_links":{"self":[{"href":"https:\/\/soleilsky.com.tr\/shop\/wp-json\/wp\/v2\/product\/10090"}],"collection":[{"href":"https:\/\/soleilsky.com.tr\/shop\/wp-json\/wp\/v2\/product"}],"about":[{"href":"https:\/\/soleilsky.com.tr\/shop\/wp-json\/wp\/v2\/types\/product"}],"replies":[{"embeddable":true,"href":"https:\/\/soleilsky.com.tr\/shop\/wp-json\/wp\/v2\/comments?post=10090"}],"wp:featuredmedia":[{"embeddable":true,"href":"https:\/\/soleilsky.com.tr\/shop\/wp-json\/wp\/v2\/media\/10091"}],"wp:attachment":[{"href":"https:\/\/soleilsky.com.tr\/shop\/wp-json\/wp\/v2\/media?parent=10090"}],"wp:term":[{"taxonomy":"product_cat","embeddable":true,"href":"https:\/\/soleilsky.com.tr\/shop\/wp-json\/wp\/v2\/product_cat?post=10090"},{"taxonomy":"product_tag","embeddable":true,"href":"https:\/\/soleilsky.com.tr\/shop\/wp-json\/wp\/v2\/product_tag?post=10090"}],"curies":[{"name":"wp","href":"https:\/\/api.w.org\/{rel}","templated":true}]}}