{"id":10092,"date":"2024-06-21T01:57:28","date_gmt":"2024-06-21T01:57:28","guid":{"rendered":"https:\/\/soleilsky.com.tr\/shop\/?post_type=product&#038;p=10092"},"modified":"2024-07-08T13:21:06","modified_gmt":"2024-07-08T13:21:06","slug":"asio","status":"publish","type":"product","link":"https:\/\/soleilsky.com.tr\/shop\/urun\/asio\/","title":{"rendered":"ASIO"},"content":{"rendered":"<p><strong>24 DAK\u0130KA U\u00c7U\u015e S\u00dcRES\u0130<br \/>\n<\/strong>G\u00f6rev performans\u0131 i\u00e7in uzun u\u00e7u\u015f s\u00fcresi<\/p>\n<p><strong>KOLON \u00dcST\u00dc KORUMA KAFES\u0130<br \/>\n<\/strong>Koruyucu kafes 360\u00b0 Koruma<\/p>\n<p><strong>GEL\u0130\u015eM\u0130\u015e ANT\u0130-KOLL\u0130S\u0130ON S\u0130STEM\u0130<br \/>\n<\/strong>M\u00fckemmel stabilizasyon ve yol tutu\u015fu<\/p>\n<p><strong>CANLI YAYIN<\/strong><br \/>\nDar ortamlarda bile HD video d\u00f6n\u00fc\u015f\u00fc<\/p>\n<p><strong>G\u00dc\u00c7L\u00dc LED&#8217;LER<\/strong><br \/>\n180\u00b0 ayd\u0131nlatma i\u00e7in 10000 L\u00fcmen<\/p>\n<p><strong>PROFESYONEL DRONELAR \u0130\u00c7\u0130NKAPALI ORTAMLARDA DENET\u0130M<\/strong><br \/>\nFLYBOT\u0130X\u2019\u0130N AS\u0130O DRONE\u2019U, SON DERECE DAR ORTAMLARDA \u00c7ALI\u015eAB\u0130LEN M\u0130N\u0130 B\u0130R \u0130\u00c7 MEKAN DENET\u0130M DRONE\u2019UDUR. K\u00dc\u00c7\u00dcK BOYUTU, DENET\u0130M MAL\u0130YETLER\u0130N\u0130 AZALTIRKEN EN K\u00dc\u00c7\u00dcK YERLER\u0130 KE\u015eFETMEN\u0130ZE OLANAK TANIR. CANLI B\u0130R V\u0130DEO AKI\u015eI EKRANINA SAH\u0130PT\u0130R: V\u0130DEO D\u00d6N\u00dc\u015e\u00dc VE KAYDI.<br \/>\nDrone, denetim g\u00f6revlerinde daha fazla verimlilik ve dolay\u0131s\u0131yla daha iyi bir karl\u0131l\u0131k i\u00e7in 24 dakikal\u0131k u\u00e7u\u015f s\u00fcresine ula\u015fabilir.<\/p>\n<p><strong>G\u00dc\u00c7L\u00dc ALGOR\u0130TMALAR<\/strong><br \/>\n\u0130\u00c7 MEKANLARDA, END\u00dcSTR\u0130YEL VE KAPALI ORTAMLARDA GPS S\u0130NYALLER\u0130 EN \u0130Y\u0130 \u0130HT\u0130MALLE HATALIDIR, ANCAK DAHA SIKLIKLA YAPILAR TARAFINDAN TAMAMEN ENGELLEN\u0130R VE BU NEDENLE \u0130\u015eE YARAMAZ. ASIO, KONUMUNU VE DURU\u015eUNU SAN\u0130YEDE 8000 KEZ \u00d6L\u00c7MEK \u0130\u00c7\u0130N B\u0130R D\u00dcZ\u0130NEDEN FAZLA SENS\u00d6R KULLANIR VE BU SAYEDE EN KARMA\u015eIK DURUMLARDA B\u0130LE M\u00dcKEMMEL KARARLILIK SA\u011eLAR.<\/p>\n<p><strong>GEL\u0130\u015eM\u0130\u015e KAMERA S\u0130STEM\u0130<\/strong><br \/>\nASIO, denet\u00e7ilerinizin uzaktan g\u00f6ren g\u00f6zleri olacak, bu nedenle s\u0131n\u0131f\u0131n\u0131n en iyi kamera sens\u00f6r\u00fcn\u00fc se\u00e7tik. Sony taraf\u0131ndan \u00fcretilen ve 4K \u00e7\u00f6z\u00fcn\u00fcrl\u00fc\u011fe (3840\u00d72160 piksel) sahip bu sens\u00f6r, en k\u00fc\u00e7\u00fck ayr\u0131nt\u0131lar\u0131 ger\u00e7ek renklerle tespit etmenizi ve do\u011frudan u\u00e7u\u015f s\u0131ras\u0131nda 12 megapiksel g\u00f6r\u00fcnt\u00fcler yakalaman\u0131z\u0131 sa\u011flar, b\u00f6ylece bir daha hi\u00e7bir kusuru ka\u00e7\u0131rmazs\u0131n\u0131z!<\/p>\n<p><strong>\u00c7ARPI\u015eMAYA DAYANIKLI KORUYUCU KAFES<\/strong><br \/>\nKAPALI ORTAMLARDA U\u00c7TU\u011eUNUZDA VE HATTA G\u00d6R\u00dc\u015e ALANINIZ DI\u015eINDA OLDU\u011eUNUZDA Y\u00dcZEYLERE \u00c7ARPMA R\u0130SK\u0130 Y\u00dcKSEKT\u0130R. P\u0130LOTLARINIZI G\u00dcVENDE TUTMAK VE UZAKTAN \u00c7ALI\u015eAB\u0130LMELER\u0130N\u0130 SA\u011eLAMAK \u0130\u00c7\u0130N ASIO\u2019NUN \u00c7ARPI\u015eMAYA DAYANIKLI OLMASI GEREK\u0130R. KORUYUCU KAFES\u0130N TASARIMI, PERVANELER\u0130 \u00c7EVREYLE VEYA KAFES\u0130N KEND\u0130S\u0130YLE HERHANG\u0130 B\u0130R ETK\u0130LE\u015e\u0130MDEN KORUYARAK DRONUNUZ, VARLIKLARINIZ VE TAB\u0130\u0130 K\u0130 M\u00dcRETTEBATINIZ \u0130\u00c7\u0130N EN \u00dcST D\u00dcZEYDE G\u00dcVENL\u0130K SA\u011eLAR.<\/p>\n<p><strong>G\u00dc\u00c7L\u00dc LED\u2019LER<\/strong><br \/>\nEnd\u00fcstriyel ortamlarda denetlenecek alanlar genellikle karanl\u0131kt\u0131r ve b\u00f6yle bir durumda en iyi kamera sens\u00f6r\u00fc uygun ayd\u0131nlatma olmadan i\u015fe yaramaz. En karanl\u0131k yerleri g\u00fcn gibi ayd\u0131nl\u0131k hale getiren 10.000 l\u00fcmen \u0131\u015f\u0131k \u00e7\u0131k\u0131\u015f\u0131 sa\u011flamak i\u00e7in 100\u2019den fazla LED kulland\u0131k ve bunlar\u0131n yerle\u015ftirilmesi drone taraf\u0131ndan at\u0131lan tozun kameraya m\u00fcdahale etmesini \u00f6nl\u00fcyor.<\/p>\n<p><strong>AZALTILMI\u015e G\u00dcR\u00dcLT\u00dc SEV\u0130YES\u0130<\/strong><br \/>\nB\u00fcy\u00fck tanklar\u0131n incelenmesi gibi baz\u0131 g\u00f6revlerde, pilot drone ile ayn\u0131 alanda bulunacak ve bu nedenle g\u00fcr\u00fclt\u00fcs\u00fcnden etkilenecektir \u2013 hatta kapal\u0131 ortam ve metal yap\u0131lar taraf\u0131ndan g\u00fc\u00e7lendirilecektir. Flybotix Asio denetim drone\u2019u daha b\u00fcy\u00fck pervanelerle donat\u0131lm\u0131\u015ft\u0131r, d\u00f6n\u00fc\u015f h\u0131zlar\u0131 quadrotor sistemlerinden \u00e7ok daha d\u00fc\u015f\u00fckt\u00fcr ve \u00fcretilen g\u00fcr\u00fclt\u00fc seviyesi 1 metrede sadece 80dB\u2019dir, b\u00f6ylece pilot konforu ve g\u00fcvenli\u011fi artar.<\/p>\n","protected":false},"excerpt":{"rendered":"<p>24 DAK\u0130KA U\u00c7U\u015e S\u00dcRES\u0130 G\u00f6rev performans\u0131 i\u00e7in uzun u\u00e7u\u015f s\u00fcresi KOLON \u00dcST\u00dc KORUMA KAFES\u0130 Koruyucu kafes 360\u00b0 Koruma GEL\u0130\u015eM\u0130\u015e ANT\u0130-KOLL\u0130S\u0130ON S\u0130STEM\u0130 M\u00fckemmel stabilizasyon ve yol tutu\u015fu CANLI YAYIN Dar ortamlarda bile HD video d\u00f6n\u00fc\u015f\u00fc G\u00dc\u00c7L\u00dc LED&#8217;LER 180\u00b0 ayd\u0131nlatma i\u00e7in 10000 L\u00fcmen PROFESYONEL DRONELAR \u0130\u00c7\u0130NKAPALI ORTAMLARDA DENET\u0130M FLYBOT\u0130X\u2019\u0130N AS\u0130O DRONE\u2019U, SON DERECE DAR ORTAMLARDA \u00c7ALI\u015eAB\u0130LEN M\u0130N\u0130&#8230;<\/p>\n","protected":false},"featured_media":10093,"comment_status":"open","ping_status":"closed","template":"","meta":[],"product_cat":[723,226,224],"product_tag":[],"_links":{"self":[{"href":"https:\/\/soleilsky.com.tr\/shop\/wp-json\/wp\/v2\/product\/10092"}],"collection":[{"href":"https:\/\/soleilsky.com.tr\/shop\/wp-json\/wp\/v2\/product"}],"about":[{"href":"https:\/\/soleilsky.com.tr\/shop\/wp-json\/wp\/v2\/types\/product"}],"replies":[{"embeddable":true,"href":"https:\/\/soleilsky.com.tr\/shop\/wp-json\/wp\/v2\/comments?post=10092"}],"wp:featuredmedia":[{"embeddable":true,"href":"https:\/\/soleilsky.com.tr\/shop\/wp-json\/wp\/v2\/media\/10093"}],"wp:attachment":[{"href":"https:\/\/soleilsky.com.tr\/shop\/wp-json\/wp\/v2\/media?parent=10092"}],"wp:term":[{"taxonomy":"product_cat","embeddable":true,"href":"https:\/\/soleilsky.com.tr\/shop\/wp-json\/wp\/v2\/product_cat?post=10092"},{"taxonomy":"product_tag","embeddable":true,"href":"https:\/\/soleilsky.com.tr\/shop\/wp-json\/wp\/v2\/product_tag?post=10092"}],"curies":[{"name":"wp","href":"https:\/\/api.w.org\/{rel}","templated":true}]}}