{"id":10094,"date":"2024-06-20T02:01:26","date_gmt":"2024-06-20T02:01:26","guid":{"rendered":"https:\/\/soleilsky.com.tr\/shop\/?post_type=product&#038;p=10094"},"modified":"2024-07-08T13:21:10","modified_gmt":"2024-07-08T13:21:10","slug":"heliplane","status":"publish","type":"product","link":"https:\/\/soleilsky.com.tr\/shop\/urun\/heliplane\/","title":{"rendered":"HELIPLANE"},"content":{"rendered":"<p><strong>UZUN U\u00c7U\u015e S\u00dcRES\u0130<\/strong><br \/>\n110 veya 210 dakika*.<br \/>\n*S\u00fcr\u00fcm 240 ve 340<\/p>\n<p><strong>POL\u0130VALENT<\/strong><br \/>\n\u00c7e\u015fitli uyumlu faydal\u0131 y\u00fckleri, bu VTOL&#8217;u denetim ve fotogrametri g\u00f6revleri i\u00e7in ideal bir \u00e7\u00f6z\u00fcm haline getirmektedir.<\/p>\n<p><strong>KAT ED\u0130LEN UZUN MESAFE<\/strong><br \/>\nVTOL, 40 km\/saat r\u00fczgar direnciyle 300 do\u011frusal km&#8217;ye (versiyon 340) kadar seyahat edebilir.<\/p>\n<p><strong>HAF\u0130F VE HIZLI<\/strong><br \/>\nU\u00e7u\u015f \u00e7antas\u0131nda ta\u015f\u0131ma i\u00e7in s\u00f6k\u00fclebilir yap\u0131. A\u011f\u0131rl\u0131k 4,5 kg (versiyon 240) ve 7,4 kg (versiyon 340)<\/p>\n<p><strong>HIZLI DA\u011eITIM<\/strong><br \/>\nVTOL alet kullanmadan 1 dakika i\u00e7inde kullan\u0131ma haz\u0131r.<\/p>\n<p><strong>OTOMAT\u0130K G\u00d6REVLER<\/strong><br \/>\nOtomatik g\u00f6revlerin programlanmas\u0131 i\u00e7in \u00f6zel ve sezgisel pilot uygulamas\u0131.<\/p>\n<p><strong>VTOL<\/strong><br \/>\nHEL\u0130PLANE LRS\u2019N\u0130N G\u00d6REVLER\u0130N\u0130 YER\u0130NE GET\u0130RMEK \u0130\u00c7\u0130N ARTIK P\u0130STLERE \u0130HT\u0130YACI YOKTUR.<br \/>\nC\u0130HAZ \u0130K\u0130 BOYUTTA MEVCUTTUR:<br \/>\n\u2013 240 (KANAT A\u00c7IKLI\u011eI: 240CM, UZUNLUK: 115 CM)<br \/>\n\u2013 340 (KANAT A\u00c7IKLI\u011eI: 340CM, UZUNLUK: 150CM).<\/p>\n<p><strong>Uzun \u00f6m\u00fcrl\u00fc, uzun menzilli<\/strong><\/p>\n<p class=\"subtitle \">Heliplane LRS 300 do\u011frusal km\u2019ye kadar seyahat edebilir (340 versiyonunda). Uzun mesafeler kat edebilme kabiliyeti g\u00f6revlerinizin performans\u0131n\u0131 art\u0131r\u0131r. Dikey ve yatay u\u00e7u\u015f modu aras\u0131ndaki ge\u00e7i\u015f tamamen otomatiktir.<\/p>\n<p><strong>DE\u011e\u0130\u015eT\u0130R\u0130LEB\u0130L\u0130R TA\u015eIMA Y\u00dcKLER\u0130<\/strong><br \/>\nC\u0130HAZ, T\u00dcM TEKN\u0130K \u0130HT\u0130YA\u00c7LARINIZI KAR\u015eILAYACAK \u00c7E\u015e\u0130TL\u0130 Y\u00dcKLERLE 1 KG\u2019A KADAR Y\u00dcK TA\u015eIYAB\u0130L\u0130R (S\u00dcR\u00dcM 340 \u0130\u00c7\u0130N 3 KG):<br \/>\n\u2013 RGB KAMERA: SONY RX1R II VEYA ICAMRGB-61MP<br \/>\n\u2013 TERMAL KAMERA: IT25-4X VEYA ITC-DUO-40X<br \/>\n\u2013 MULT\u0130SPEKTRAL KAMERA: M\u0130CASENSE REDEDGE-MX<br \/>\n\u2013 L\u0130DAR: R\u0130EGL M\u0130N\u0130VUX-3UAV<\/p>\n<p><strong>DAYANIKLI<\/strong><br \/>\nY\u00dcKSEK KAL\u0130TEL\u0130 KOMPOZ\u0130T \u015eAS\u0130, HEL\u0130PLANE\u2019\u0130 \u00c7E\u015e\u0130TL\u0130 U\u00c7U\u015e KO\u015eULLARINA KAR\u015eI SON DERECE DAYANIKLI HALE GET\u0130R\u0130R.<br \/>\n40 KM \/ S \u2018YE KADAR R\u00dcZGARLARA DAYANIR.<\/p>\n<p><strong>ULTRA TA\u015eINAB\u0130L\u0130R<\/strong><br \/>\nHeliplane LRS, bir ta\u015f\u0131ma \u00e7antas\u0131nda (50x44x130 cm) kolay ta\u015f\u0131ma i\u00e7in alet kullanmadan ini\u015f tak\u0131mlar\u0131n\u0131n h\u0131zl\u0131 bir \u015fekilde monte edilmesini ve s\u00f6k\u00fclmesini sa\u011flayan konekt\u00f6rlerle donat\u0131lm\u0131\u015ft\u0131r.<\/p>\n<p><strong>PRO SE\u00c7ENEK : ARTTIRILMI\u015e B\u0130R \u0130LET\u0130M<\/strong><\/p>\n<ul>\n<li>YER \u0130STASYONU<\/li>\n<li>R\u00d6LE ANTEN\u0130<\/li>\n<li>V\u0130DEO VE VER\u0130 \u0130LET\u0130M\u0130<\/li>\n<\/ul>\n","protected":false},"excerpt":{"rendered":"<p>UZUN U\u00c7U\u015e S\u00dcRES\u0130 110 veya 210 dakika*. *S\u00fcr\u00fcm 240 ve 340 POL\u0130VALENT \u00c7e\u015fitli uyumlu faydal\u0131 y\u00fckleri, bu VTOL&#8217;u denetim ve fotogrametri g\u00f6revleri i\u00e7in ideal bir \u00e7\u00f6z\u00fcm haline getirmektedir. KAT ED\u0130LEN UZUN MESAFE VTOL, 40 km\/saat r\u00fczgar direnciyle 300 do\u011frusal km&#8217;ye (versiyon 340) kadar seyahat edebilir. HAF\u0130F VE HIZLI U\u00e7u\u015f \u00e7antas\u0131nda ta\u015f\u0131ma i\u00e7in s\u00f6k\u00fclebilir yap\u0131. A\u011f\u0131rl\u0131k&#8230;<\/p>\n","protected":false},"featured_media":10095,"comment_status":"open","ping_status":"closed","template":"","meta":[],"product_cat":[723,226,224],"product_tag":[],"_links":{"self":[{"href":"https:\/\/soleilsky.com.tr\/shop\/wp-json\/wp\/v2\/product\/10094"}],"collection":[{"href":"https:\/\/soleilsky.com.tr\/shop\/wp-json\/wp\/v2\/product"}],"about":[{"href":"https:\/\/soleilsky.com.tr\/shop\/wp-json\/wp\/v2\/types\/product"}],"replies":[{"embeddable":true,"href":"https:\/\/soleilsky.com.tr\/shop\/wp-json\/wp\/v2\/comments?post=10094"}],"wp:featuredmedia":[{"embeddable":true,"href":"https:\/\/soleilsky.com.tr\/shop\/wp-json\/wp\/v2\/media\/10095"}],"wp:attachment":[{"href":"https:\/\/soleilsky.com.tr\/shop\/wp-json\/wp\/v2\/media?parent=10094"}],"wp:term":[{"taxonomy":"product_cat","embeddable":true,"href":"https:\/\/soleilsky.com.tr\/shop\/wp-json\/wp\/v2\/product_cat?post=10094"},{"taxonomy":"product_tag","embeddable":true,"href":"https:\/\/soleilsky.com.tr\/shop\/wp-json\/wp\/v2\/product_tag?post=10094"}],"curies":[{"name":"wp","href":"https:\/\/api.w.org\/{rel}","templated":true}]}}