{"id":10097,"date":"2024-06-19T02:05:28","date_gmt":"2024-06-19T02:05:28","guid":{"rendered":"https:\/\/soleilsky.com.tr\/shop\/?post_type=product&#038;p=10097"},"modified":"2024-07-08T13:21:15","modified_gmt":"2024-07-08T13:21:15","slug":"pensar-sdk-kamera","status":"publish","type":"product","link":"https:\/\/soleilsky.com.tr\/shop\/urun\/pensar-sdk-kamera\/","title":{"rendered":"PENSAR SDK KAMERA"},"content":{"rendered":"<p><strong>G\u00f6m\u00fcl\u00fc GPU\u2019ya sahip \u00e7ift spektrumlu Pensar kamera ile ger\u00e7ek zamanl\u0131 olarak tespit edin, izleyin, tan\u0131y\u0131n, a\u00e7\u0131klama ekleyin.<\/strong><\/p>\n<ul>\n<li>HD Sony 30x yak\u0131nla\u015ft\u0131rmal\u0131 kamera<\/li>\n<li>Flir Boson IR kamera<\/li>\n<li>GPU Nvidia Jetson TX2<\/li>\n<li>Pensar Yaz\u0131l\u0131m Geli\u015ftirme Kiti (SDK)<\/li>\n<\/ul>\n","protected":false},"excerpt":{"rendered":"<p>G\u00f6m\u00fcl\u00fc GPU\u2019ya sahip \u00e7ift spektrumlu Pensar kamera ile ger\u00e7ek zamanl\u0131 olarak tespit edin, izleyin, tan\u0131y\u0131n, a\u00e7\u0131klama ekleyin. HD Sony 30x yak\u0131nla\u015ft\u0131rmal\u0131 kamera Flir Boson IR kamera GPU Nvidia Jetson TX2 Pensar Yaz\u0131l\u0131m Geli\u015ftirme Kiti (SDK)<\/p>\n","protected":false},"featured_media":10099,"comment_status":"open","ping_status":"closed","template":"","meta":[],"product_cat":[723,226,224],"product_tag":[],"_links":{"self":[{"href":"https:\/\/soleilsky.com.tr\/shop\/wp-json\/wp\/v2\/product\/10097"}],"collection":[{"href":"https:\/\/soleilsky.com.tr\/shop\/wp-json\/wp\/v2\/product"}],"about":[{"href":"https:\/\/soleilsky.com.tr\/shop\/wp-json\/wp\/v2\/types\/product"}],"replies":[{"embeddable":true,"href":"https:\/\/soleilsky.com.tr\/shop\/wp-json\/wp\/v2\/comments?post=10097"}],"wp:featuredmedia":[{"embeddable":true,"href":"https:\/\/soleilsky.com.tr\/shop\/wp-json\/wp\/v2\/media\/10099"}],"wp:attachment":[{"href":"https:\/\/soleilsky.com.tr\/shop\/wp-json\/wp\/v2\/media?parent=10097"}],"wp:term":[{"taxonomy":"product_cat","embeddable":true,"href":"https:\/\/soleilsky.com.tr\/shop\/wp-json\/wp\/v2\/product_cat?post=10097"},{"taxonomy":"product_tag","embeddable":true,"href":"https:\/\/soleilsky.com.tr\/shop\/wp-json\/wp\/v2\/product_tag?post=10097"}],"curies":[{"name":"wp","href":"https:\/\/api.w.org\/{rel}","templated":true}]}}