{"id":10100,"date":"2024-06-18T02:08:25","date_gmt":"2024-06-18T02:08:25","guid":{"rendered":"https:\/\/soleilsky.com.tr\/shop\/?post_type=product&#038;p=10100"},"modified":"2024-07-08T13:21:18","modified_gmt":"2024-07-08T13:21:18","slug":"cift-sensorlu-eo-ir-kamera","status":"publish","type":"product","link":"https:\/\/soleilsky.com.tr\/shop\/urun\/cift-sensorlu-eo-ir-kamera\/","title":{"rendered":"\u00c7\u0130FT SENS\u00d6RL\u00dc EO\/IR KAMERA."},"content":{"rendered":"<p><strong>Y\u00fcksek \u00e7\u00f6z\u00fcn\u00fcrl\u00fckl\u00fc 4K RGB sens\u00f6r ve radyometrik termal sens\u00f6rl\u00fc kamera.<\/strong><\/p>\n<ul>\n<li>Y\u00fcksek \u00e7\u00f6z\u00fcn\u00fcrl\u00fckl\u00fc 4K sens\u00f6r<\/li>\n<li>Radyometrik termal sens\u00f6r<\/li>\n<li>Resim i\u00e7inde resim modu<\/li>\n<li>G\u00f6r\u00fcnt\u00fc co\u011frafi etiketleme i\u00e7in entegre sens\u00f6r<\/li>\n<\/ul>\n","protected":false},"excerpt":{"rendered":"<p>Y\u00fcksek \u00e7\u00f6z\u00fcn\u00fcrl\u00fckl\u00fc 4K RGB sens\u00f6r ve radyometrik termal sens\u00f6rl\u00fc kamera. Y\u00fcksek \u00e7\u00f6z\u00fcn\u00fcrl\u00fckl\u00fc 4K sens\u00f6r Radyometrik termal sens\u00f6r Resim i\u00e7inde resim modu G\u00f6r\u00fcnt\u00fc co\u011frafi etiketleme i\u00e7in entegre sens\u00f6r<\/p>\n","protected":false},"featured_media":10103,"comment_status":"open","ping_status":"closed","template":"","meta":[],"product_cat":[723,226,224],"product_tag":[],"_links":{"self":[{"href":"https:\/\/soleilsky.com.tr\/shop\/wp-json\/wp\/v2\/product\/10100"}],"collection":[{"href":"https:\/\/soleilsky.com.tr\/shop\/wp-json\/wp\/v2\/product"}],"about":[{"href":"https:\/\/soleilsky.com.tr\/shop\/wp-json\/wp\/v2\/types\/product"}],"replies":[{"embeddable":true,"href":"https:\/\/soleilsky.com.tr\/shop\/wp-json\/wp\/v2\/comments?post=10100"}],"wp:featuredmedia":[{"embeddable":true,"href":"https:\/\/soleilsky.com.tr\/shop\/wp-json\/wp\/v2\/media\/10103"}],"wp:attachment":[{"href":"https:\/\/soleilsky.com.tr\/shop\/wp-json\/wp\/v2\/media?parent=10100"}],"wp:term":[{"taxonomy":"product_cat","embeddable":true,"href":"https:\/\/soleilsky.com.tr\/shop\/wp-json\/wp\/v2\/product_cat?post=10100"},{"taxonomy":"product_tag","embeddable":true,"href":"https:\/\/soleilsky.com.tr\/shop\/wp-json\/wp\/v2\/product_tag?post=10100"}],"curies":[{"name":"wp","href":"https:\/\/api.w.org\/{rel}","templated":true}]}}