{"id":10101,"date":"2024-06-17T02:09:29","date_gmt":"2024-06-17T02:09:29","guid":{"rendered":"https:\/\/soleilsky.com.tr\/shop\/?post_type=product&#038;p=10101"},"modified":"2024-07-08T13:21:22","modified_gmt":"2024-07-08T13:21:22","slug":"hercules-10-hercules-20-icin-vinc-sistemi","status":"publish","type":"product","link":"https:\/\/soleilsky.com.tr\/shop\/urun\/hercules-10-hercules-20-icin-vinc-sistemi\/","title":{"rendered":"HERCULES 10 &#038; HERCULES 20 \u0130\u00c7\u0130N V\u0130N\u00c7 S\u0130STEM\u0130"},"content":{"rendered":"<div class=\"elementor-element elementor-element-b1b7254 sc_fly_static elementor-widget elementor-widget-heading trx_addons_parallax_layers_inited trx_addons_parallax_blocks_inited\" data-id=\"b1b7254\" data-element_type=\"widget\" data-widget_type=\"heading.default\">\n<div class=\"elementor-widget-container\">\n<p><strong>Hercules \u0130HA\u2019ya monte edilmi\u015f vin\u00e7 sistemi, \u00f6zel bir uzaktan kumanda ile kontrol edilmektedir.<\/strong><\/p>\n<ul>\n<li>Controlled via a dedicated remote controller<\/li>\n<li>Cable lenght : 30m<\/li>\n<li>HD video transmission<\/li>\n<li>Maximum weight on descent: 5kg<\/li>\n<li>Maximum weight on ascent: 2kg<\/li>\n<li>Signal Range : 400m<\/li>\n<\/ul>\n<\/div>\n<\/div>\n","protected":false},"excerpt":{"rendered":"<p>Hercules \u0130HA\u2019ya monte edilmi\u015f vin\u00e7 sistemi, \u00f6zel bir uzaktan kumanda ile kontrol edilmektedir. Controlled via a dedicated remote controller Cable lenght : 30m HD video transmission Maximum weight on descent: 5kg Maximum weight on ascent: 2kg Signal Range : 400m<\/p>\n","protected":false},"featured_media":10102,"comment_status":"open","ping_status":"closed","template":"","meta":[],"product_cat":[723,226,224],"product_tag":[],"_links":{"self":[{"href":"https:\/\/soleilsky.com.tr\/shop\/wp-json\/wp\/v2\/product\/10101"}],"collection":[{"href":"https:\/\/soleilsky.com.tr\/shop\/wp-json\/wp\/v2\/product"}],"about":[{"href":"https:\/\/soleilsky.com.tr\/shop\/wp-json\/wp\/v2\/types\/product"}],"replies":[{"embeddable":true,"href":"https:\/\/soleilsky.com.tr\/shop\/wp-json\/wp\/v2\/comments?post=10101"}],"wp:featuredmedia":[{"embeddable":true,"href":"https:\/\/soleilsky.com.tr\/shop\/wp-json\/wp\/v2\/media\/10102"}],"wp:attachment":[{"href":"https:\/\/soleilsky.com.tr\/shop\/wp-json\/wp\/v2\/media?parent=10101"}],"wp:term":[{"taxonomy":"product_cat","embeddable":true,"href":"https:\/\/soleilsky.com.tr\/shop\/wp-json\/wp\/v2\/product_cat?post=10101"},{"taxonomy":"product_tag","embeddable":true,"href":"https:\/\/soleilsky.com.tr\/shop\/wp-json\/wp\/v2\/product_tag?post=10101"}],"curies":[{"name":"wp","href":"https:\/\/api.w.org\/{rel}","templated":true}]}}