{"id":10104,"date":"2024-06-16T02:12:12","date_gmt":"2024-06-16T02:12:12","guid":{"rendered":"https:\/\/soleilsky.com.tr\/shop\/?post_type=product&#038;p=10104"},"modified":"2024-07-08T13:21:25","modified_gmt":"2024-07-08T13:21:25","slug":"puskurtme-sistemi","status":"publish","type":"product","link":"https:\/\/soleilsky.com.tr\/shop\/urun\/puskurtme-sistemi\/","title":{"rendered":"P\u00dcSK\u00dcRTME S\u0130STEM\u0130"},"content":{"rendered":"<div class=\"elementor-element elementor-element-b1b7254 sc_fly_static elementor-widget elementor-widget-heading trx_addons_parallax_layers_inited trx_addons_parallax_blocks_inited\" data-id=\"b1b7254\" data-element_type=\"widget\" data-widget_type=\"heading.default\">\n<div class=\"elementor-widget-container\">\n<h4>PROFESYONELLER \u0130\u00c7\u0130N P\u00dcSK\u00dcRTME S\u0130STEM\u0130<\/h4>\n<p><strong>\u0130HA\u2019lar Hercules 10 ve Hercules 20.<\/strong><br \/>\n<strong>Y\u00fczeyleri ve \u00e7at\u0131lar\u0131 g\u00fcvenle temizleyin.<\/strong><\/p>\n<ul>\n<li>4 nozul<\/li>\n<li>3L\/dakikaya kadar ayarlanabilir ak\u0131\u015f<\/li>\n<\/ul>\n<\/div>\n<\/div>\n","protected":false},"excerpt":{"rendered":"<p>PROFESYONELLER \u0130\u00c7\u0130N P\u00dcSK\u00dcRTME S\u0130STEM\u0130 \u0130HA\u2019lar Hercules 10 ve Hercules 20. Y\u00fczeyleri ve \u00e7at\u0131lar\u0131 g\u00fcvenle temizleyin. 4 nozul 3L\/dakikaya kadar ayarlanabilir ak\u0131\u015f<\/p>\n","protected":false},"featured_media":10098,"comment_status":"open","ping_status":"closed","template":"","meta":[],"product_cat":[723,226,224],"product_tag":[],"_links":{"self":[{"href":"https:\/\/soleilsky.com.tr\/shop\/wp-json\/wp\/v2\/product\/10104"}],"collection":[{"href":"https:\/\/soleilsky.com.tr\/shop\/wp-json\/wp\/v2\/product"}],"about":[{"href":"https:\/\/soleilsky.com.tr\/shop\/wp-json\/wp\/v2\/types\/product"}],"replies":[{"embeddable":true,"href":"https:\/\/soleilsky.com.tr\/shop\/wp-json\/wp\/v2\/comments?post=10104"}],"wp:featuredmedia":[{"embeddable":true,"href":"https:\/\/soleilsky.com.tr\/shop\/wp-json\/wp\/v2\/media\/10098"}],"wp:attachment":[{"href":"https:\/\/soleilsky.com.tr\/shop\/wp-json\/wp\/v2\/media?parent=10104"}],"wp:term":[{"taxonomy":"product_cat","embeddable":true,"href":"https:\/\/soleilsky.com.tr\/shop\/wp-json\/wp\/v2\/product_cat?post=10104"},{"taxonomy":"product_tag","embeddable":true,"href":"https:\/\/soleilsky.com.tr\/shop\/wp-json\/wp\/v2\/product_tag?post=10104"}],"curies":[{"name":"wp","href":"https:\/\/api.w.org\/{rel}","templated":true}]}}