{"id":5294,"date":"2020-10-14T11:51:35","date_gmt":"2020-10-14T11:51:35","guid":{"rendered":"https:\/\/soleilsky.com.tr\/shop\/?post_type=product&#038;p=5294"},"modified":"2022-01-08T09:39:04","modified_gmt":"2022-01-08T09:39:04","slug":"dji-mavic-air","status":"publish","type":"product","link":"https:\/\/soleilsky.com.tr\/shop\/urun\/dji-mavic-air\/","title":{"rendered":"DJI MAVIC AIR"},"content":{"rendered":"<h4>Dji Mavic Air Fly More Combo (EU) Arctic White (DJI T\u00fcrkiye Yetkili Sat\u0131c\u0131s\u0131 Garantili) Drone<\/h4>\n<h4>Dji T\u00fcrkiye Resmi Garantili Ultra katlanabilir Mavic Air limitsiz bir ke\u015ffe \u00e7\u0131kmak i\u00e7in fonksiyonelli\u011fi ve y\u00fcksek teknolojiyi, u\u00e7u\u015f performans\u0131yla bulu\u015fturuyor.<\/h4>\n<p><img loading=\"lazy\" decoding=\"async\" src=\"https:\/\/images.hepsiburada.net\/assets\/Oyuncak\/ProductDesc\/HBV00000C1AR8-1.jpg\" alt=\"\" width=\"616\" height=\"204\" \/><\/p>\n<p>MACERAYA HAZIR OLUN!<\/p>\n<h4>Bir m\u00fchendislik ve tasar\u0131m harikas\u0131 olan\u00a0Mavic\u00a0Air, macera sizi nereye g\u00f6t\u00fcr\u00fcrse yan\u0131n\u0131zda olacak.\u00a0Mavic\u00a0serisinin en yeni \u00fcyesi olan, ultra ta\u015f\u0131nabilir ve katlanabilir\u00a0drone\u00a0\u00fcst d\u00fczey u\u00e7u\u015f performans\u0131 ve yetenekleriyle kar\u015f\u0131n\u0131za \u00e7\u0131k\u0131yor!<\/h4>\n<h3>3 EKSENL\u0130 G\u0130MBAL KAMERA<\/h3>\n<h4>Mavic\u00a0Air,\u00a0a\u00e7\u0131sal\u00a0titre\u015fim aral\u0131\u011f\u0131 0.005 \u00b0 &#8216;ye d\u00fc\u015f\u00fcr\u00fclm\u00fc\u015f 3 eksenli bir mekanik\u00a0gimbal\u00a0alana sahip olan \u015fu ana kadar DJI taraf\u0131ndan tasarlanm\u0131\u015f en ta\u015f\u0131nabilir\u00a0drondur. Korumal\u0131 bir \u015fekilde \u00fc\u00e7gen bi\u00e7iminde yerle\u015ftirilen\u00a0gimbal\u00a0muhte\u015fem \u00e7ekimler i\u00e7in her zaman haz\u0131r!<\/h4>\n<h3>32 MEGAP\u0130KSEL K\u00dcRESEL PANORAMA FOTO\u011eRAFLAR!<\/h3>\n<h4>Yatay, Dikey ve 180 \u00b0 panoramalara ek olarak yeni katlanabilir\u00a0drone\u00a0modeli\u00a0Mavic\u00a0Air\u00a0kristal berrakl\u0131\u011f\u0131nda 32 MP k\u00fcre panoramalar yaratmak i\u00e7in sadece sekiz saniyede 25 foto\u011fraf kay\u0131t alt\u0131na alabiliyor!<\/h4>\n<h3>HDR FOTO\u011eRAFLAR<\/h3>\n<h4>Yeni HDR algoritmalar\u0131 ayd\u0131nlatma ko\u015fullar\u0131na g\u00f6re do\u011fru\u00a0pozlama\u00a0ayarlar\u0131n\u0131 ak\u0131ll\u0131 algoritmalar\u0131 ile ayarlar. A\u015f\u0131r\u0131\u00a0pozlanm\u0131\u015f\u00a0veya karanl\u0131k alanlar ay\u0131klan\u0131rken, vurgular ve g\u00f6lgeler aras\u0131nda daha do\u011fal ge\u00e7i\u015fler i\u00e7in i\u015flenir ve DSP h\u0131zland\u0131rmas\u0131 daha etkili \u00e7ekim yap\u0131lmas\u0131na olanak tan\u0131r!<\/h4>\n<h3>3D KATLANAB\u0130L\u0130R TASARIM<\/h3>\n<h4>Katland\u0131\u011f\u0131nda bir ak\u0131ll\u0131 telefon boyutlar\u0131nda olan\u00a0Mavic\u00a0Air, yolculuklar\u0131n\u0131zda g\u00f6ky\u00fcz\u00fcndeki kameran\u0131z olacak ultra ta\u015f\u0131nabilir bir\u00a0drone\u00a0modelidir!<\/h4>\n<h3>4K 100 MBPS V\u0130DEO<\/h3>\n<h4>Mavic\u00a0Air\u00a04K 30fps \u00e7\u00f6z\u00fcn\u00fcrl\u00fck kalitesinden, saniye 100Mbps h\u0131z\u0131nda Ultra HD g\u00f6r\u00fcnt\u00fcler kaydeder.<\/h4>\n<h3>YAVA\u015eLATILMI\u015e \u00c7EK\u0130MLER<\/h3>\n<h4>1080p 120fps ile yava\u015flat\u0131lm\u0131\u015f \u00e7ekim deste\u011fi sunar.\u00a0Mavic\u00a0Air\u00a0t\u00fcm y\u00fcksek h\u0131zl\u0131 destans\u0131 maceralar\u0131n\u0131z\u0131 yava\u015flatarak kaydeder.<\/h4>\n<h3>8GB DAH\u0130L\u0130 HAFIZA<\/h3>\n<h4>MicroSD\u00a0kart deste\u011finin yan\u0131nda, dahili 8GB\u2019l\u0131k haf\u0131za deste\u011fi ile\u00a0Mavic\u00a0Air\u00a0ile \u00e7ekti\u011finiz g\u00f6r\u00fcnt\u00fcleri, USB\u00a0Type-C kablo yard\u0131m\u0131yla do\u011frudan\u00a0drone\u2019nunuzdan\u00a0bilgisayar\u0131n\u0131za aktar\u0131n.<\/h4>\n<h3>ACTIVETRACK<br \/>\nActiveTrack\u00a0ile,\u00a0Mavic\u00a0Air\u00a0otomatik olarak farkl\u0131 \u015fekil ve ebattaki nesneleri tan\u0131r, ne olduklar\u0131na ve ne kadar h\u0131zl\u0131 hareket ettiklerine bakarak onlar\u0131 izler. Bu, otomatik takip sistemini \u00e7ok daha kolay ve daha g\u00fcvenilir yapar.\u00a0Activetrack\u00a0ko\u015fan,\u00a0z\u0131playani\u00a0t\u0131rmanan t\u00fcm hedefleri takip eder.<\/h3>\n<h4><img loading=\"lazy\" decoding=\"async\" src=\"https:\/\/images.hepsiburada.net\/assets\/Oyuncak\/ProductDesc\/HBV00000C1AR8-2.jpg\" alt=\"A\u00e7\u0131klama: https:\/\/images.hepsiburada.net\/assets\/Oyuncak\/ProductDesc\/HBV00000C1AR8-2.jpg\" width=\"444\" height=\"231\" \/><\/h4>\n<h4>QUICKSHOTS<\/h4>\n<h4><strong>TIKLAYARAK VIDEOLAR<\/strong><\/h4>\n<h4>Mavic\u00a0Air\u2019\u0131n\u00a0sizin i\u00e7in profesyonel \u00e7ekimler yapmas\u0131n\u0131 sa\u011flay\u0131n. H\u0131zl\u0131 \u00c7ekim se\u00e7enekleri sinematik kompozisyonlarla inan\u0131lmaz g\u00f6r\u00fcnt\u00fcleri \u00e7ekmenize yard\u0131mc\u0131 olur.<\/h4>\n<h4>\u00b7\u00a0\u00a0\u00a0\u00a0\u00a0\u00a0\u00a0\u00a0\u00a0Asteroid<\/h4>\n<h4>\u00b7\u00a0\u00a0\u00a0\u00a0\u00a0\u00a0\u00a0\u00a0\u00a0Boomerang<\/h4>\n<h4><\/h4>\n<h4><\/h4>\n<h4>SMARTCAPTURE<\/h4>\n<h4>Mavic\u00a0Air\u2019\u0131\u00a0Ak\u0131ll\u0131 u\u00e7u\u015f\u00a0modlar\u0131\u00a0size\u00a0drone\u2019unuzu\u00a0kontrol etmek i\u00e7in yepyeni ve etkile\u015fimli bir yol olan elle kontrol\u00a0imkan\u0131\u00a0sunuyor.\u00a0Drone\u2019unuzu\u00a0el hareketleriyle kald\u0131r\u0131n ve kontrol edin, dile\u011finiz zaman harika video ve foto\u011fraflar kaydedin.<\/h4>\n<h4><\/h4>\n<h4><img loading=\"lazy\" decoding=\"async\" src=\"https:\/\/images.hepsiburada.net\/assets\/Oyuncak\/ProductDesc\/HBV00000C1AR8-3.jpg\" alt=\"A\u00e7\u0131klama: https:\/\/images.hepsiburada.net\/assets\/Oyuncak\/ProductDesc\/HBV00000C1AR8-3.jpg\" width=\"458\" height=\"238\" \/><\/h4>\n<h4><\/h4>\n<h4>TAPFLY<\/h4>\n<h4><strong>DOKUNARAK U\u00c7UN<\/strong><\/h4>\n<h4>TapFly\u00a0modunda, kaydetmek istedi\u011finizi hayal edin ve\u00a0Spark\u00a0onu yakalas\u0131n. Telefon ekran\u0131n\u0131za dokunun ve\u00a0Spark, g\u00f6rme teknolojisini kullanarak, ak\u0131\u015f y\u00f6n\u00fcnde\u00a0y\u00f6n\u00fcnde\u00a0engelleri aktif olarak alg\u0131larken dokundu\u011funuz noktaya u\u00e7ar. Sadece ekrana dokunarak kay\u0131t \u00fcst\u00fcne kay\u0131t al\u0131n.<\/h4>\n<h4><img loading=\"lazy\" decoding=\"async\" src=\"https:\/\/images.hepsiburada.net\/assets\/Oyuncak\/ProductDesc\/HBV00000C1AR8-4.jpg\" alt=\"A\u00e7\u0131klama: https:\/\/images.hepsiburada.net\/assets\/Oyuncak\/ProductDesc\/HBV00000C1AR8-4.jpg\" width=\"414\" height=\"233\" \/><\/h4>\n","protected":false},"excerpt":{"rendered":"<div>\n<p>MACERAYA HAZIR OLUN!<\/p>\n<\/div>\n<h3>Bir m\u00fchendislik ve tasar\u0131m harikas\u0131 olan Mavic Air, macera sizi nereye g\u00f6t\u00fcr\u00fcrse yan\u0131n\u0131zda olacak. Mavic serisinin en yeni \u00fcyesi olan, ultra ta\u015f\u0131nabilir ve katlanabilir drone \u00fcst d\u00fczey u\u00e7u\u015f performans\u0131 ve yetenekleriyle kar\u015f\u0131n\u0131za \u00e7\u0131k\u0131yor!<\/h3>\n","protected":false},"featured_media":5296,"comment_status":"open","ping_status":"closed","template":"redux-templates_canvas","meta":[],"product_cat":[681],"product_tag":[234,243,235,238,237],"_links":{"self":[{"href":"https:\/\/soleilsky.com.tr\/shop\/wp-json\/wp\/v2\/product\/5294"}],"collection":[{"href":"https:\/\/soleilsky.com.tr\/shop\/wp-json\/wp\/v2\/product"}],"about":[{"href":"https:\/\/soleilsky.com.tr\/shop\/wp-json\/wp\/v2\/types\/product"}],"replies":[{"embeddable":true,"href":"https:\/\/soleilsky.com.tr\/shop\/wp-json\/wp\/v2\/comments?post=5294"}],"wp:featuredmedia":[{"embeddable":true,"href":"https:\/\/soleilsky.com.tr\/shop\/wp-json\/wp\/v2\/media\/5296"}],"wp:attachment":[{"href":"https:\/\/soleilsky.com.tr\/shop\/wp-json\/wp\/v2\/media?parent=5294"}],"wp:term":[{"taxonomy":"product_cat","embeddable":true,"href":"https:\/\/soleilsky.com.tr\/shop\/wp-json\/wp\/v2\/product_cat?post=5294"},{"taxonomy":"product_tag","embeddable":true,"href":"https:\/\/soleilsky.com.tr\/shop\/wp-json\/wp\/v2\/product_tag?post=5294"}],"curies":[{"name":"wp","href":"https:\/\/api.w.org\/{rel}","templated":true}]}}