{"id":5324,"date":"2020-10-14T16:23:50","date_gmt":"2020-10-14T16:23:50","guid":{"rendered":"https:\/\/soleilsky.com.tr\/shop\/?post_type=product&#038;p=5324"},"modified":"2021-07-06T08:57:03","modified_gmt":"2021-07-06T08:57:03","slug":"mavic-pro-batarya-platinum","status":"publish","type":"product","link":"https:\/\/soleilsky.com.tr\/shop\/urun\/mavic-pro-batarya-platinum\/","title":{"rendered":"MAVIC PRO BATARYA (PLATINUM)"},"content":{"rendered":"<p>Mavic 2 Ak\u0131ll\u0131 U\u00e7u\u015f Bataryas\u0131<\/p>\n<hr \/>\n<p>-Y\u00fcksek kapasite LiPo h\u00fccreleri<br \/>\n-31 dakika u\u00e7u\u015f s\u00fcresi<br \/>\n-Bir\u00e7ok ak\u0131ll\u0131 batarya koruma \u00f6zellikleri<\/p>\n<hr \/>\n<p>Mavic 2 Ak\u0131ll\u0131 U\u00e7u\u015f Bataryas\u0131 59.29 Wh kapasiteye sahiptir ve maksimum u\u00e7u\u015f s\u00fcresi 31 dakikad\u0131r. Dahili DJI Ak\u0131ll\u0131 Batarya \u0130dare Sistemi ile batarya durumu ger\u00e7ek zamanl\u0131 olarak izlenir ve rapor edilir, b\u00f6ylece batarya seviyenize de\u011fil muhte\u015fem u\u00e7u\u015flar yapmaya odaklanabilirsiniz.<\/p>\n<hr \/>\n<p>\u00d6nemli \u00d6zellikleri<\/p>\n<p>\u2022 Y\u00fcksek kapasite LiPo h\u00fccreleri<br \/>\n\u2022 31 dakika u\u00e7u\u015f s\u00fcresi<br \/>\n\u2022 Bir\u00e7ok ak\u0131ll\u0131 batarya koruma \u00f6zellikleri<\/p>\n<hr \/>\n<p>Kutu \u0130\u00e7eri\u011fi<br \/>\n-Ak\u0131ll\u0131 U\u00e7u\u015f Bataryas\u0131 x 1<\/p>\n<hr \/>\n<p>Teknik \u00d6zellikler<br \/>\n-Batarya Tipi: D\u00f6rt h\u00fccreli LiPo batarya<br \/>\nNominal Kapasite: 3850 mAh, 59.29 Wh (Tipik De\u011fer)<br \/>\nNominal Voltaj: 15.4 V<br \/>\nS\u0131n\u0131rl\u0131 \u015earj Voltaj\u0131: 17.6 V<br \/>\n\u015earj S\u0131cakl\u0131\u011f\u0131: -10-60 C<br \/>\nDe\u015farj S\u0131cakl\u0131\u011f\u0131: 5-40 C<\/p>\n<hr \/>\n<p>Uyumluluk<br \/>\n-Mavic 2 Pro<br \/>\n-Mavic 2 Zoom<br \/>\n-Mavic 2 \u015earj Aleti<br \/>\n-Mavic 2 Ara\u00e7 \u015earj Cihaz\u0131<br \/>\n-Mavic 2 \u00c7oklu \u015earj Cihaz\u0131<br \/>\n-Mavic 2 Bataryadan Power Bank\u2019a Adapt\u00f6r\u00fc<\/p>\n","protected":false},"excerpt":{"rendered":"<p>MAVIC PRO BATARYA (PLATINUM)<\/p>\n","protected":false},"featured_media":5327,"comment_status":"open","ping_status":"closed","template":"","meta":[],"product_cat":[239],"product_tag":[240,241,234,235],"_links":{"self":[{"href":"https:\/\/soleilsky.com.tr\/shop\/wp-json\/wp\/v2\/product\/5324"}],"collection":[{"href":"https:\/\/soleilsky.com.tr\/shop\/wp-json\/wp\/v2\/product"}],"about":[{"href":"https:\/\/soleilsky.com.tr\/shop\/wp-json\/wp\/v2\/types\/product"}],"replies":[{"embeddable":true,"href":"https:\/\/soleilsky.com.tr\/shop\/wp-json\/wp\/v2\/comments?post=5324"}],"wp:featuredmedia":[{"embeddable":true,"href":"https:\/\/soleilsky.com.tr\/shop\/wp-json\/wp\/v2\/media\/5327"}],"wp:attachment":[{"href":"https:\/\/soleilsky.com.tr\/shop\/wp-json\/wp\/v2\/media?parent=5324"}],"wp:term":[{"taxonomy":"product_cat","embeddable":true,"href":"https:\/\/soleilsky.com.tr\/shop\/wp-json\/wp\/v2\/product_cat?post=5324"},{"taxonomy":"product_tag","embeddable":true,"href":"https:\/\/soleilsky.com.tr\/shop\/wp-json\/wp\/v2\/product_tag?post=5324"}],"curies":[{"name":"wp","href":"https:\/\/api.w.org\/{rel}","templated":true}]}}