{"id":5330,"date":"2020-10-16T13:25:10","date_gmt":"2020-10-16T13:25:10","guid":{"rendered":"https:\/\/soleilsky.com.tr\/shop\/?post_type=product&#038;p=5330"},"modified":"2022-01-08T09:38:40","modified_gmt":"2022-01-08T09:38:40","slug":"dji-mavic-air-fly-more-combo","status":"publish","type":"product","link":"https:\/\/soleilsky.com.tr\/shop\/urun\/dji-mavic-air-fly-more-combo\/","title":{"rendered":"DJI MAVIC AIR 2 FLY MORE COMBO"},"content":{"rendered":"<h2><span class=\"c1\"><strong>DJI MAVIC AIR 2 FLY MORE COMBO<\/strong><\/span><\/h2>\n<div>Mavic Serisinin yeni \u00fcyesi\u00a0DJI Mavic Air 2\u00a0\u00e7ok daha fazlas\u0131 mottosu ile \u00fcretildi. 1\/2-\u0130n\u00e7 Sens\u00f6r\u00fc ile 48MP foto\u011fraf, 4k\/60fps videolar \u00e7ekebilirsiniz.\u00a0Mavic Air 2, g\u00fcvenlik sens\u00f6rleri\u00a0 sayesinde APAS(Aktif Pilot Asistan Sistemi) 3.0 ile objelerden ka\u00e7\u0131narak 34 dakika u\u00e7u\u015f s\u00fcresi ve 10km video aktar\u0131m mesafesi sunuyor.<\/div>\n<div><\/div>\n<div>Mavic Air 2, \u00e7arp\u0131c\u0131 sonu\u00e7lar i\u00e7in g\u00fc\u00e7l\u00fc kameras\u0131n\u0131 ak\u0131ll\u0131 \u00e7ekim modlar\u0131yla birle\u015ftirdi. 8K HyperLapse, HDR, FocusTrack, Active Track 3.0, Spotlight ve Point of Interest 3.0 Teknolojileri ile hayal g\u00fcc\u00fcn\u00fcz\u00fc, s\u0131n\u0131rlar\u0131na kadar zorlay\u0131n.<\/div>\n","protected":false},"excerpt":{"rendered":"<h3>DJI Mavic Air 2 Fly More Combo Drone<\/h3>\n<h3>LEXAR 1066x 64 GB microSD kart (10 y\u0131l garantili) HED\u0130YEL\u0130<\/h3>\n<p>&nbsp;<\/p>\n<h3>Genel \u00d6zellikler<\/h3>\n<ul>\n<li>48MP Foto\u011fraf ve 4K \/ 60fps Video<\/li>\n<li>34 Dakika Max U\u00e7u\u015f S\u00fcresi<\/li>\n<li>10km 1080p Video Aktar\u0131m\u0131<\/li>\n<li>HDR<\/li>\n<li>FocusTrack<\/li>\n<li>8K Hyperlapse<\/li>\n<\/ul>\n<h3><\/h3>\n","protected":false},"featured_media":5332,"comment_status":"open","ping_status":"closed","template":"redux-templates_canvas","meta":[],"product_cat":[681],"product_tag":[246,234,235,247,238,237,245],"_links":{"self":[{"href":"https:\/\/soleilsky.com.tr\/shop\/wp-json\/wp\/v2\/product\/5330"}],"collection":[{"href":"https:\/\/soleilsky.com.tr\/shop\/wp-json\/wp\/v2\/product"}],"about":[{"href":"https:\/\/soleilsky.com.tr\/shop\/wp-json\/wp\/v2\/types\/product"}],"replies":[{"embeddable":true,"href":"https:\/\/soleilsky.com.tr\/shop\/wp-json\/wp\/v2\/comments?post=5330"}],"wp:featuredmedia":[{"embeddable":true,"href":"https:\/\/soleilsky.com.tr\/shop\/wp-json\/wp\/v2\/media\/5332"}],"wp:attachment":[{"href":"https:\/\/soleilsky.com.tr\/shop\/wp-json\/wp\/v2\/media?parent=5330"}],"wp:term":[{"taxonomy":"product_cat","embeddable":true,"href":"https:\/\/soleilsky.com.tr\/shop\/wp-json\/wp\/v2\/product_cat?post=5330"},{"taxonomy":"product_tag","embeddable":true,"href":"https:\/\/soleilsky.com.tr\/shop\/wp-json\/wp\/v2\/product_tag?post=5330"}],"curies":[{"name":"wp","href":"https:\/\/api.w.org\/{rel}","templated":true}]}}