{"id":5339,"date":"2020-10-16T14:01:14","date_gmt":"2020-10-16T14:01:14","guid":{"rendered":"https:\/\/soleilsky.com.tr\/shop\/?post_type=product&#038;p=5339"},"modified":"2022-01-08T09:38:23","modified_gmt":"2022-01-08T09:38:23","slug":"dji-mavic-2-pro","status":"publish","type":"product","link":"https:\/\/soleilsky.com.tr\/shop\/urun\/dji-mavic-2-pro\/","title":{"rendered":"DJI MAVIC 2 PRO"},"content":{"rendered":"<p>Dji Mavic 2 Pro Drone<\/p>\n<h2>Hasselblad L1D-20C Kamera \u0130konik G\u00f6r\u00fcnt\u00fc Kalitesi 20 Mp 1\u2019\u2019 Cmos Sens\u00f6r Ayarlanabilir Pervane Yuvas\u0131, F\/2.8 \u2013F\/11 10-Bit Dlog-M Renk Profili 10-Bit Hdr Video<\/h2>\n","protected":false},"excerpt":{"rendered":"<p>Hayalimiz her zaman m\u00fchendisli\u011fin, teknolojinin, ve hava foto\u011fraf\u00e7\u0131s\u0131n\u0131n ihtiya\u00e7lar\u0131n\u0131n bir araya geldi\u011fi bir drone yapmak olmu\u015ftur.DJI\u2019\u0131n t\u00fcm imza teknolojilerini b\u00fcnyesinde bar\u0131nd\u0131ran ve hava foto\u011fraf\u00e7\u0131l\u0131\u011f\u0131 i\u00e7in m\u00fcmk\u00fcn olan \u015feyleri yeniden tan\u0131mlayan bir drone.Mavic 2\u2019yi yaratarak bu hayalimizi ger\u00e7ekle\u015ftirdik.<\/p>\n","protected":false},"featured_media":5342,"comment_status":"open","ping_status":"closed","template":"redux-templates_canvas","meta":[],"product_cat":[681],"product_tag":[234,235,237,242],"_links":{"self":[{"href":"https:\/\/soleilsky.com.tr\/shop\/wp-json\/wp\/v2\/product\/5339"}],"collection":[{"href":"https:\/\/soleilsky.com.tr\/shop\/wp-json\/wp\/v2\/product"}],"about":[{"href":"https:\/\/soleilsky.com.tr\/shop\/wp-json\/wp\/v2\/types\/product"}],"replies":[{"embeddable":true,"href":"https:\/\/soleilsky.com.tr\/shop\/wp-json\/wp\/v2\/comments?post=5339"}],"wp:featuredmedia":[{"embeddable":true,"href":"https:\/\/soleilsky.com.tr\/shop\/wp-json\/wp\/v2\/media\/5342"}],"wp:attachment":[{"href":"https:\/\/soleilsky.com.tr\/shop\/wp-json\/wp\/v2\/media?parent=5339"}],"wp:term":[{"taxonomy":"product_cat","embeddable":true,"href":"https:\/\/soleilsky.com.tr\/shop\/wp-json\/wp\/v2\/product_cat?post=5339"},{"taxonomy":"product_tag","embeddable":true,"href":"https:\/\/soleilsky.com.tr\/shop\/wp-json\/wp\/v2\/product_tag?post=5339"}],"curies":[{"name":"wp","href":"https:\/\/api.w.org\/{rel}","templated":true}]}}