{"id":5345,"date":"2020-10-16T14:35:19","date_gmt":"2020-10-16T14:35:19","guid":{"rendered":"https:\/\/soleilsky.com.tr\/shop\/?post_type=product&#038;p=5345"},"modified":"2022-01-08T09:38:12","modified_gmt":"2022-01-08T09:38:12","slug":"dji-mavic-2-zoom","status":"publish","type":"product","link":"https:\/\/soleilsky.com.tr\/shop\/urun\/dji-mavic-2-zoom\/","title":{"rendered":"DJI MAVIC 2 ZOOM"},"content":{"rendered":"<div class=\"col-md-12\">\n<div>\n<div class=\"col-md-12\">\n<h3>Mavic 2 Zoom<\/h3>\n<p>1\/2.3-inch 12-megapixel sens\u00f6r ve 4x zoom ile g\u00fc\u00e7lendirilmi\u015f Zoom Kamera, 2x optik zoom (24\u201348 mm) lense sahiptir, Mavic 2 Zoom dinamik perspektifler i\u00e7indir. Daha yarat\u0131c\u0131 se\u00e7enekler i\u00e7in Mavic 2 Zoom, her \u015feyi geni\u015f a\u00e7\u0131dan (24mm) orta a\u00e7\u0131ya(48mm) kaydetmenizi sa\u011flar.<\/p>\n<\/div>\n<div class=\"col-md-12\">\n<h3>Daha Anlaml\u0131 Orta Seviye \u00c7ekim<\/h3>\n<p>24mm geni\u015f a\u00e7\u0131l\u0131 lense k\u0131yasla, 48mm telefoto lens, perspektifinizi s\u0131k\u0131\u015ft\u0131rarak klasik sinematik g\u00f6r\u00fcnt\u00fc i\u00e7in parallax efektini geli\u015ftirir.Art\u0131k hava foto\u011fraf\u00e7\u0131l\u0131\u011f\u0131n\u0131n yepyeni bir d\u00fcnyas\u0131, daha destans\u0131 ve sinematik \u00e7ekimlerle ke\u015ffedilmeye a\u00e7\u0131k.<\/p>\n<\/div>\n<div class=\"col-md-12\">\n<h3>Bir Manzara Bulman\u0131n Endi\u015fesiz Yolu<\/h3>\n<p>Full HD video \u00e7ekerken, 4x kay\u0131ps\u0131z zoom (2x optik zoom dahil), uzaktaki nesnelerin daha yak\u0131ndan g\u00f6r\u00fclmesini sa\u011flayarak, e\u015fsiz manzaralar\u0131n uzaktan \u00e7ekimini kolayla\u015ft\u0131r\u0131r.Bu se\u00e7enek binalarla, ara\u00e7larla, hayvanlarla ve insanlarla aran\u0131za daha g\u00fcvenli bir mesafe koyman\u0131z\u0131 sa\u011flar.<\/p>\n<\/div>\n<div class=\"col-md-12\">\n<h3>H\u0131zl\u0131 ve Tutarl\u0131 Odak<\/h3>\n<p>Mavic 2 Zoom\u2019daki hibrit otomatik odaklama, daha y\u00fcksek odak tutarl\u0131l\u0131\u011f\u0131 ve \u00f6ncekinden %40 daha fazla odaklama h\u0131z\u0131 i\u00e7in faz ve kontrast alg\u0131lamay\u0131 birle\u015ftiriyor.Otomatik odak takip sistemi zoom s\u0131ras\u0131nda nesnelerin net ve keskin g\u00f6r\u00fcnmesini sa\u011flar.<\/p>\n<\/div>\n<div class=\"col-md-12\">\n<h3>U\u00e7u\u015f S\u0131ras\u0131nda Zoom<\/h3>\n<p>Dolly Zoom, Mavic 2 Zoom i\u00e7in yeni bir Quickshot\u2019t\u0131r ve tam entegre bir drone i\u00e7erisinden ba\u015fka bir bak\u0131\u015f a\u00e7\u0131s\u0131 sunar.Dolly Zoom u\u00e7u\u015f s\u0131ras\u0131nda oda\u011f\u0131 ayarlayarak videonuza yo\u011fun bir warping g\u00f6rsel efekt ekler.Manuel u\u00e7u\u015f yaparken, daha yarat\u0131c\u0131 \u00e7ekim se\u00e7enekleri i\u00e7in uygun odaklama h\u0131z\u0131 de\u011ferlerini ayarlayabilirsiniz.<\/p>\n<\/div>\n<div>\n<div class=\"col-md-12\">\n<div><\/div>\n<\/div>\n<\/div>\n<div class=\"col-md-12\">\n<h3>S\u00fcper \u00c7\u00f6z\u00fcn\u00fcrl\u00fckl\u00fc Foto\u011fraflar<\/h3>\n<p>Mavic 2 Zoom ayn\u0131 zamanda manzara foto\u011fraf\u00e7\u0131l\u0131\u011f\u0131n\u0131z\u0131n haketti\u011fi canl\u0131 detaylar\u0131 yakalarken \u00f6nemli olan yepyeni bir S\u00fcper \u00c7\u00f6z\u00fcn\u00fcrl\u00fck \u00f6zelli\u011fine sahip.24 mm e\u015fde\u011fer bir g\u00f6r\u00fc\u015f alan\u0131 ile foto\u011fraf \u00e7ekerken kamera, telefoto lensiyle 9 foto\u011fraf \u00e7ekip bu foto\u011fraflar\u0131 birle\u015ftirerek, 48 megapiksek s\u00fcper \u00e7\u00f6z\u00fcn\u00fcrl\u00fckl\u00fc foto\u011fraf elde eder.S\u0131radan manzaralarla kar\u015f\u0131la\u015ft\u0131r\u0131ld\u0131\u011f\u0131nda, s\u00fcper \u00e7\u00f6z\u00fcn\u00fcrl\u00fckteki foto\u011fraflar \u00e7ekim hedeflerinin orijinal g\u00f6r\u00fcn\u00fcm\u00fcn\u00fc daha tutarl\u0131 bir kompozisyonla korur.<\/p>\n<\/div>\n<div class=\"col-md-12\" title=\"Yeni Mavic2 Fiyat\u0131\">\n<div title=\"Mavic 2 Pro\"><img decoding=\"async\" src=\"https:\/\/images.oyuncakhobi.com\/Resim2\/Dosyalar\/images\/dji\/mavic\/mavic2_06.jpg\" alt=\"Mavic 2 Pro HDR\" \/><\/div>\n<\/div>\n<\/div>\n<\/div>\n<hr \/>\n<div>\n<div class=\"col-md-12\">\n<h3>Bir Profesyonel Gibi \u00c7ekim Yap\u0131n<\/h3>\n<p>Her iki Mavic 2 kamera da, DJI\u2019\u0131n en yeni 3 eksenli gimbal teknolojisini kullanarak hemen hemen her durumda d\u00fczg\u00fcn ve istikrarl\u0131 \u00e7ekim sa\u011flamaktad\u0131r.<\/p>\n<\/div>\n<\/div>\n<div class=\"col-md-12\" title=\"Yeni Mavic 2\">\n<div title=\"MAVIC 2\"><img decoding=\"async\" src=\"https:\/\/images.oyuncakhobi.com\/Resim2\/Dosyalar\/images\/dji\/mavic\/mavic2_07.jpg\" alt=\"Mavic 2 En uygun fiyat\" \/><\/div>\n<\/div>\n<div class=\"col-md-12\">\n<div class=\"col-md-9\">\n<p>DJI\u00a0Orjinal \u00fcr\u00fcn g\u00fcvencesiyle<\/p>\n<\/div>\n<\/div>\n","protected":false},"excerpt":{"rendered":"<h2><strong>Dj\u0131 Mav\u0131c 2 Zoom<\/strong> 24-48Mm Optik Zoom Camera En \u00dcst D\u00fczey Esneklik 12Mp 1\/2,3\u2019\u2019 Cmos Sens\u00f6r 48 Mp S\u00fcper \u00c7\u00f6z\u00fcn\u00fcrl\u00fckl\u00fc Foto\u011fraf 4X Kay\u0131ps\u0131z Zoom Dhf Video Dolly Zoom<\/h2>\n","protected":false},"featured_media":5346,"comment_status":"open","ping_status":"closed","template":"","meta":[],"product_cat":[681],"product_tag":[],"_links":{"self":[{"href":"https:\/\/soleilsky.com.tr\/shop\/wp-json\/wp\/v2\/product\/5345"}],"collection":[{"href":"https:\/\/soleilsky.com.tr\/shop\/wp-json\/wp\/v2\/product"}],"about":[{"href":"https:\/\/soleilsky.com.tr\/shop\/wp-json\/wp\/v2\/types\/product"}],"replies":[{"embeddable":true,"href":"https:\/\/soleilsky.com.tr\/shop\/wp-json\/wp\/v2\/comments?post=5345"}],"wp:featuredmedia":[{"embeddable":true,"href":"https:\/\/soleilsky.com.tr\/shop\/wp-json\/wp\/v2\/media\/5346"}],"wp:attachment":[{"href":"https:\/\/soleilsky.com.tr\/shop\/wp-json\/wp\/v2\/media?parent=5345"}],"wp:term":[{"taxonomy":"product_cat","embeddable":true,"href":"https:\/\/soleilsky.com.tr\/shop\/wp-json\/wp\/v2\/product_cat?post=5345"},{"taxonomy":"product_tag","embeddable":true,"href":"https:\/\/soleilsky.com.tr\/shop\/wp-json\/wp\/v2\/product_tag?post=5345"}],"curies":[{"name":"wp","href":"https:\/\/api.w.org\/{rel}","templated":true}]}}