{"id":5350,"date":"2020-10-16T14:56:26","date_gmt":"2020-10-16T14:56:26","guid":{"rendered":"https:\/\/soleilsky.com.tr\/shop\/?post_type=product&#038;p=5350"},"modified":"2022-01-08T09:38:00","modified_gmt":"2022-01-08T09:38:00","slug":"dji-mavic-mini-fly-more-combo","status":"publish","type":"product","link":"https:\/\/soleilsky.com.tr\/shop\/urun\/dji-mavic-mini-fly-more-combo\/","title":{"rendered":"DJI MAVIC MINI FLY MORE COMBO"},"content":{"rendered":"<p>Dji Mavic Mini Fly More Combo Drone<\/p>\n<div class=\"container\">\n<div class=\"product-content-middle\">\n<div class=\"product-detail-tab\">\n<div class=\"row\">\n<div class=\"active col-12\">\n<div class=\"product-detail\">\n<p title=\"Mavic Mini\"><b>Mavic Mini Combo<\/b><\/p>\n<div title=\"DJI Mavic Mini\">\n<div class=\"col-md-12\">\n<div><img decoding=\"async\" src=\"https:\/\/images.hepsiburada.net\/assets\/ProductDescription\/201911\/b520f88c-e0a3-47a9-8660-0bef6665e558.jpg\" alt=\"Mavic Mini Edition\" \/><\/div>\n<div class=\"col-md-12\" title=\"Mavic Mini\">\n<h1><b>Mavic Mini<\/b><\/h1>\n<hr \/>\n<p>&nbsp;<\/p>\n<div>\n<p>&nbsp;<\/p>\n<div><img decoding=\"async\" src=\"https:\/\/images.hepsiburada.net\/assets\/ProductDescription\/201911\/b14ee8fb-c3f3-48d7-b8f6-e5b1cf25cac2.png\" alt=\"DJI Mavic Mini Edition\" \/><\/div>\n<div><strong>Mavic Mini,G\u00f6ky\u00fcz\u00fcn\u00fc A\u00e7<\/strong><\/div>\n<div>Kompakt ama g\u00fc\u00e7l\u00fc Mavic Mini, anlar\u0131n\u0131z\u0131 s\u0131radan zahmetsizce art\u0131racak \u015fekilde yakalayan m\u00fckemmel yarat\u0131c\u0131 bir arkada\u015ft\u0131r. Kullan\u0131m\u0131 kolay DJI Fly uygulamas\u0131yla birlikte, u\u00e7ma deneyiminin ve potansiyel m\u00fc\u015fterinin tad\u0131n\u0131 \u00e7\u0131karacaks\u0131n\u0131z.<\/div>\n<p>&nbsp;<\/p>\n<hr \/>\n<\/div>\n<div>\n<p>&nbsp;<\/p>\n<div><img decoding=\"async\" src=\"https:\/\/images.hepsiburada.net\/assets\/ProductDescription\/201911\/a33ab47e-0451-4214-a3d6-0762f107850d.jpg\" alt=\"Mavic Mini Specs\" \/>\u00a0<img decoding=\"async\" src=\"https:\/\/images.hepsiburada.net\/assets\/ProductDescription\/201911\/9de14b45-e2e2-47d8-8bc7-30f039e1abca.png\" alt=\"Mavic Mini\" \/><\/div>\n<div><img decoding=\"async\" src=\"https:\/\/images.hepsiburada.net\/assets\/ProductDescription\/201911\/3941b7a7-1484-4b3a-9030-1bf5b813e3c6.png\" alt=\"Mavic Mini\" \/><\/div>\n<div><img decoding=\"async\" src=\"https:\/\/images.hepsiburada.net\/assets\/ProductDescription\/201911\/19e28de4-6386-4e9b-9a9e-3940410eee19.png\" alt=\"Mavic Mini\" \/><\/div>\n<div><img decoding=\"async\" src=\"https:\/\/images.hepsiburada.net\/assets\/ProductDescription\/201911\/efe8508f-c777-43d9-af80-379a52751fa0.png\" alt=\"Mavic Mini\" \/><\/div>\n<p>&nbsp;<\/p>\n<hr \/>\n<\/div>\n<div>\n<p>&nbsp;<\/p>\n<div><b>Bir Ak\u0131ll\u0131 Telefon Kadar Hafif<\/b><\/div>\n<div>250 gram\u0131n alt\u0131nda olan Mavic Mini, ortalama bir ak\u0131ll\u0131 telefon kadar hafif. Bu, onu bir\u00e7ok \u00fclkede belirli d\u00fczenlemelerden muaf tutabilecek son derece kolay ve g\u00fcvenli a\u011f\u0131rl\u0131k s\u0131n\u0131f\u0131 u\u00e7aklard\u0131r.<\/div>\n<p>&nbsp;<\/p>\n<hr \/>\n<\/div>\n<div>\n<p>&nbsp;<\/p>\n<div><b>Kolay Kullan\u0131m<\/b><\/div>\n<div>Yeni DJI Fly uygulamas\u0131, sadece birka\u00e7 dokunu\u015fla sinema \u00e7ekimleri yapman\u0131za olanak tan\u0131yan basit ve sezgisel bir kullan\u0131c\u0131 deneyimi sunar. Mavic Mini ile h\u0131zl\u0131 ve g\u00fcvenli bir \u015fekilde \u00e7al\u0131\u015fmaya ba\u015flaman\u0131z\u0131 sa\u011flayan bir \u00f6zellik olan Flight Tutorial&#8217;a da sahiptir.<\/div>\n<p>&nbsp;<\/p>\n<hr \/>\n<\/div>\n<div>\n<p>&nbsp;<\/p>\n<div><b>Taslaklar ile Harika Videolar<\/b><\/div>\n<div>DJI Fly uygulamas\u0131, sadece bir dokunu\u015fla harika videolar \u00fcreten \u00e7e\u015fitli Creator Templates \u00fcr\u00fcn\u00fcn\u00fc sunar. D\u00fczenleme deneyimi olmayan yeni ba\u015flayanlar bile her an bir sosyal medyaya d\u00f6n\u00fc\u015febilir.<\/div>\n<p>&nbsp;<\/p>\n<hr \/>\n<\/div>\n<div>\n<p>&nbsp;<\/p>\n<div><b>CineSmooth Modu<\/b><\/div>\n<div>Sinematik G\u00f6r\u00fcnt\u00fcler \u0130\u00e7in D\u00fczg\u00fcn Hareket<\/div>\n<div>Ek bir hassasiyet ve denge katman\u0131 i\u00e7in Mavic Mini h\u0131z\u0131n\u0131 ve hareketlerini yava\u015flat\u0131n. Bu mod \u00f6zellikle dar veya karma\u015f\u0131k alanlarda u\u00e7arken kullan\u0131\u015fl\u0131d\u0131r.<\/div>\n<p>&nbsp;<\/p>\n<hr \/>\n<\/div>\n<div>\n<p>&nbsp;<\/p>\n<div><b>Stabilize Gimbal Kamera<\/b><\/div>\n<div>Herhangi Bir An\u0131 D\u00f6n\u00fc\u015ft\u00fcr<\/div>\n<div>Bir Sanat Eserine<\/div>\n<div>Mavic Mini, 12MP hava foto\u011fraflar\u0131 ve 2.7K Quad HD videolar\u0131 destekler. 3 eksenli motorlu ve net, ultra yumu\u015fak g\u00f6r\u00fcnt\u00fc.<\/div>\n<div><img decoding=\"async\" src=\"https:\/\/images.hepsiburada.net\/assets\/ProductDescription\/201911\/33976059-9ca1-4a46-8445-0fcbebf31562.jpg\" alt=\"Mavic Mini in the box list\" \/><\/div>\n<p>&nbsp;<\/p>\n<hr \/>\n<\/div>\n<div><img decoding=\"async\" src=\"https:\/\/images.hepsiburada.net\/assets\/ProductDescription\/201911\/ed2355b2-ea1d-4a47-9bcd-c3e64f3b823a.jpg\" alt=\"Mavic Mini Let creativity fly\" \/>\u00a0<img decoding=\"async\" src=\"https:\/\/images.hepsiburada.net\/assets\/ProductDescription\/201911\/a3028748-41fd-49b9-af64-36d99f9798d7.png\" alt=\"Mavic Mini Let creativity fly\" \/><\/div>\n<\/div>\n<\/div>\n<div class=\"clearfix\"><\/div>\n<\/div>\n<\/div>\n<div class=\"product-specs-table\">\n<table class=\"table\">\n<tbody>\n<tr>\n<td>U\u00e7u\u015f S\u00fcresi<\/td>\n<td>:<\/td>\n<td>30 dk<\/td>\n<\/tr>\n<tr>\n<td>Kontrol Mesafesi<\/td>\n<td>:<\/td>\n<td>2 km<\/td>\n<\/tr>\n<tr>\n<td>Kamera \u00c7\u00f6z\u00fcn\u00fcrl\u00fc\u011f\u00fc<\/td>\n<td>:<\/td>\n<td>2.7K<\/td>\n<\/tr>\n<tr>\n<td>Foto\u011fraf \u00c7\u00f6z\u00fcn\u00fcrl\u00fc\u011f\u00fc<\/td>\n<td>:<\/td>\n<td>12 MP<\/td>\n<\/tr>\n<tr>\n<td>A\u011f\u0131rl\u0131k<\/td>\n<td>:<\/td>\n<td>250 Gram Alt\u0131<\/td>\n<\/tr>\n<tr>\n<td>Takip Etme Modu<\/td>\n<td>:<\/td>\n<td>Yok<\/td>\n<\/tr>\n<tr>\n<td>Kalk\u0131\u015f Noktas\u0131na D\u00f6n\u00fc\u015f<\/td>\n<td>:<\/td>\n<td>Evet<\/td>\n<\/tr>\n<\/tbody>\n<\/table>\n<\/div>\n<\/div>\n<\/div>\n<\/div>\n<\/div>\n<\/div>\n<div class=\"product-content-bottom\">\n<div class=\"similar-products-container\">\n<div class=\"container\">\n<div class=\"default-products similar-products\"><\/div>\n<\/div>\n<\/div>\n<\/div>\n<div><\/div>\n<p>&nbsp;<\/p>\n<div class=\"desc-video\" data-video=\"https:\/\/images.hepsiburada.net\/assets\/videos\/ProductVideos\/HBV00000OF9G6.mp4\"><\/div>\n","protected":false},"excerpt":{"rendered":"<div>Dji Mavic Mini Fly More Combo<\/div>\n<div><\/div>\n<h3>Kompakt Mavic Mini , s\u0131n\u0131rs\u0131z e\u011flence i\u00e7in heyecan verici \u00f6zellikler sunan yeni ba\u015flayanlar i\u00e7in m\u00fckemmel bir u\u00e7akt\u0131r. Mavic Mini, Mavic serisi program\u0131nda en hafif ve en ta\u015f\u0131nabilir drone. Yeni DJI Fly uygulamas\u0131yla birle\u015ftirilen Mavic Mini, basit ve sezgisel bir u\u00e7u\u015f deneyimi sunuyor.<\/h3>\n","protected":false},"featured_media":5354,"comment_status":"open","ping_status":"closed","template":"redux-templates_canvas","meta":[],"product_cat":[681],"product_tag":[234,235,238,237,244],"_links":{"self":[{"href":"https:\/\/soleilsky.com.tr\/shop\/wp-json\/wp\/v2\/product\/5350"}],"collection":[{"href":"https:\/\/soleilsky.com.tr\/shop\/wp-json\/wp\/v2\/product"}],"about":[{"href":"https:\/\/soleilsky.com.tr\/shop\/wp-json\/wp\/v2\/types\/product"}],"replies":[{"embeddable":true,"href":"https:\/\/soleilsky.com.tr\/shop\/wp-json\/wp\/v2\/comments?post=5350"}],"wp:featuredmedia":[{"embeddable":true,"href":"https:\/\/soleilsky.com.tr\/shop\/wp-json\/wp\/v2\/media\/5354"}],"wp:attachment":[{"href":"https:\/\/soleilsky.com.tr\/shop\/wp-json\/wp\/v2\/media?parent=5350"}],"wp:term":[{"taxonomy":"product_cat","embeddable":true,"href":"https:\/\/soleilsky.com.tr\/shop\/wp-json\/wp\/v2\/product_cat?post=5350"},{"taxonomy":"product_tag","embeddable":true,"href":"https:\/\/soleilsky.com.tr\/shop\/wp-json\/wp\/v2\/product_tag?post=5350"}],"curies":[{"name":"wp","href":"https:\/\/api.w.org\/{rel}","templated":true}]}}