{"id":5355,"date":"2020-10-16T15:19:18","date_gmt":"2020-10-16T15:19:18","guid":{"rendered":"https:\/\/soleilsky.com.tr\/shop\/?post_type=product&#038;p=5355"},"modified":"2020-11-03T12:21:31","modified_gmt":"2020-11-03T12:21:31","slug":"dji-mavic-mini-batarya-part-4","status":"publish","type":"product","link":"https:\/\/soleilsky.com.tr\/shop\/urun\/dji-mavic-mini-batarya-part-4\/","title":{"rendered":"DJI Mavic Mini Batarya Part 4"},"content":{"rendered":"<p>Mavic Mini Ak\u0131ll\u0131 U\u00e7u\u015f Pili, 30 dakikal\u0131k bir maksimum u\u00e7u\u015f s\u00fcresi sa\u011flar. Dahili bir DJI Ak\u0131ll\u0131 Ak\u00fc Y\u00f6netim Sistemi ile, ak\u00fc durumu ger\u00e7ek zamanl\u0131 olarak izlenir ve raporlan\u0131r, b\u00f6ylece g\u00fc\u00e7 seviyelerine daha az odaklanman\u0131za ve u\u00e7maya daha fazla odaklanman\u0131za izin verir.<br \/>\n30 dakikaya kadar u\u00e7u\u015f s\u00fcresi sa\u011flar.<\/p>\n<p>Kutuda<br \/>\nAk\u0131ll\u0131 U\u00e7u\u015f Pili \u00d7 1<\/p>\n<p>\u00d6zellikler<br \/>\nModel: MB2-2400mAh-7.2V<br \/>\nAnma Kapasitesi: 2400 mAh<br \/>\nPil t\u00fcr\u00fc: Li-ion 2s<br \/>\nAnma Gerilimi: 7,2 V<br \/>\nS\u0131n\u0131rl\u0131 \u015earj Gerilimi: 8,4 V<br \/>\nMaksimum \u015earj G\u00fcc\u00fc: 24 W<br \/>\n\u015earj S\u0131cakl\u0131\u011f\u0131: 5 \u00b0 &#8211; 40 \u00b0 C (41 \u00b0 &#8211; 104 \u00b0 F)<\/p>\n<hr \/>\n<h3>Uyumlu Modeller<br \/>\n\u2022 Mavic Mini<\/h3>\n","protected":false},"excerpt":{"rendered":"<h3>Mavic Mini Ak\u0131ll\u0131 U\u00e7u\u015f Pili, 30 dakikal\u0131k bir maksimum u\u00e7u\u015f s\u00fcresi sa\u011flar. Dahili bir DJI Ak\u0131ll\u0131 Ak\u00fc Y\u00f6netim Sistemi ile, ak\u00fc durumu ger\u00e7ek zamanl\u0131 olarak izlenir ve raporlan\u0131r, b\u00f6ylece g\u00fc\u00e7 seviyelerine daha az odaklanman\u0131za ve u\u00e7maya daha fazla odaklanman\u0131za izin verir.<br \/>\n30 dakikaya kadar u\u00e7u\u015f s\u00fcresi sa\u011flar.<\/h3>\n","protected":false},"featured_media":5356,"comment_status":"open","ping_status":"closed","template":"redux-templates_canvas","meta":[],"product_cat":[239],"product_tag":[241,234,235,237,244],"_links":{"self":[{"href":"https:\/\/soleilsky.com.tr\/shop\/wp-json\/wp\/v2\/product\/5355"}],"collection":[{"href":"https:\/\/soleilsky.com.tr\/shop\/wp-json\/wp\/v2\/product"}],"about":[{"href":"https:\/\/soleilsky.com.tr\/shop\/wp-json\/wp\/v2\/types\/product"}],"replies":[{"embeddable":true,"href":"https:\/\/soleilsky.com.tr\/shop\/wp-json\/wp\/v2\/comments?post=5355"}],"wp:featuredmedia":[{"embeddable":true,"href":"https:\/\/soleilsky.com.tr\/shop\/wp-json\/wp\/v2\/media\/5356"}],"wp:attachment":[{"href":"https:\/\/soleilsky.com.tr\/shop\/wp-json\/wp\/v2\/media?parent=5355"}],"wp:term":[{"taxonomy":"product_cat","embeddable":true,"href":"https:\/\/soleilsky.com.tr\/shop\/wp-json\/wp\/v2\/product_cat?post=5355"},{"taxonomy":"product_tag","embeddable":true,"href":"https:\/\/soleilsky.com.tr\/shop\/wp-json\/wp\/v2\/product_tag?post=5355"}],"curies":[{"name":"wp","href":"https:\/\/api.w.org\/{rel}","templated":true}]}}