{"id":5360,"date":"2020-10-17T08:24:44","date_gmt":"2020-10-17T08:24:44","guid":{"rendered":"https:\/\/soleilsky.com.tr\/shop\/?post_type=product&#038;p=5360"},"modified":"2021-07-06T08:57:13","modified_gmt":"2021-07-06T08:57:13","slug":"dji-mavic-air-batarya","status":"publish","type":"product","link":"https:\/\/soleilsky.com.tr\/shop\/urun\/dji-mavic-air-batarya\/","title":{"rendered":"DJI MAVIC AIR BATARYA"},"content":{"rendered":"<h3>Y\u00fcksek yo\u011funluk lityum ile \u00fcretilmi\u015f olan\u00a0dji Mavic Air Batarya Intelligent Flight Battery; makismum 21 dakikaya varan u\u00e7u\u015f s\u00fcresi ile maceran\u0131z\u0131 doruk noktas\u0131na ta\u015f\u0131r.<\/h3>\n<h3><\/h3>\n<ul>\n<li>\n<h3>Kapasite: 3575 mAh<\/h3>\n<\/li>\n<li>\n<h3>Gerilim: 11.55 V , Maksimum 13.2 V<\/h3>\n<\/li>\n<li>\n<h3>Pil Tarz\u0131: LiCoO2<\/h3>\n<\/li>\n<li>\n<h3>Enerji: 27.43 Wh<\/h3>\n<\/li>\n<li>\n<h3>U\u00e7u\u015f S\u00fcresi: Maksimum 21 Dk.<\/h3>\n<\/li>\n<\/ul>\n","protected":false},"excerpt":{"rendered":"<h3>DJI Mavic Air Batarya Intelligent Flight Battery<\/h3>\n","protected":false},"featured_media":5362,"comment_status":"open","ping_status":"closed","template":"","meta":[],"product_cat":[239],"product_tag":[234,243,235,237],"_links":{"self":[{"href":"https:\/\/soleilsky.com.tr\/shop\/wp-json\/wp\/v2\/product\/5360"}],"collection":[{"href":"https:\/\/soleilsky.com.tr\/shop\/wp-json\/wp\/v2\/product"}],"about":[{"href":"https:\/\/soleilsky.com.tr\/shop\/wp-json\/wp\/v2\/types\/product"}],"replies":[{"embeddable":true,"href":"https:\/\/soleilsky.com.tr\/shop\/wp-json\/wp\/v2\/comments?post=5360"}],"wp:featuredmedia":[{"embeddable":true,"href":"https:\/\/soleilsky.com.tr\/shop\/wp-json\/wp\/v2\/media\/5362"}],"wp:attachment":[{"href":"https:\/\/soleilsky.com.tr\/shop\/wp-json\/wp\/v2\/media?parent=5360"}],"wp:term":[{"taxonomy":"product_cat","embeddable":true,"href":"https:\/\/soleilsky.com.tr\/shop\/wp-json\/wp\/v2\/product_cat?post=5360"},{"taxonomy":"product_tag","embeddable":true,"href":"https:\/\/soleilsky.com.tr\/shop\/wp-json\/wp\/v2\/product_tag?post=5360"}],"curies":[{"name":"wp","href":"https:\/\/api.w.org\/{rel}","templated":true}]}}