{"id":5365,"date":"2020-10-17T08:33:21","date_gmt":"2020-10-17T08:33:21","guid":{"rendered":"https:\/\/soleilsky.com.tr\/shop\/?post_type=product&#038;p=5365"},"modified":"2021-07-06T08:58:19","modified_gmt":"2021-07-06T08:58:19","slug":"dji-mavic-air-2-batarya","status":"publish","type":"product","link":"https:\/\/soleilsky.com.tr\/shop\/urun\/dji-mavic-air-2-batarya\/","title":{"rendered":"DJI MAVIC AIR 2 BATARYA (PRO\/ZOOM)"},"content":{"rendered":"<h4>DJI Mavic Air 2 Intelligent Flight Battery<\/h4>\n<hr \/>\n<table id=\"table1\" border=\"0\" width=\"100%\" cellspacing=\"0\" cellpadding=\"0\">\n<tbody>\n<tr>\n<td height=\"50\">\n<h4>Genel Bak\u0131\u015f<\/h4>\n<hr \/>\n<\/td>\n<\/tr>\n<tr>\n<td>\n<h4>Mavic Air 2 Ak\u0131ll\u0131 U\u00e7u\u015f Bataryas\u0131\u00a0maksimum 34 dakikal\u0131k u\u00e7u\u015f s\u00fcresi sa\u011flar. Dahili DJI Ak\u0131ll\u0131 Pil Y\u00f6netim Sistemi ile pil durumu ger\u00e7ek zamanl\u0131 olarak izlenir ve raporlan\u0131r, b\u00f6ylece g\u00fc\u00e7 seviyelerine daha az odaklanman\u0131za ve u\u00e7maya daha fazla odaklanabilirsiniz. Ayn\u0131 zamanda a\u015f\u0131r\u0131 \u015farj ve a\u015f\u0131r\u0131 de\u015farj korumas\u0131 ve d\u00fc\u015f\u00fck s\u0131cakl\u0131k korumas\u0131 sunar.<\/h4>\n<\/td>\n<\/tr>\n<tr>\n<td height=\"50\">\n<h4>\u00d6nemli<\/h4>\n<hr \/>\n<\/td>\n<\/tr>\n<tr>\n<td>\n<h4>Y\u00fcksek enerjili lityum iyon piller<\/h4>\n<h4>34 dakikal\u0131k u\u00e7u\u015f s\u00fcresi<\/h4>\n<h4>\u00c7oklu ak\u0131ll\u0131 pil koruma \u00f6zellikleri<\/h4>\n<\/td>\n<\/tr>\n<tr>\n<td height=\"50\">\n<h4>Kutu i\u00e7eri\u011fi<\/h4>\n<hr \/>\n<\/td>\n<\/tr>\n<tr>\n<td>\n<h4>Mavic Air 2 Ak\u0131ll\u0131 U\u00e7u\u015f Pili \u00d7 1<\/h4>\n<\/td>\n<\/tr>\n<tr>\n<td height=\"50\">\n<h4>\u00d6zellikler<\/h4>\n<hr \/>\n<\/td>\n<\/tr>\n<tr>\n<td>\n<h4>Pil tipi: \u00dc\u00e7 h\u00fccreli polimer lityum iyon pil<\/h4>\n<h4>Nominal Kapasite: 3500 mAh, 40,42 Wh (tipik de\u011fer)<\/h4>\n<h4>Anma Gerilimi: 11.55 V<\/h4>\n<h4>S\u0131n\u0131rl\u0131 \u015earj Gerilimi: 13.2 V<\/h4>\n<h4>\u015earj S\u0131cakl\u0131\u011f\u0131: -10 \u00b0 ila 60 \u00b0 C<\/h4>\n<h4>De\u015farj S\u0131cakl\u0131\u011f\u0131: 5 \u00b0 ila 40 \u00b0 C<\/h4>\n<\/td>\n<\/tr>\n<\/tbody>\n<\/table>\n<h4>Mavic Air 2 Ak\u0131ll\u0131 U\u00e7u\u015f Bataryas\u0131 Uyumlu Drone Modelleri<\/h4>\n<h4>Uyumluluk:<br \/>\n\u2022 DJI Mavic Air 2<\/h4>\n","protected":false},"excerpt":{"rendered":"<div class=\"product-title\">\n<h3>DJI Mavic Air 2 Intelligent Flight Battery<\/h3>\n<\/div>\n<div class=\"product-comments-container\" data-selector=\"add-comment\">\n<div class=\"product-comment-rating jq-ry-container\" data-rank=\"0.00\">\n<div class=\"jq-ry-group-wrapper\">\n<h3 class=\"jq-ry-normal-group jq-ry-group\"><\/h3>\n<h3 class=\"jq-ry-rated-group jq-ry-group\"><\/h3>\n<\/div>\n<\/div>\n<\/div>\n","protected":false},"featured_media":5366,"comment_status":"open","ping_status":"closed","template":"redux-templates_canvas","meta":[],"product_cat":[239],"product_tag":[240,241,234,235,238,237,245],"_links":{"self":[{"href":"https:\/\/soleilsky.com.tr\/shop\/wp-json\/wp\/v2\/product\/5365"}],"collection":[{"href":"https:\/\/soleilsky.com.tr\/shop\/wp-json\/wp\/v2\/product"}],"about":[{"href":"https:\/\/soleilsky.com.tr\/shop\/wp-json\/wp\/v2\/types\/product"}],"replies":[{"embeddable":true,"href":"https:\/\/soleilsky.com.tr\/shop\/wp-json\/wp\/v2\/comments?post=5365"}],"wp:featuredmedia":[{"embeddable":true,"href":"https:\/\/soleilsky.com.tr\/shop\/wp-json\/wp\/v2\/media\/5366"}],"wp:attachment":[{"href":"https:\/\/soleilsky.com.tr\/shop\/wp-json\/wp\/v2\/media?parent=5365"}],"wp:term":[{"taxonomy":"product_cat","embeddable":true,"href":"https:\/\/soleilsky.com.tr\/shop\/wp-json\/wp\/v2\/product_cat?post=5365"},{"taxonomy":"product_tag","embeddable":true,"href":"https:\/\/soleilsky.com.tr\/shop\/wp-json\/wp\/v2\/product_tag?post=5365"}],"curies":[{"name":"wp","href":"https:\/\/api.w.org\/{rel}","templated":true}]}}