{"id":5459,"date":"2020-10-19T13:15:48","date_gmt":"2020-10-19T13:15:48","guid":{"rendered":"https:\/\/soleilsky.com.tr\/shop\/?post_type=product&#038;p=5459"},"modified":"2022-04-05T19:59:19","modified_gmt":"2022-04-05T19:59:19","slug":"lexar-64-gb-300x-sdxc-premium-ii-hafiza-karti","status":"publish","type":"product","link":"https:\/\/soleilsky.com.tr\/shop\/urun\/lexar-64-gb-300x-sdxc-premium-ii-hafiza-karti\/","title":{"rendered":"Lexar 64 GB 300x SDXC Premium II Haf\u0131za Kart\u0131"},"content":{"rendered":"<table>\n<tbody>\n<tr>\n<td class=\"no-border\">\n<div id=\"productDescriptionContent\">\n<p>Lexar 64GB 300X Premium II SDXC Haf\u0131za Kart\u0131 Class10 U1 45MB\/sn (LSD64GBBEU300)<\/p>\n<pre>LEXAR 64GB SDXC 300X Premium II (Class 10) U1 HAFIZA KARTI<\/pre>\n<\/div>\n<\/td>\n<\/tr>\n<\/tbody>\n<\/table>\n<div id=\"ctl00_ContentPlaceHolder1_ProductControl1_MainControl1_TabControl1_ProductDescription1_CustomContentBottom\"><\/div>\n<table>\n<tbody>\n<tr>\n<td class=\"no-border\">\n<table>\n<tbody>\n<tr>\n<td>\n<div class=\"tealium\">\n<div id=\"ccs-inline-content\" class=\"cnet-integration\"><\/div>\n<\/div>\n<\/td>\n<\/tr>\n<\/tbody>\n<\/table>\n<table>\n<tbody>\n<tr>\n<td>\n<div id=\"productTechSpecContainer\">\n<table class=\"data-list tech-spec\">\n<caption>\u00a0<\/caption>\n<tbody>\n<tr>\n<th>Haf\u0131za Kart\u0131 Tipi<\/th>\n<td>SD<\/td>\n<\/tr>\n<tr>\n<th>H\u0131z S\u0131n\u0131rland\u0131rma De\u011feri<\/th>\n<td>Class 10<\/td>\n<\/tr>\n<tr>\n<th>Kapasite<\/th>\n<td>64 GB<\/td>\n<\/tr>\n<tr>\n<th>Kart Cinsi<\/th>\n<td>XC I<\/td>\n<\/tr>\n<tr>\n<th>UHS S\u0131n\u0131fland\u0131rmas\u0131<\/th>\n<td>UHS-I<\/td>\n<\/tr>\n<\/tbody>\n<\/table>\n<table class=\"data-list tech-spec\">\n<caption>Di\u011fer<\/caption>\n<tbody>\n<tr>\n<th>Garanti S\u00fcresi (Ay)<\/th>\n<td>24<\/td>\n<\/tr>\n<tr>\n<th>Yurt D\u0131\u015f\u0131 Sat\u0131\u015f<\/th>\n<td>Yok<\/td>\n<\/tr>\n<tr>\n<th>Stok Kodu<\/th>\n<td>HBV000009KVCH<\/td>\n<\/tr>\n<\/tbody>\n<\/table>\n<\/div>\n<\/td>\n<\/tr>\n<\/tbody>\n<\/table>\n<\/td>\n<\/tr>\n<\/tbody>\n<\/table>\n","protected":false},"excerpt":{"rendered":"<p>Lexar 64 GB 300x SDXC Premium II Haf\u0131za Kart\u0131<\/p>\n","protected":false},"featured_media":9692,"comment_status":"open","ping_status":"closed","template":"","meta":[],"product_cat":[232],"product_tag":[271,273,272,274],"_links":{"self":[{"href":"https:\/\/soleilsky.com.tr\/shop\/wp-json\/wp\/v2\/product\/5459"}],"collection":[{"href":"https:\/\/soleilsky.com.tr\/shop\/wp-json\/wp\/v2\/product"}],"about":[{"href":"https:\/\/soleilsky.com.tr\/shop\/wp-json\/wp\/v2\/types\/product"}],"replies":[{"embeddable":true,"href":"https:\/\/soleilsky.com.tr\/shop\/wp-json\/wp\/v2\/comments?post=5459"}],"wp:featuredmedia":[{"embeddable":true,"href":"https:\/\/soleilsky.com.tr\/shop\/wp-json\/wp\/v2\/media\/9692"}],"wp:attachment":[{"href":"https:\/\/soleilsky.com.tr\/shop\/wp-json\/wp\/v2\/media?parent=5459"}],"wp:term":[{"taxonomy":"product_cat","embeddable":true,"href":"https:\/\/soleilsky.com.tr\/shop\/wp-json\/wp\/v2\/product_cat?post=5459"},{"taxonomy":"product_tag","embeddable":true,"href":"https:\/\/soleilsky.com.tr\/shop\/wp-json\/wp\/v2\/product_tag?post=5459"}],"curies":[{"name":"wp","href":"https:\/\/api.w.org\/{rel}","templated":true}]}}