{"id":5465,"date":"2020-10-19T13:27:44","date_gmt":"2020-10-19T13:27:44","guid":{"rendered":"https:\/\/soleilsky.com.tr\/shop\/?post_type=product&#038;p=5465"},"modified":"2022-04-05T20:32:37","modified_gmt":"2022-04-05T20:32:37","slug":"lexar-32gb-633x-professional-sdhc-95mb-sn-uhs-1-class-10-u1-hafiza-karti","status":"publish","type":"product","link":"https:\/\/soleilsky.com.tr\/shop\/urun\/lexar-32gb-633x-professional-sdhc-95mb-sn-uhs-1-class-10-u1-hafiza-karti\/","title":{"rendered":"Lexar 32GB 633X Professional SDHC 95Mb\/Sn. UHS-1 (Class 10) U1 Haf\u0131za Kart\u0131"},"content":{"rendered":"<table>\n<tbody>\n<tr>\n<td class=\"no-border\">\n<div id=\"productDescriptionContent\">\n<p>Lexar 32GB 633X Professional SDHC 95Mb\/Sn. UHS-1 (Class 10) U1 Haf\u0131za Kart\u0131<\/p>\n<p>Lexar 32GB 633X Professional SDHC 95Mb\/Sn. UHS-1 (Class 10) U3<\/p>\n<\/div>\n<\/td>\n<\/tr>\n<\/tbody>\n<\/table>\n<div id=\"ctl00_ContentPlaceHolder1_ProductControl1_MainControl1_TabControl1_ProductDescription1_CustomContentBottom\"><\/div>\n<table>\n<tbody>\n<tr>\n<td class=\"no-border\">\n<table>\n<tbody>\n<tr>\n<td>\n<div class=\"tealium\">\n<div id=\"ccs-inline-content\" class=\"cnet-integration\"><\/div>\n<\/div>\n<\/td>\n<\/tr>\n<\/tbody>\n<\/table>\n<table>\n<tbody>\n<tr>\n<td>\n<div id=\"productTechSpecContainer\">\n<table class=\"data-list tech-spec\">\n<caption>\u00a0<\/caption>\n<tbody>\n<tr>\n<th>Haf\u0131za Kart\u0131 Tipi<\/th>\n<td>SD<\/td>\n<\/tr>\n<tr>\n<th>H\u0131z S\u0131n\u0131rland\u0131rma De\u011feri<\/th>\n<td>Class 10<\/td>\n<\/tr>\n<tr>\n<th>Kapasite<\/th>\n<td>32 GB<\/td>\n<\/tr>\n<tr>\n<th>Kart Cinsi<\/th>\n<td>HC I<\/td>\n<\/tr>\n<tr>\n<th>UHS S\u0131n\u0131fland\u0131rmas\u0131<\/th>\n<td>UHS-I<\/td>\n<\/tr>\n<\/tbody>\n<\/table>\n<table class=\"data-list tech-spec\">\n<caption>Di\u011fer<\/caption>\n<tbody>\n<tr>\n<th>Garanti S\u00fcresi (Ay)<\/th>\n<td>24<\/td>\n<\/tr>\n<tr>\n<th>Yurt D\u0131\u015f\u0131 Sat\u0131\u015f<\/th>\n<td>Yok<\/td>\n<\/tr>\n<tr>\n<th>Stok Kodu<\/th>\n<td>FTPROFOTOGCBEU633<\/td>\n<\/tr>\n<\/tbody>\n<\/table>\n<\/div>\n<\/td>\n<\/tr>\n<\/tbody>\n<\/table>\n<\/td>\n<\/tr>\n<\/tbody>\n<\/table>\n","protected":false},"excerpt":{"rendered":"<p><strong>Lexar 32GB 633X Professional SDHC 95Mb\/Sn. UHS-1 (Class 10) U1 Haf\u0131za Kart\u0131<\/strong><\/p>\n","protected":false},"featured_media":9704,"comment_status":"open","ping_status":"closed","template":"","meta":[],"product_cat":[232],"product_tag":[271,273,272,274],"_links":{"self":[{"href":"https:\/\/soleilsky.com.tr\/shop\/wp-json\/wp\/v2\/product\/5465"}],"collection":[{"href":"https:\/\/soleilsky.com.tr\/shop\/wp-json\/wp\/v2\/product"}],"about":[{"href":"https:\/\/soleilsky.com.tr\/shop\/wp-json\/wp\/v2\/types\/product"}],"replies":[{"embeddable":true,"href":"https:\/\/soleilsky.com.tr\/shop\/wp-json\/wp\/v2\/comments?post=5465"}],"wp:featuredmedia":[{"embeddable":true,"href":"https:\/\/soleilsky.com.tr\/shop\/wp-json\/wp\/v2\/media\/9704"}],"wp:attachment":[{"href":"https:\/\/soleilsky.com.tr\/shop\/wp-json\/wp\/v2\/media?parent=5465"}],"wp:term":[{"taxonomy":"product_cat","embeddable":true,"href":"https:\/\/soleilsky.com.tr\/shop\/wp-json\/wp\/v2\/product_cat?post=5465"},{"taxonomy":"product_tag","embeddable":true,"href":"https:\/\/soleilsky.com.tr\/shop\/wp-json\/wp\/v2\/product_tag?post=5465"}],"curies":[{"name":"wp","href":"https:\/\/api.w.org\/{rel}","templated":true}]}}