{"id":5470,"date":"2020-10-19T14:13:23","date_gmt":"2020-10-19T14:13:23","guid":{"rendered":"https:\/\/soleilsky.com.tr\/shop\/?post_type=product&#038;p=5470"},"modified":"2022-04-05T19:41:21","modified_gmt":"2022-04-05T19:41:21","slug":"lexar-633x-professional-128gb-95mb-s-sdxc-uhs-1-class-10-u1-hafiza-karti","status":"publish","type":"product","link":"https:\/\/soleilsky.com.tr\/shop\/urun\/lexar-633x-professional-128gb-95mb-s-sdxc-uhs-1-class-10-u1-hafiza-karti\/","title":{"rendered":"Lexar 633x Professional 128GB 95MB\/s SDXC UHS-1 Class 10 U1 Haf\u0131za Kart\u0131"},"content":{"rendered":"<table class=\"data-list tech-spec\">\n<tbody>\n<tr>\n<th>Kapasite<\/th>\n<td>128 GB<\/td>\n<\/tr>\n<\/tbody>\n<\/table>\n<table class=\"data-list tech-spec\">\n<caption>Di\u011fer<\/caption>\n<tbody>\n<tr>\n<th>Garanti S\u00fcresi (Ay)<\/th>\n<td>24<\/td>\n<\/tr>\n<tr>\n<th>Yurt D\u0131\u015f\u0131 Sat\u0131\u015f<\/th>\n<td>Yok<\/td>\n<\/tr>\n<tr>\n<th>Stok Kodu<\/th>\n<td>HBV00000NC47L<\/td>\n<\/tr>\n<\/tbody>\n<\/table>\n","protected":false},"excerpt":{"rendered":"<p id=\"product-name\" class=\"product-name best-price-trick\" data-bind=\"markupText: 'productName', event: {mouseup: handleMouseUpForProductName}\">Lexar 633x Professional 128GB 95MB\/s SDXC UHS-1 Class 10 U1 Haf\u0131za Kart\u0131<\/p>\n","protected":false},"featured_media":9687,"comment_status":"open","ping_status":"closed","template":"","meta":[],"product_cat":[232],"product_tag":[271,273,272,274],"_links":{"self":[{"href":"https:\/\/soleilsky.com.tr\/shop\/wp-json\/wp\/v2\/product\/5470"}],"collection":[{"href":"https:\/\/soleilsky.com.tr\/shop\/wp-json\/wp\/v2\/product"}],"about":[{"href":"https:\/\/soleilsky.com.tr\/shop\/wp-json\/wp\/v2\/types\/product"}],"replies":[{"embeddable":true,"href":"https:\/\/soleilsky.com.tr\/shop\/wp-json\/wp\/v2\/comments?post=5470"}],"wp:featuredmedia":[{"embeddable":true,"href":"https:\/\/soleilsky.com.tr\/shop\/wp-json\/wp\/v2\/media\/9687"}],"wp:attachment":[{"href":"https:\/\/soleilsky.com.tr\/shop\/wp-json\/wp\/v2\/media?parent=5470"}],"wp:term":[{"taxonomy":"product_cat","embeddable":true,"href":"https:\/\/soleilsky.com.tr\/shop\/wp-json\/wp\/v2\/product_cat?post=5470"},{"taxonomy":"product_tag","embeddable":true,"href":"https:\/\/soleilsky.com.tr\/shop\/wp-json\/wp\/v2\/product_tag?post=5470"}],"curies":[{"name":"wp","href":"https:\/\/api.w.org\/{rel}","templated":true}]}}