{"id":5472,"date":"2020-10-19T14:18:46","date_gmt":"2020-10-19T14:18:46","guid":{"rendered":"https:\/\/soleilsky.com.tr\/shop\/?post_type=product&#038;p=5472"},"modified":"2022-04-05T20:35:36","modified_gmt":"2022-04-05T20:35:36","slug":"lexar-64gb-667x-sdxc-100mb-sn-uhs-i-u3-class-10-v30-professional-lsd64gb667-hafiza-karti","status":"publish","type":"product","link":"https:\/\/soleilsky.com.tr\/shop\/urun\/lexar-64gb-667x-sdxc-100mb-sn-uhs-i-u3-class-10-v30-professional-lsd64gb667-hafiza-karti\/","title":{"rendered":"Lexar 64GB 667X SDXC 100Mb\/SN Uhs-I U3 Class 10 V30 Professional ( LSD64GB667 ) Haf\u0131za Kart\u0131"},"content":{"rendered":"<p>Lexar Professional 64GB 667X 100Mb\/Sn. SDXC Kart Telefonlara ve Aksiyon Kameralara Uyumlu Degildir. 2 Yil Garantili Lexar Urunudur . Y\u00fcksek h\u0131zl\u0131 performans &#8211; 677x (100MB \/ s) &#8216;ye kadar okuma aktarma h\u0131z\u0131 i\u00e7in UHS-I teknolojisini (U3) kullan\u0131r * DSLR foto\u011fraf makinesi, HD video kamera veya 3D kamera ile y\u00fcksek performansli g\u00f6r\u00fcnt\u00fcler ve \u00e7arp\u0131c\u0131 1080p full-HD, 3D ve 4K videolar\u0131n uzun \u00f6m\u00fcrl\u00fc g\u00f6r\u00fcnt\u00fclerini yakalar 64GB b\u00fcy\u00fck kapasite se\u00e7ene\u011fi, kartlar\u0131 de\u011fi\u015ftirmeden daha uzun \u00e7ekim yapman\u0131z\u0131 sa\u011flar \u0130\u015f ak\u0131\u015f\u0131n\u0131 \u00f6nemli \u00f6l\u00e7\u00fcde h\u0131zland\u0131rmak i\u00e7in karttan bilgisayara y\u00fcksek h\u0131zl\u0131 dosya aktar\u0131m\u0131<\/p>\n<p>** UHS-I cihazlar\u0131 ile geriye d\u00f6n\u00fck uyumlu 2 YIL GARANT\u0130L\u0130 G\u00fcvenebilece\u011finiz y\u00fcksek h\u0131zl\u0131 performans. Profesyonel bir foto\u011fraf\u00e7\u0131, g\u00f6r\u00fcnt\u00fc y\u00f6netmeni veya merakl\u0131s\u0131 olsan\u0131z, Lexar\u00ae Professional 677x SDHC &#x2122; \/ SDXC &#x2122; UHS-I kartlar\u0131 g\u00fcvenebilece\u011finiz bir performans sunar. Bu y\u00fcksek h\u0131zl\u0131 kartlar UHS-I teknolojisini (UHS H\u0131z S\u0131n\u0131f\u0131 3 (U3)) kullan\u0131r ve bir SD UHS-I okuyucu ile kullan\u0131ld\u0131\u011f\u0131nda 677x (s) h\u0131z\u0131na kadar bir okuma aktarma h\u0131z\u0131 sa\u011flar. \u00c7ok y\u00f6nl\u00fcl\u00fck i\u00e7in, kartlar UHS-I h\u0131zlar\u0131nda da UHS-I cihazlar\u0131 ile \u00e7al\u0131\u015f\u0131r ve UHS olmayan cihazlarla kullan\u0131ld\u0131\u011f\u0131nda eski kameralar ve okuyucularla geriye do\u011fru uyumludurlar. Y\u00fcksek performansli g\u00f6r\u00fcnt\u00fcler ve 1080p tam HD, 3D ve 4K video \u00e7ekin. Bir DSLR, HD video kamera veya 3B kamera kullanarak, y\u00fcksek performansli g\u00f6r\u00fcnt\u00fcler ve 1080p full-HD, 3D ve 4K video \u00e7ekimleri i\u00e7in mevcut en yeni foto\u011fraf ve video \u00f6zelliklerinden yararlanabileceksiniz. Y\u00fcksek kapasiteli se\u00e7eneklerle uzun video uzunluklar\u0131n\u0131 yakalay\u0131n.<\/p>\n<p>HD, 3D ve 4K video \u00f6zelliklerinin artmas\u0131yla, g\u00fcvenebilece\u011finiz y\u00fcksek performansl\u0131 kartlara ve kart de\u011fi\u015ftirmeden daha uzun s\u00fcre \u00e7ekim yapman\u0131z\u0131 sa\u011flayan y\u00fcksek kapasiteli se\u00e7eneklere ihtiyac\u0131n\u0131z vard\u0131r. Lexar Professional 677x SDXC UHS-I kart\u0131, UHS Speed \u200b\u200bClass 3 performans\u0131ndan yararlanarak bunu kolayla\u015ft\u0131r\u0131r ve size 256GB&#8217;a kadar geni\u015f kapasite se\u00e7enekleri sunar. \u00d6nemli \u00f6l\u00e7\u00fcde h\u0131zland\u0131r\u0131lm\u0131\u015f i\u015f ak\u0131\u015f\u0131 ile zaman kazan\u0131n. Lexar Professional 677x SDHC \/ SDXC UHS-I kartlar\u0131n y\u00fcksek h\u0131zl\u0131 performans\u0131, i\u015f ak\u0131\u015f\u0131n\u0131z\u0131 ba\u015ftan sona h\u0131zland\u0131r\u0131r, b\u00f6ylece zamandan tasarruf edebilir ve foto\u011fraf\u00e7\u0131l\u0131k i\u015fine geri d\u00f6nebilirsiniz.<\/p>\n<p>** Titizlikle test edilmi\u015ftir. T\u00fcm Lexar \u00fcr\u00fcn tasar\u0131mlar\u0131, performans, performans, uyumluluk ve g\u00fcvenilirlik sa\u011flamak i\u00e7in Lexar performans Laboratuarlar\u0131nda, 1100&#8217;den fazla dijital cihazla kapsaml\u0131 testlerden ge\u00e7mektedir. LSDMI64GB677A Lexar 64GB Profissonal 677X SD Haf\u0131za Kart\u0131 Class 10 U3 v30 64GB-Class 10, UHS-I (U3), 677x (up to 100MB\/s okuma, 90MB\/s yazma)<\/p>\n","protected":false},"excerpt":{"rendered":"<p id=\"product-name\" class=\"product-name best-price-trick\" data-bind=\"markupText: 'productName', event: {mouseup: handleMouseUpForProductName}\">Lexar 64GB 667X SDXC 100Mb\/SN Uhs-I U3 Class 10 V30 Professional ( LSD64GB667 ) Haf\u0131za Kart\u0131<\/p>\n","protected":false},"featured_media":9705,"comment_status":"open","ping_status":"closed","template":"","meta":[],"product_cat":[232],"product_tag":[271,273,272,274],"_links":{"self":[{"href":"https:\/\/soleilsky.com.tr\/shop\/wp-json\/wp\/v2\/product\/5472"}],"collection":[{"href":"https:\/\/soleilsky.com.tr\/shop\/wp-json\/wp\/v2\/product"}],"about":[{"href":"https:\/\/soleilsky.com.tr\/shop\/wp-json\/wp\/v2\/types\/product"}],"replies":[{"embeddable":true,"href":"https:\/\/soleilsky.com.tr\/shop\/wp-json\/wp\/v2\/comments?post=5472"}],"wp:featuredmedia":[{"embeddable":true,"href":"https:\/\/soleilsky.com.tr\/shop\/wp-json\/wp\/v2\/media\/9705"}],"wp:attachment":[{"href":"https:\/\/soleilsky.com.tr\/shop\/wp-json\/wp\/v2\/media?parent=5472"}],"wp:term":[{"taxonomy":"product_cat","embeddable":true,"href":"https:\/\/soleilsky.com.tr\/shop\/wp-json\/wp\/v2\/product_cat?post=5472"},{"taxonomy":"product_tag","embeddable":true,"href":"https:\/\/soleilsky.com.tr\/shop\/wp-json\/wp\/v2\/product_tag?post=5472"}],"curies":[{"name":"wp","href":"https:\/\/api.w.org\/{rel}","templated":true}]}}