{"id":5475,"date":"2020-10-19T14:24:32","date_gmt":"2020-10-19T14:24:32","guid":{"rendered":"https:\/\/soleilsky.com.tr\/shop\/?post_type=product&#038;p=5475"},"modified":"2022-04-05T16:24:54","modified_gmt":"2022-04-05T16:24:54","slug":"128gb-lexar-professional-667x-sdhc-sdxc-uhs-i-cards-up-to-100mb-s-read-90mb-s-write","status":"publish","type":"product","link":"https:\/\/soleilsky.com.tr\/shop\/urun\/128gb-lexar-professional-667x-sdhc-sdxc-uhs-i-cards-up-to-100mb-s-read-90mb-s-write\/","title":{"rendered":"128GB Lexar\u00ae Professional 667x SDHC&#x2122;\/SDXC&#x2122; UHS-I cards, up to 100MB\/s read 90MB\/s write"},"content":{"rendered":"<h4 style=\"font-weight: 400;\"><b>128GB Lexar Professional 667x SDHC \/SDXC UHS-I cards, up to 100MB\/s read 90MB\/s write<\/b><\/h4>\n<h4 style=\"font-weight: 400;\"><b>Y\u00fcksek kaliteli g\u00f6r\u00fcnt\u00fcler ve 1080p Full HD, 3D ve 4K video \u00e7ekin<\/b><\/h4>\n<h4 style=\"font-weight: 400;\">Bu kartlar\u0131n g\u00fcc\u00fcn\u00fc ve performans\u0131n\u0131 kullanarak a\u00e7\u0131k havada maceralar\u0131n\u0131zdan en iyi \u015fekilde yararlan\u0131n.\u00a0\u0130ster orta menzilli bir DSLR veya 3D kamera kullan\u0131n, y\u00fcksek kaliteli g\u00f6r\u00fcnt\u00fcler ve \u00e7arp\u0131c\u0131 1080p Full HD, 3D ve 4K videolar \u00e7ekmek i\u00e7in mevcut en yeni foto\u011fraf ve video \u00f6zelliklerinden yararlanabilirsiniz.<\/h4>\n<h4 style=\"font-weight: 400;\"><\/h4>\n<h4 style=\"font-weight: 400;\">Y\u00fcksek kapasiteli se\u00e7eneklerle uzun video uzunluklar\u0131 yakalay\u0131n<\/h4>\n<h4 style=\"font-weight: 400;\">B\u00fcy\u00fcyen video \u00f6zellikleri sayesinde, g\u00fcvenebilece\u011finiz y\u00fcksek performansl\u0131 kartlara ve kart de\u011fi\u015ftirmeden daha uzun s\u00fcre \u00e7ekim yapabilmeniz i\u00e7in y\u00fcksek kapasiteli se\u00e7eneklere ihtiyac\u0131n\u0131z vard\u0131r.<\/h4>\n<h4 style=\"font-weight: 400;\"><\/h4>\n<h4 style=\"font-weight: 400;\">\u00d6nemli \u00f6l\u00e7\u00fcde h\u0131zland\u0131r\u0131lm\u0131\u015f i\u015f ak\u0131\u015f\u0131yla zaman kazan\u0131n<\/h4>\n<h4 style=\"font-weight: 400;\">Lexar Professional 667x SDXC\u00a0\u00a0UHS-I kartlar\u0131n\u0131n\u00a0y\u00fcksek h\u0131zl\u0131 performans\u0131,\u00a0i\u015f ak\u0131\u015f\u0131n\u0131z\u0131 ba\u015ftan sona \u00f6nemli \u00f6l\u00e7\u00fcde h\u0131zland\u0131r\u0131r, b\u00f6ylece zamandan tasarruf edebilir ve foto\u011fraf i\u015fine geri d\u00f6nebilirsiniz.<\/h4>\n<h4 style=\"font-weight: 400;\"><\/h4>\n<h4>Cihaz\u0131n\u0131zdan daha fazla yararlan\u0131n<\/h4>\n<h4 style=\"font-weight: 400;\">UHS H\u0131z S\u0131n\u0131f\u0131 3 (U3) ve Video H\u0131z S\u0131n\u0131f\u0131 30 (V30) s\u0131n\u0131flar\u0131yla, bu kartlar 100 MB \/ sn&#8217;ye (667x)\u00a0\u00a0kadar aktar\u0131m h\u0131z\u0131 sa\u011flamak i\u00e7in UHS-I teknolojisini kullan\u0131r\u00a0.\u00a0Hareket halindeyken yakalaman\u0131z, aktarman\u0131z ve daha fazla macera payla\u015fman\u0131z i\u00e7in ihtiyac\u0131n\u0131z olan h\u0131z\u0131 ve alan\u0131 sa\u011flayan y\u00fcksek kapasiteli kartlarla aksiyona haz\u0131r olun.<\/h4>\n<h4 style=\"font-weight: 400;\"><\/h4>\n<h4 style=\"font-weight: 400;\"><b>\u00d6ZELL\u0130KLER\u0130<\/b><\/h4>\n<h4 style=\"font-weight: 400;\"><b>Y\u00fcksek h\u0131zl\u0131, S\u0131n\u0131f 10, UHS H\u0131z S\u0131n\u0131f 3 (U3) ve Video H\u0131z S\u0131n\u0131f 30 (V30) performans\u0131 \u2014 100MB \/ s&#8217;ye (667x) 1 kadar okuma aktar\u0131m h\u0131z\u0131 i\u00e7in UHS-I teknolojisini kullan\u0131r.<\/b><\/h4>\n<h4 style=\"font-weight: 400;\"><b>Etkileyici 1080p Full HD, 3D ve 4K videolar\u0131n y\u00fcksek kaliteli g\u00f6r\u00fcnt\u00fclerini yakalay\u0131n<\/b><\/h4>\n<h4 style=\"font-weight: 400;\"><b>Kartlar\u0131 de\u011fi\u015ftirmeden daha uzun \u00e7ekimin keyfini \u00e7\u0131kar\u0131n &#8211; 256 GB&#8217;a kadar b\u00fcy\u00fck kapasite se\u00e7enekleri<\/b><\/h4>\n<h4 style=\"font-weight: 400;\"><b>\u0130\u015f ak\u0131\u015f\u0131n\u0131 \u00f6nemli \u00f6l\u00e7\u00fcde h\u0131zland\u0131rmak i\u00e7in karttan bilgisayara y\u00fcksek h\u0131zl\u0131 dosya aktar\u0131m\u0131<\/b><\/h4>\n<h4 style=\"font-weight: 400;\"><b>\u00d6ZELL\u0130KLER<\/b><\/h4>\n<h4 style=\"font-weight: 400;\"><b>Kapasite<\/b><\/h4>\n<h4 style=\"font-weight: 400;\"><b>64 GB &#8211; 256 GB<\/b><\/h4>\n<h4 style=\"font-weight: 400;\"><b>H\u0131z S\u0131n\u0131f\u0131<\/b><\/h4>\n<h4 style=\"font-weight: 400;\"><b>64 GB &#8211; S\u0131n\u0131f 10, UHS-I (U3), V30<\/b><\/h4>\n<h4 style=\"font-weight: 400;\"><b>128 GB &#8211; S\u0131n\u0131f 10, UHS-I (U3), V30<\/b><\/h4>\n<h4 style=\"font-weight: 400;\"><b>256 GB &#8211; S\u0131n\u0131f 10, UHS-I (U3), V30<\/b><\/h4>\n<h4 style=\"font-weight: 400;\"><b>Verim<\/b><\/h4>\n<h4 style=\"font-weight: 400;\"><b>64GB &#8211; 100MB \/ s&#8217;ye kadar okuma, 60MB \/ s&#8217;ye kadar yazma<\/b><\/h4>\n<h4 style=\"font-weight: 400;\"><b>128GB &#8211; 100MB \/ s&#8217;ye kadar okuma, 90MB \/ s&#8217;ye kadar yazma<\/b><\/h4>\n<h4 style=\"font-weight: 400;\"><b>256GB &#8211; 100MB \/ s&#8217;ye kadar okuma, 90MB \/ s&#8217;ye kadar yazma<\/b><\/h4>\n","protected":false},"excerpt":{"rendered":"<p>Lexar 128gb Professional 667x SDHC\/SDXC UHS-I cards<\/p>\n","protected":false},"featured_media":9658,"comment_status":"open","ping_status":"closed","template":"","meta":[],"product_cat":[232],"product_tag":[271,273,272,274],"_links":{"self":[{"href":"https:\/\/soleilsky.com.tr\/shop\/wp-json\/wp\/v2\/product\/5475"}],"collection":[{"href":"https:\/\/soleilsky.com.tr\/shop\/wp-json\/wp\/v2\/product"}],"about":[{"href":"https:\/\/soleilsky.com.tr\/shop\/wp-json\/wp\/v2\/types\/product"}],"replies":[{"embeddable":true,"href":"https:\/\/soleilsky.com.tr\/shop\/wp-json\/wp\/v2\/comments?post=5475"}],"wp:featuredmedia":[{"embeddable":true,"href":"https:\/\/soleilsky.com.tr\/shop\/wp-json\/wp\/v2\/media\/9658"}],"wp:attachment":[{"href":"https:\/\/soleilsky.com.tr\/shop\/wp-json\/wp\/v2\/media?parent=5475"}],"wp:term":[{"taxonomy":"product_cat","embeddable":true,"href":"https:\/\/soleilsky.com.tr\/shop\/wp-json\/wp\/v2\/product_cat?post=5475"},{"taxonomy":"product_tag","embeddable":true,"href":"https:\/\/soleilsky.com.tr\/shop\/wp-json\/wp\/v2\/product_tag?post=5475"}],"curies":[{"name":"wp","href":"https:\/\/api.w.org\/{rel}","templated":true}]}}