{"id":5477,"date":"2020-10-19T14:28:18","date_gmt":"2020-10-19T14:28:18","guid":{"rendered":"https:\/\/soleilsky.com.tr\/shop\/?post_type=product&#038;p=5477"},"modified":"2022-04-05T20:16:36","modified_gmt":"2022-04-05T20:16:36","slug":"lexar-32gb-1000x-professional-sdhc-hafiza-karti-uhs-ii-150mb-sn-lsd32gcrbeu1000","status":"publish","type":"product","link":"https:\/\/soleilsky.com.tr\/shop\/urun\/lexar-32gb-1000x-professional-sdhc-hafiza-karti-uhs-ii-150mb-sn-lsd32gcrbeu1000\/","title":{"rendered":"Lexar 32GB 1000x Professional SDHC Haf\u0131za Kart\u0131 UHS-II 150MB\/sn (LSD32GCRBEU1000)"},"content":{"rendered":"<table border=\"0\" width=\"908\" cellspacing=\"0\" cellpadding=\"0\" align=\"center\">\n<tbody>\n<tr>\n<td colspan=\"2\" height=\"75\">\n<h3><strong>Lexar\u00ae Profesyonel 32GB 1000x SDHC UHS-II<\/strong><\/h3>\n<\/td>\n<\/tr>\n<tr>\n<td width=\"449\" height=\"133\">\n<blockquote><p>&nbsp;<\/p>\n<p><img loading=\"lazy\" decoding=\"async\" src=\"https:\/\/images.hepsiburada.net\/assets\/ProductDescription\/201512\/b125c8be-a04a-4e29-b5a2-97affdcaf809.jpg\" width=\"224\" height=\"298\" \/><\/p>\n<p>&nbsp;<\/p><\/blockquote>\n<\/td>\n<td width=\"489\">\n<ul>\n<li>1000x (150MB\/s) \u2019e kadar bir okuma aktar\u0131m h\u0131z\u0131n\u0131 g\u00fc\u00e7lendiren UHS-II teknolojisi (U3) ile y\u00fcksek h\u0131zda performans<\/li>\n<li>DSLR foto\u011fraf makinesi, 3D kamera ya da HD camcorder ile y\u00fcksek kalitede ve \u00e7arp\u0131c\u0131 1080p full-HD,3D ve 4K video \u00e7ekimi<\/li>\n<li>B\u00fcy\u00fck \u00f6l\u00e7\u00fcde i\u015f ak\u0131\u015f\u0131n\u0131 h\u0131zland\u0131rmak i\u00e7in karttan bilgisayara y\u00fcksek h\u0131zda dosya transferi<\/li>\n<li>Kay\u0131p veya silinmi\u015f foto\u011fraf ve video dosyalar\u0131 kurtarmak i\u00e7in indirilebilir Image Rescue \u00ae yaz\u0131l\u0131m\u0131n\u0131 i\u00e7erir<\/li>\n<li>Uzman deste\u011fi ve s\u0131n\u0131rl\u0131 \u00f6m\u00fcr boyu garanti<\/li>\n<li>UHS-I cihazlar ile geriye d\u00f6n\u00fck uyum<\/li>\n<\/ul>\n<\/td>\n<\/tr>\n<\/tbody>\n<\/table>\n","protected":false},"excerpt":{"rendered":"<header class=\"title-wrapper\">\n<p id=\"product-name\" class=\"product-name best-price-trick\" data-bind=\"markupText: 'productName', event: {mouseup: handleMouseUpForProductName}\"><strong>Lexar 32GB 1000x Professional SDHC Haf\u0131za Kart\u0131 UHS-II 150MB\/sn (LSD32GCRBEU1000)<\/strong><\/p>\n<\/header>\n","protected":false},"featured_media":9695,"comment_status":"open","ping_status":"closed","template":"","meta":[],"product_cat":[232],"product_tag":[271,273,272,274],"_links":{"self":[{"href":"https:\/\/soleilsky.com.tr\/shop\/wp-json\/wp\/v2\/product\/5477"}],"collection":[{"href":"https:\/\/soleilsky.com.tr\/shop\/wp-json\/wp\/v2\/product"}],"about":[{"href":"https:\/\/soleilsky.com.tr\/shop\/wp-json\/wp\/v2\/types\/product"}],"replies":[{"embeddable":true,"href":"https:\/\/soleilsky.com.tr\/shop\/wp-json\/wp\/v2\/comments?post=5477"}],"wp:featuredmedia":[{"embeddable":true,"href":"https:\/\/soleilsky.com.tr\/shop\/wp-json\/wp\/v2\/media\/9695"}],"wp:attachment":[{"href":"https:\/\/soleilsky.com.tr\/shop\/wp-json\/wp\/v2\/media?parent=5477"}],"wp:term":[{"taxonomy":"product_cat","embeddable":true,"href":"https:\/\/soleilsky.com.tr\/shop\/wp-json\/wp\/v2\/product_cat?post=5477"},{"taxonomy":"product_tag","embeddable":true,"href":"https:\/\/soleilsky.com.tr\/shop\/wp-json\/wp\/v2\/product_tag?post=5477"}],"curies":[{"name":"wp","href":"https:\/\/api.w.org\/{rel}","templated":true}]}}