{"id":5479,"date":"2020-10-19T14:31:05","date_gmt":"2020-10-19T14:31:05","guid":{"rendered":"https:\/\/soleilsky.com.tr\/shop\/?post_type=product&#038;p=5479"},"modified":"2022-04-05T20:30:38","modified_gmt":"2022-04-05T20:30:38","slug":"lexar-32gb-1000x-professional-sdhc-hafiza-karti-uhs-ii-150mb-sn-lsd32gcrbeu1000-kopya","status":"publish","type":"product","link":"https:\/\/soleilsky.com.tr\/shop\/urun\/lexar-32gb-1000x-professional-sdhc-hafiza-karti-uhs-ii-150mb-sn-lsd32gcrbeu1000-kopya\/","title":{"rendered":"64GB Lexar\u00ae Professional 1000x SDHC&#x2122;\/SDXC&#x2122; UHS-II cards, up to 150MB\/s read 90MB\/s write"},"content":{"rendered":"<p>Lexar 64GB 1000x Professional SDXC Haf\u0131za Kart\u0131 UHS-II 150MB\/sn (LSD64GCRBEU1000)<\/p>\n<p>&nbsp;<\/p>\n<table border=\"0\" width=\"908\" cellspacing=\"0\" cellpadding=\"0\" align=\"center\">\n<tbody>\n<tr>\n<td colspan=\"2\" height=\"75\"><img loading=\"lazy\" decoding=\"async\" src=\"https:\/\/images.hepsiburada.net\/assets\/ProductDescription\/201512\/cf6b6534-7bb2-41d1-9540-5eea5708f16c.png\" width=\"923\" height=\"94\" \/><\/td>\n<\/tr>\n<tr>\n<td colspan=\"2\" height=\"75\"><strong>Lexar\u00ae Profesyonel 64GB 1000x SDXC UHS-II<\/strong><\/td>\n<\/tr>\n<tr>\n<td width=\"449\" height=\"133\">&nbsp;<\/p>\n<blockquote><p><img loading=\"lazy\" decoding=\"async\" src=\"https:\/\/images.hepsiburada.net\/assets\/ProductDescription\/201512\/d2a2266d-b5b5-4c5d-82c8-c758bfed6687.jpg\" width=\"227\" height=\"299\" \/><\/p>\n<p>&nbsp;<\/p><\/blockquote>\n<\/td>\n<td width=\"489\">\n<ul>\n<li>1000x (150MB\/s) \u2019e kadar bir okuma aktar\u0131m h\u0131z\u0131n\u0131 g\u00fc\u00e7lendiren UHS-II teknolojisi (U3) ile y\u00fcksek h\u0131zda performans<\/li>\n<li>DSLR foto\u011fraf makinesi, 3D kamera ya da HD camcorder ile y\u00fcksek kalitede ve \u00e7arp\u0131c\u0131 1080p full-HD,3D ve 4K video \u00e7ekimi<\/li>\n<li>B\u00fcy\u00fck \u00f6l\u00e7\u00fcde i\u015f ak\u0131\u015f\u0131n\u0131 h\u0131zland\u0131rmak i\u00e7in karttan bilgisayara y\u00fcksek h\u0131zda dosya transferi<\/li>\n<li>Kay\u0131p veya silinmi\u015f foto\u011fraf ve video dosyalar\u0131 kurtarmak i\u00e7in indirilebilir Image Rescue \u00ae yaz\u0131l\u0131m\u0131n\u0131 i\u00e7erir<\/li>\n<li>Uzman deste\u011fi ve s\u0131n\u0131rl\u0131 \u00f6m\u00fcr boyu garanti<\/li>\n<li>UHS-I cihazlar ile geriye d\u00f6n\u00fck uyum<\/li>\n<\/ul>\n<\/td>\n<\/tr>\n<tr>\n<td height=\"174\">&nbsp;<\/p>\n<blockquote><p><strong>Titizlikle test edilmi\u015ftir.<\/strong>\u00a0T\u00fcm Lexar \u00fcr\u00fcn tasar\u0131mlar\u0131 performans, kalite, uyumluluk ve g\u00fcvenilirlik sa\u011flamak i\u00e7in, 1.100 &#8216;den fazla dijital cihazlar ile Lexar Quality Labs. tesislerinde kapsaml\u0131 testlerden ge\u00e7mektedir.<\/p>\n<p><strong>Bellek \u00f6nemli oldu\u011funda, se\u00e7im Lexar\u2019d\u0131r.\u00a0<\/strong>Bu end\u00fcstrideki 15 y\u0131l\u0131 a\u015fan tarihi ile belle\u011fin ne oldu\u011funu biliyoruz. H\u0131zl\u0131ca ihtiyac\u0131n\u0131z olan \u00e7\u00f6z\u00fcmleri, teknolojiyle tasarl\u0131yoruz ve \u00fcr\u00fcnlerimizin uyumlu oldu\u011fundan emin olmak i\u00e7in cihaz \u00fcreticileri ile \u00e7al\u0131\u015f\u0131yoruz. Yararl\u0131 m\u00fc\u015fteri hizmetleri ve garanti s\u00fcreleri ile arkas\u0131nda duruyoruz. Lexar, performans, g\u00fcvenilirlik ve uzman deste\u011fine adanm\u0131\u015f oldu\u011fundan, s\u00f6z konusu olan an\u0131lar\u0131 depolamak oldu\u011funda, Lexar\u2019a g\u00fcvenin.<\/p><\/blockquote>\n<\/td>\n<\/tr>\n<\/tbody>\n<\/table>\n","protected":false},"excerpt":{"rendered":"<header class=\"title-wrapper\">\n<p id=\"product-name\" class=\"product-name best-price-trick\" data-bind=\"markupText: 'productName', event: {mouseup: handleMouseUpForProductName}\"><strong>Lexar 64GB 1000x Professional SDXC Haf\u0131za Kart\u0131 UHS-II 150MB\/sn<\/strong><\/p>\n<\/header>\n","protected":false},"featured_media":9703,"comment_status":"open","ping_status":"closed","template":"","meta":[],"product_cat":[232],"product_tag":[271,273,272,274],"_links":{"self":[{"href":"https:\/\/soleilsky.com.tr\/shop\/wp-json\/wp\/v2\/product\/5479"}],"collection":[{"href":"https:\/\/soleilsky.com.tr\/shop\/wp-json\/wp\/v2\/product"}],"about":[{"href":"https:\/\/soleilsky.com.tr\/shop\/wp-json\/wp\/v2\/types\/product"}],"replies":[{"embeddable":true,"href":"https:\/\/soleilsky.com.tr\/shop\/wp-json\/wp\/v2\/comments?post=5479"}],"wp:featuredmedia":[{"embeddable":true,"href":"https:\/\/soleilsky.com.tr\/shop\/wp-json\/wp\/v2\/media\/9703"}],"wp:attachment":[{"href":"https:\/\/soleilsky.com.tr\/shop\/wp-json\/wp\/v2\/media?parent=5479"}],"wp:term":[{"taxonomy":"product_cat","embeddable":true,"href":"https:\/\/soleilsky.com.tr\/shop\/wp-json\/wp\/v2\/product_cat?post=5479"},{"taxonomy":"product_tag","embeddable":true,"href":"https:\/\/soleilsky.com.tr\/shop\/wp-json\/wp\/v2\/product_tag?post=5479"}],"curies":[{"name":"wp","href":"https:\/\/api.w.org\/{rel}","templated":true}]}}