{"id":5484,"date":"2020-10-19T14:58:33","date_gmt":"2020-10-19T14:58:33","guid":{"rendered":"https:\/\/soleilsky.com.tr\/shop\/?post_type=product&#038;p=5484"},"modified":"2022-04-05T20:13:22","modified_gmt":"2022-04-05T20:13:22","slug":"lexar-64-gb-1667x-u3-v60-4k-sd-hafiza-karti-250-mb-s","status":"publish","type":"product","link":"https:\/\/soleilsky.com.tr\/shop\/urun\/lexar-64-gb-1667x-u3-v60-4k-sd-hafiza-karti-250-mb-s\/","title":{"rendered":"Lexar 64 GB 1667x U3 V60 4K SD Haf\u0131za Kart\u0131 (250 mb\/s)"},"content":{"rendered":"<div id=\"specs-container\" class=\"gg-w-24 gg-d-24 gg-t-24 gg-m-24\">\n<div class=\"features-container clearfix\">\n<div id=\"sp-productTabFeatures\" class=\"features clearfix\">\n<div class=\"item-container\">\n<div class=\"item\">\n<h5 class=\"item-column desktopDescription gg-w-12 gg-d-12 gg-t-12 gg-m-12\"><strong>Haf\u0131za Kart\u0131 T\u00fcr\u00fc<\/strong><\/h5>\n<h5 class=\"item-column gg-w-12 gg-d-12 gg-t-12 gg-m-12\">Secure Digital (SD)<\/h5>\n<h5 class=\"clearfix\"><\/h5>\n<\/div>\n<\/div>\n<div class=\"item\">\n<div class=\"item-column desktopDescription gg-w-12 gg-d-12 gg-t-12 gg-m-12\"><strong>Marka<\/strong><\/div>\n<div id=\"spp-brand\" class=\"item-column gg-w-12 gg-d-12 gg-t-12 gg-m-12\">Di\u011fer<\/div>\n<div class=\"clearfix\"><\/div>\n<\/div>\n<div class=\"item\">\n<div class=\"item-column desktopDescription gg-w-12 gg-d-12 gg-t-12 gg-m-12\"><strong>Bellek Kapasitesi<\/strong><\/div>\n<div id=\"\" class=\"item-column gg-w-12 gg-d-12 gg-t-12 gg-m-12\">64 GB<\/div>\n<div class=\"clearfix\"><\/div>\n<\/div>\n<div class=\"item\">\n<div class=\"item-column desktopDescription gg-w-12 gg-d-12 gg-t-12 gg-m-12\"><strong>Durum<\/strong><\/div>\n<div id=\"\" class=\"item-column gg-w-12 gg-d-12 gg-t-12 gg-m-12\">S\u0131f\u0131r<\/div>\n<div class=\"clearfix\"><\/div>\n<\/div>\n<div class=\"item\">\n<div class=\"item-column desktopDescription gg-w-12 gg-d-12 gg-t-12 gg-m-12\"><strong>Garanti<\/strong><\/div>\n<div id=\"\" class=\"item-column gg-w-12 gg-d-12 gg-t-12 gg-m-12\">Var, Ba\u015flamam\u0131\u015f<\/div>\n<div class=\"clearfix\"><\/div>\n<\/div>\n<div class=\"item\">\n<div class=\"item-column desktopDescription gg-w-12 gg-d-12 gg-t-12 gg-m-12\"><strong>Kutu<\/strong><\/div>\n<div id=\"\" class=\"item-column gg-w-12 gg-d-12 gg-t-12 gg-m-12\">Var, A\u00e7\u0131lmam\u0131\u015f<\/div>\n<div class=\"clearfix\"><\/div>\n<\/div>\n<div class=\"item\">\n<div class=\"item-column desktopDescription gg-w-12 gg-d-12 gg-t-12 gg-m-12\"><strong>Men\u015fei<\/strong><\/div>\n<div id=\"\" class=\"item-column gg-w-12 gg-d-12 gg-t-12 gg-m-12\">Di\u011fer<\/div>\n<div class=\"clearfix\"><\/div>\n<\/div>\n<h5 class=\"clearfix\"><\/h5>\n<\/div>\n<\/div>\n<\/div>\n<div id=\"product-content\" class=\"clearfix gg-w-24 gg-d-24 gg-t-24 gg-m-24 padding-none\">\n<div id=\"user-product-desc\" class=\"gg-w-24 gg-d-24 gg-t-24 gg-m-24 background-fff\">\n<div class=\"overflow-content\">\n<div id=\"productDescription\">\n<div id=\"sp-desktopDescription\" class=\"desktopDescription\">\n<h5><strong>Lexar 64 GB\u00a01667x U3 V60\u00a04K SD Haf\u0131za Kart\u0131 (250mb\/s)<\/strong><\/h5>\n<ul>\n<li>\n<h5><strong>2 Y\u0131l Distrib\u00fct\u00f6r Garantili.\u00a0 250mb\/s.\u00a04K Deste\u011fi<\/strong><\/h5>\n<\/li>\n<li>\n<h5><strong>Made in KOREA.\u00a0<\/strong><\/h5>\n<\/li>\n<li>\n<h5>H\u0131zlar\u0131 ve kapasiteleri ile y\u00fcksek kaliteli foto\u011fraflar ve HD,4K video \u00e7ekin<\/h5>\n<\/li>\n<li>\n<h5>G\u00fcvenebilece\u011finiz Y\u00fcksek h\u0131z performans\u0131<\/h5>\n<\/li>\n<li>\n<h5>Bu y\u00fcksek h\u0131z, S\u0131n\u0131f 10 kartlar\u0131 UHS-II teknolojisi 1667x (250Mb\/s) bir okuma aktar\u0131m h\u0131z\u0131 sa\u011flamaktad\u0131r.<\/h5>\n<\/li>\n<li>\n<h5><strong>Image Rescue ile dosyalar\u0131 kurtar\u0131n\u00a0\u00a0\u00ae\u00a0\u00a0yaz\u0131l\u0131m\u0131<\/strong><\/h5>\n<\/li>\n<li>\n<h5>Okuma H\u0131z\u0131 &#8211; 250mb\/s.\u00a0 Yazma H\u0131z\u0131 &#8211; 90mb\/s<\/h5>\n<\/li>\n<li>\n<h5><strong>Ultra H\u0131zl\u0131<\/strong><\/h5>\n<\/li>\n<\/ul>\n<h5><b>Stok Kodu : ETNA01232<\/b><\/h5>\n<\/div>\n<\/div>\n<\/div>\n<\/div>\n<\/div>\n","protected":false},"excerpt":{"rendered":"<header class=\"title-wrapper\">\n<header class=\"title-wrapper\">\n<div class=\"pdt_v8\">\n<p>Lexar Professional 1667x 64GB SDXC 250MB\/s UHS-II Class 10 SD Kart<\/p>\n<\/div>\n<div id=\"PI_v8\" class=\"pdi_v8\"><\/div>\n<\/header>\n<\/header>\n","protected":false},"featured_media":9693,"comment_status":"open","ping_status":"closed","template":"","meta":[],"product_cat":[232],"product_tag":[271,273,272,274],"_links":{"self":[{"href":"https:\/\/soleilsky.com.tr\/shop\/wp-json\/wp\/v2\/product\/5484"}],"collection":[{"href":"https:\/\/soleilsky.com.tr\/shop\/wp-json\/wp\/v2\/product"}],"about":[{"href":"https:\/\/soleilsky.com.tr\/shop\/wp-json\/wp\/v2\/types\/product"}],"replies":[{"embeddable":true,"href":"https:\/\/soleilsky.com.tr\/shop\/wp-json\/wp\/v2\/comments?post=5484"}],"wp:featuredmedia":[{"embeddable":true,"href":"https:\/\/soleilsky.com.tr\/shop\/wp-json\/wp\/v2\/media\/9693"}],"wp:attachment":[{"href":"https:\/\/soleilsky.com.tr\/shop\/wp-json\/wp\/v2\/media?parent=5484"}],"wp:term":[{"taxonomy":"product_cat","embeddable":true,"href":"https:\/\/soleilsky.com.tr\/shop\/wp-json\/wp\/v2\/product_cat?post=5484"},{"taxonomy":"product_tag","embeddable":true,"href":"https:\/\/soleilsky.com.tr\/shop\/wp-json\/wp\/v2\/product_tag?post=5484"}],"curies":[{"name":"wp","href":"https:\/\/api.w.org\/{rel}","templated":true}]}}