{"id":5486,"date":"2020-10-19T15:01:41","date_gmt":"2020-10-19T15:01:41","guid":{"rendered":"https:\/\/soleilsky.com.tr\/shop\/?post_type=product&#038;p=5486"},"modified":"2022-04-05T20:18:22","modified_gmt":"2022-04-05T20:18:22","slug":"lexar-professional-1667x-128gb-sdxc-250mb-s-uhs-ii-class-10-sd-kart","status":"publish","type":"product","link":"https:\/\/soleilsky.com.tr\/shop\/urun\/lexar-professional-1667x-128gb-sdxc-250mb-s-uhs-ii-class-10-sd-kart\/","title":{"rendered":"Lexar Professional 1667x 128GB SDXC 250MB\/s UHS-II Class 10 SD Kart"},"content":{"rendered":"<p><strong>Lexar 128GB SDXC 1667x 250MB\/s UHS-II U3 Haf\u0131za Kart\u0131<\/strong><\/p>\n<p><strong>Lexar Professional 1667x SDXC UHS-II Kart\u0131<\/strong><br \/>\nY\u00fcksek h\u0131zl\u0131 performans &#8211; 250 MB \/ s&#8217;ye (1667x) varan bir aktar\u0131m h\u0131z\u0131 i\u00e7in UHS-II teknolojisini (U3) kullan\u0131r<br \/>\nDSLR kamera, sinema kalitesinde video kamera veya 3D kamera gibi y\u00fcksek kaliteli g\u00f6r\u00fcnt\u00fcler ve \u00e7arp\u0131c\u0131 uzunluklarda \u00e7arp\u0131c\u0131 1080p Full HD, 3D ve 4K video<br \/>\n128GB&#8217;a kadar geni\u015f kapasite se\u00e7enekleri, kartlar\u0131 de\u011fi\u015ftirmeden daha uzun \u00e7ekim yapman\u0131za olanak sa\u011flar<br \/>\n\u0130\u015f ak\u0131\u015f\u0131n\u0131 \u00f6nemli \u00f6l\u00e7\u00fcde h\u0131zland\u0131rmak i\u00e7in karttan bilgisayara y\u00fcksek h\u0131zl\u0131 dosya aktar\u0131m\u0131<br \/>\nUHS-I cihazlar\u0131yla geriye d\u00f6n\u00fck uyumlu<br \/>\nS\u0131n\u0131rl\u0131 \u00f6m\u00fcrboyu garanti<\/p>\n<hr \/>\n<p><strong>Ola\u011fan\u00fcst\u00fc kalite ile profesyonel d\u00fczeyde performans<\/strong><br \/>\nLexar Professional 1667x SDXC UHS-II kart\u0131, 250 MB \/ s&#8217;ye (1667x) varan bir aktar\u0131m h\u0131z\u0131 ile 1080p Full HD, 3D ve 4K video dahil olmak \u00fczere y\u00fcksek kaliteli foto\u011fraflar\u0131 h\u0131zl\u0131 bir \u015fekilde yakalaman\u0131za ve aktarman\u0131za olanak tan\u0131r. Bu kart, y\u00fcksek h\u0131zl\u0131 performans i\u00e7in UHS-II teknolojisini (UHS Speed Class 3 (U3)) kullan\u0131yor. Bu, i\u015f ak\u0131\u015f\u0131n\u0131 ba\u015ftan sona \u00f6nemli \u00f6l\u00e7\u00fcde h\u0131zland\u0131r\u0131r.<\/p>\n<p><strong>Y\u00fcksek kaliteli g\u00f6r\u00fcnt\u00fcler ve 1080p Full-HD, 3D ve 4K video \u00e7ekin<\/strong><br \/>\nDSLR, sinema kalitesinde video kameralar veya 3D kamera kullanarak, y\u00fcksek kaliteli g\u00f6r\u00fcnt\u00fcler ve \u00e7arp\u0131c\u0131 1080p Full-HD, 3D ve 4K video \u00e7ekimi i\u00e7in mevcut en yeni foto\u011fraf ve video \u00f6zelliklerinden yararlanabilirsiniz.<\/p>\n<p><strong>Y\u00fcksek kapasiteli se\u00e7eneklerle uzun video uzunluklar\u0131n\u0131 yakalay\u0131n<\/strong><br \/>\nB\u00fcy\u00fcyen HD, 3D ve 4K video \u00f6zellikleriyle, g\u00fcvenebilece\u011finiz y\u00fcksek performansl\u0131 kartlara ve kartlar\u0131 de\u011fi\u015ftirmeden daha uzun \u00e7ekim yapman\u0131za olanak sa\u011flayan y\u00fcksek kapasiteli se\u00e7eneklere ihtiyac\u0131n\u0131z var. Lexar Professional 1667x SDXC UHS-II kart\u0131, UHS Speed Class 3 (U3) performans\u0131ndan yararlanarak ve 128 GB&#8217;a kadar geni\u015f kapasite se\u00e7enekleri sunarak kolayla\u015ft\u0131r\u0131r.<\/p>\n<p><strong>\u00d6nemli \u00f6l\u00e7\u00fcde h\u0131zland\u0131r\u0131lm\u0131\u015f i\u015f ak\u0131\u015f\u0131 ile zaman kazan\u0131n<\/strong><br \/>\nLexar Professional 1667x SDXC UHS-II kartlar\u0131n y\u00fcksek performans\u0131, i\u015f ak\u0131\u015f\u0131n\u0131z\u0131 ba\u015ftan sona \u00f6nemli \u00f6l\u00e7\u00fcde h\u0131zland\u0131r\u0131r; b\u00f6ylece zamandan tasarruf edebilir ve foto\u011fraf\u00e7\u0131l\u0131k i\u015fine geri d\u00f6nebilirsiniz.<\/p>\n<p><strong>En y\u00fcksek UHS-I h\u0131zlar\u0131nda geriye do\u011fru uyumludur<\/strong><br \/>\n\u00c7ok y\u00f6nl\u00fcl\u00fck i\u00e7in, kartlar ayr\u0131ca UHS-I h\u0131z yeteneklerinin maksimum e\u015fik de\u011ferlerine kadar performans g\u00f6steren UHS-I cihazlar\u0131yla geriye do\u011fru uyumludur. Kartlar ayr\u0131ca S\u0131n\u0131f 10 h\u0131zlar\u0131nda performans g\u00f6steren eski UHS-I olmayan cihazlarla da \u00e7al\u0131\u015f\u0131yor.<\/p>\n<p><strong>Titizlikle test edildi<\/strong><br \/>\nT\u00fcm Lexar \u00fcr\u00fcn tasar\u0131mlar\u0131, performans, kalite, uyumluluk ve g\u00fcvenilirlik sa\u011flamak i\u00e7in Lex100 Kalite Laboratuarlar\u0131nda, 1.100&#8217;den fazla dijital cihaza sahip tesislerde kapsaml\u0131 testlerden ge\u00e7irilir.<\/p>\n<hr \/>\n<p><strong>Teknik Detaylar:<\/strong><br \/>\nKart Tipi: SDXC<br \/>\nDepolama Kapasitesi: 128 GB<br \/>\nOtob\u00fcs T\u00fcr\u00fc: UHS-II<br \/>\nH\u0131z S\u0131n\u0131f\u0131: 10<br \/>\nUHS H\u0131z S\u0131n\u0131f\u0131: U3<br \/>\nVideo H\u0131z\u0131 S\u0131n\u0131f\u0131: V60<br \/>\nH\u0131z (X derecesi): 1667x<br \/>\nVeri Transferi Okuma H\u0131z\u0131: 250 MB \/ s Maksimum (Seri \u00c7ekim)<br \/>\nYazma H\u0131z\u0131: 90 MB \/ s Maksimum (Seri \u00c7ekim)<br \/>\nYazma H\u0131z\u0131: 60 MB \/ sn Minimum<br \/>\nDahili Yazmaya Kar\u015f\u0131 Koruma Anahtar\u0131: Evet<br \/>\nKablosuz \u00d6zelli\u011fi: Yok<\/p>\n<hr \/>\n<p><strong>Paket \u0130\u00e7eri\u011fi:<\/strong><br \/>\n1x Lexar 128GB Profesyonel 1667x UHS-II SDXC Haf\u0131za Kart\u0131<\/p>\n","protected":false},"excerpt":{"rendered":"<header class=\"title-wrapper\">\n<header class=\"title-wrapper\">\n<div class=\"pdt_v8\">\n<p><strong>Lexar 128GB SDXC 1667x 250MB\/s UHS-II U3 Haf\u0131za Kart\u0131<\/strong><\/p>\n<\/div>\n<div id=\"PI_v8\" class=\"pdi_v8\"><\/div>\n<\/header>\n<\/header>\n","protected":false},"featured_media":9696,"comment_status":"open","ping_status":"closed","template":"","meta":[],"product_cat":[232],"product_tag":[271,273,272,274],"_links":{"self":[{"href":"https:\/\/soleilsky.com.tr\/shop\/wp-json\/wp\/v2\/product\/5486"}],"collection":[{"href":"https:\/\/soleilsky.com.tr\/shop\/wp-json\/wp\/v2\/product"}],"about":[{"href":"https:\/\/soleilsky.com.tr\/shop\/wp-json\/wp\/v2\/types\/product"}],"replies":[{"embeddable":true,"href":"https:\/\/soleilsky.com.tr\/shop\/wp-json\/wp\/v2\/comments?post=5486"}],"wp:featuredmedia":[{"embeddable":true,"href":"https:\/\/soleilsky.com.tr\/shop\/wp-json\/wp\/v2\/media\/9696"}],"wp:attachment":[{"href":"https:\/\/soleilsky.com.tr\/shop\/wp-json\/wp\/v2\/media?parent=5486"}],"wp:term":[{"taxonomy":"product_cat","embeddable":true,"href":"https:\/\/soleilsky.com.tr\/shop\/wp-json\/wp\/v2\/product_cat?post=5486"},{"taxonomy":"product_tag","embeddable":true,"href":"https:\/\/soleilsky.com.tr\/shop\/wp-json\/wp\/v2\/product_tag?post=5486"}],"curies":[{"name":"wp","href":"https:\/\/api.w.org\/{rel}","templated":true}]}}