{"id":5509,"date":"2020-10-20T08:39:32","date_gmt":"2020-10-20T08:39:32","guid":{"rendered":"https:\/\/soleilsky.com.tr\/shop\/?post_type=product&#038;p=5509"},"modified":"2022-04-05T20:28:35","modified_gmt":"2022-04-05T20:28:35","slug":"64gb-lexar-high-performance-633x-microsdhc-microsdxc-uhs-i-up-to-95mb-s-read-45mb-s-write","status":"publish","type":"product","link":"https:\/\/soleilsky.com.tr\/shop\/urun\/64gb-lexar-high-performance-633x-microsdhc-microsdxc-uhs-i-up-to-95mb-s-read-45mb-s-write\/","title":{"rendered":"64GB Lexar\u00ae High-Performance 633x microSDHC&#x2122;\/microSDXC&#x2122; UHS-I, up to 95MB\/s read 45MB\/s write"},"content":{"rendered":"<p>Lexar 64GB microSDXC UHS-I 633X 95mb\/sn (Class 10) U1+ SD Adaptor Haf\u0131za Kart\u0131 LSDMI64GBBEU633A<\/p>\n<p>Titizlikle test edilmi\u015ftir. T\u00fcm Lexar \u00fcr\u00fcn tasar\u0131mlar\u0131 performans, kalite, uyumluluk ve g\u00fcvenilirlik sa\u011flamak i\u00e7in, 1.100 &#8216;den fazla dijital cihazlar ile Lexar Quality Labs. tesislerinde kapsaml\u0131 testlerden ge\u00e7mektedi<span id=\"selectionBoundary_1488210467578_8901505767108935\" class=\"rangySelectionBoundary\"><\/span>r.Bellek \u00f6nemli oldu\u011funda, se\u00e7im Lexar\u2019d\u0131r. Bu end\u00fcstrideki 15 y\u0131l\u0131 a\u015fan tarihi ile belle\u011fin ne oldu\u011funu biliyoruz. H\u0131zl\u0131ca ihtiyac\u0131n\u0131z olan \u00e7\u00f6z\u00fcmleri, teknolojiyle tasarl\u0131yoruz ve \u00fcr\u00fcnlerimizin uyumlu oldu\u011fundan emin olmak i\u00e7in cihaz \u00fcreticileri ile \u00e7al\u0131\u015f\u0131yoruz. Yararl\u0131 m\u00fc\u015fteri hizmetleri ve garanti s\u00fcreleri ile arkas\u0131nda duruyoruz. Lexar, performans, g\u00fcvenilirlik ve uzman deste\u011fine adanm\u0131\u015f oldu\u011fundan, s\u00f6z konusu olan an\u0131lar\u0131 depolamak oldu\u011funda, Lexar\u2019a g\u00fcvenin.<\/p>\n<p><b>LSDMI64GBBEU633A64GB-Class 10, UHS-I (U1), 633x (up to 95MB\/s okuma, 20MB\/s yazma)<\/b><\/p>\n","protected":false},"excerpt":{"rendered":"<header class=\"title-wrapper\">Lexar 64GB microSDXC UHS-I 633X 95mb\/sn (Class 10) U1+ SD Adaptor Haf\u0131za Kart\u0131<\/header>\n","protected":false},"featured_media":9701,"comment_status":"open","ping_status":"closed","template":"","meta":[],"product_cat":[232],"product_tag":[271,273,272,274],"_links":{"self":[{"href":"https:\/\/soleilsky.com.tr\/shop\/wp-json\/wp\/v2\/product\/5509"}],"collection":[{"href":"https:\/\/soleilsky.com.tr\/shop\/wp-json\/wp\/v2\/product"}],"about":[{"href":"https:\/\/soleilsky.com.tr\/shop\/wp-json\/wp\/v2\/types\/product"}],"replies":[{"embeddable":true,"href":"https:\/\/soleilsky.com.tr\/shop\/wp-json\/wp\/v2\/comments?post=5509"}],"wp:featuredmedia":[{"embeddable":true,"href":"https:\/\/soleilsky.com.tr\/shop\/wp-json\/wp\/v2\/media\/9701"}],"wp:attachment":[{"href":"https:\/\/soleilsky.com.tr\/shop\/wp-json\/wp\/v2\/media?parent=5509"}],"wp:term":[{"taxonomy":"product_cat","embeddable":true,"href":"https:\/\/soleilsky.com.tr\/shop\/wp-json\/wp\/v2\/product_cat?post=5509"},{"taxonomy":"product_tag","embeddable":true,"href":"https:\/\/soleilsky.com.tr\/shop\/wp-json\/wp\/v2\/product_tag?post=5509"}],"curies":[{"name":"wp","href":"https:\/\/api.w.org\/{rel}","templated":true}]}}