{"id":5512,"date":"2020-10-20T08:43:59","date_gmt":"2020-10-20T08:43:59","guid":{"rendered":"https:\/\/soleilsky.com.tr\/shop\/?post_type=product&#038;p=5512"},"modified":"2022-04-05T16:24:16","modified_gmt":"2022-04-05T16:24:16","slug":"128gb-lexar-high-performance-633x-microsdhc-microsdxc-uhs-i-up-to-95mb-s-read-45mb-s-write","status":"publish","type":"product","link":"https:\/\/soleilsky.com.tr\/shop\/urun\/128gb-lexar-high-performance-633x-microsdhc-microsdxc-uhs-i-up-to-95mb-s-read-45mb-s-write\/","title":{"rendered":"128GB Lexar\u00ae High-Performance 633x microSDHC&#x2122;\/microSDXC&#x2122; UHS-I, up to 95MB\/s read 45MB\/s write"},"content":{"rendered":"<table>\n<tbody>\n<tr>\n<td class=\"no-border\">\n<div id=\"productDescriptionContent\">\n<p>Lexar 128GB MicroSDXC U1 633X 95MB\/sn UHS-1 Class10 Haf\u0131za Kart\u0131<\/p>\n<p>Titizlikle test edilmi\u015ftir. T\u00fcm Lexar \u00fcr\u00fcn tasar\u0131mlar\u0131 performans, kalite, uyumluluk ve g\u00fcvenilirlik sa\u011flamak i\u00e7in, 1.100 &#8216;den fazla dijital cihazlar ile Lexar Quality Labs. tesislerinde kapsaml\u0131 testlerden ge\u00e7mektedir.Bellek \u00f6nemli oldu\u011funda, se\u00e7im Lexar\u2019d\u0131r. Bu end\u00fcstrideki 15 y\u0131l\u0131 a\u015fan tarihi ile belle\u011fin ne oldu\u011funu biliyoruz. H\u0131zl\u0131ca ihtiyac\u0131n\u0131z olan \u00e7\u00f6z\u00fcmleri, teknolojiyle tasarl\u0131yoruz ve \u00fcr\u00fcnlerimizin uyumlu oldu\u011fundan emin olmak i\u00e7in cihaz \u00fcreticileri ile \u00e7al\u0131\u015f\u0131yoruz. Yararl\u0131 m\u00fc\u015fteri hizmetleri ve garanti s\u00fcreleri ile arkas\u0131nda duruyoruz. Lexar, performans, g\u00fcvenilirlik ve uzman deste\u011fine adanm\u0131\u015f oldu\u011fundan, s\u00f6z konusu olan an\u0131lar\u0131 depolamak oldu\u011funda, Lexar\u2019a g\u00fcvenin.<\/p>\n<p>LSDMI128BBEU633A128GB-Class 10, UHS-I (U1), 633x (up to 95MB\/s okuma, 20MB\/s yazma)<\/p>\n<\/div>\n<\/td>\n<\/tr>\n<\/tbody>\n<\/table>\n<div id=\"ctl00_ContentPlaceHolder1_ProductControl1_MainControl1_TabControl1_ProductDescription1_CustomContentBottom\"><\/div>\n<p>&nbsp;<\/p>\n<p>Haf\u0131za Kart\u0131 Tipi: Micro SD<br \/>\nKapasite: 128 GB<\/p>\n<p>Garanti S\u00fcresi (Ay) 2<br \/>\nYurt D\u0131\u015f\u0131 Sat\u0131\u015f Yok<\/p>\n","protected":false},"excerpt":{"rendered":"<header class=\"title-wrapper\">\n<p id=\"product-name\" class=\"product-name best-price-trick\" data-bind=\"markupText: 'productName', event: {mouseup: handleMouseUpForProductName}\">Lexar 128GB MicroSDXC U1 633X 95MB\/sn UHS-1 Class10 Haf\u0131za Kart\u0131<\/p>\n<\/header>\n","protected":false},"featured_media":9650,"comment_status":"open","ping_status":"closed","template":"","meta":[],"product_cat":[232],"product_tag":[271,273,272,274],"_links":{"self":[{"href":"https:\/\/soleilsky.com.tr\/shop\/wp-json\/wp\/v2\/product\/5512"}],"collection":[{"href":"https:\/\/soleilsky.com.tr\/shop\/wp-json\/wp\/v2\/product"}],"about":[{"href":"https:\/\/soleilsky.com.tr\/shop\/wp-json\/wp\/v2\/types\/product"}],"replies":[{"embeddable":true,"href":"https:\/\/soleilsky.com.tr\/shop\/wp-json\/wp\/v2\/comments?post=5512"}],"wp:featuredmedia":[{"embeddable":true,"href":"https:\/\/soleilsky.com.tr\/shop\/wp-json\/wp\/v2\/media\/9650"}],"wp:attachment":[{"href":"https:\/\/soleilsky.com.tr\/shop\/wp-json\/wp\/v2\/media?parent=5512"}],"wp:term":[{"taxonomy":"product_cat","embeddable":true,"href":"https:\/\/soleilsky.com.tr\/shop\/wp-json\/wp\/v2\/product_cat?post=5512"},{"taxonomy":"product_tag","embeddable":true,"href":"https:\/\/soleilsky.com.tr\/shop\/wp-json\/wp\/v2\/product_tag?post=5512"}],"curies":[{"name":"wp","href":"https:\/\/api.w.org\/{rel}","templated":true}]}}