{"id":5515,"date":"2020-10-20T09:00:37","date_gmt":"2020-10-20T09:00:37","guid":{"rendered":"https:\/\/soleilsky.com.tr\/shop\/?post_type=product&#038;p=5515"},"modified":"2022-04-05T20:26:43","modified_gmt":"2022-04-05T20:26:43","slug":"64gb-lexar-high-performance-667x-microsdhc-microsdxc-uhs-i-up-to-100mb-s-read-90mb-s-write","status":"publish","type":"product","link":"https:\/\/soleilsky.com.tr\/shop\/urun\/64gb-lexar-high-performance-667x-microsdhc-microsdxc-uhs-i-up-to-100mb-s-read-90mb-s-write\/","title":{"rendered":"64GB Lexar\u00ae High-Performance 667x microSDHC&#x2122;\/microSDXC&#x2122; UHS-I, up to 100MB\/s read 90MB\/s write"},"content":{"rendered":"<table>\n<tbody>\n<tr>\n<td class=\"no-border\">Lexar 64GB Micro SDXC UHS-I 667X C10 U3 4K V30 A2 100Mb\/sn LSDMI64GB667A Haf\u0131za Kart\u0131<\/p>\n<pre>Lexar Professional 64GB 667X 100Mb\/Sn. microSDXC Kart\r\n\r\nTelefonlara ve Aksiyon Kameralara Digital Fotograf Makinelerine Uyumludur\r\n\r\n\r\n\r\nY\u00fcksek h\u0131zl\u0131 performans - 677x (100MB \/ s) 'ye kadar okuma aktarma h\u0131z\u0131 i\u00e7in UHS-I teknolojisini (U3) kullan\u0131r *\r\n\r\nHD video kamera veya 3D kamera ile y\u00fcksek performans g\u00f6r\u00fcnt\u00fcler ve \u00e7arp\u0131c\u0131 1080p full-HD, 3D ve 4K videolar\u0131n uzun \u00f6m\u00fcrl\u00fc g\u00f6r\u00fcnt\u00fclerini yakalar\r\n\r\n64GB b\u00fcy\u00fck kapasite se\u00e7ene\u011fi, kartlar\u0131 de\u011fi\u015ftirmeden daha uzun \u00e7ekim yapman\u0131z\u0131 sa\u011flar\r\n\r\n\u0130\u015f ak\u0131\u015f\u0131n\u0131 \u00f6nemli \u00f6l\u00e7\u00fcde h\u0131zland\u0131rmak i\u00e7in karttan bilgisayara y\u00fcksek h\u0131zl\u0131 dosya aktar\u0131m\u0131 **\r\n\r\nUHS-I cihazlar\u0131 ile geriye d\u00f6n\u00fck uyumlu\r\n\r\nG\u00fcvenebilece\u011finiz y\u00fcksek h\u0131zl\u0131 performans.\r\n\r\nProfesyonel bir foto\u011fraf\u00e7\u0131, g\u00f6r\u00fcnt\u00fc y\u00f6netmeni veya merakl\u0131s\u0131 olsan\u0131z, Lexar\u00ae Professional 677x microSDHC &#x2122; \/ SDXC &#x2122; UHS-I kartlar\u0131 g\u00fcvenebilece\u011finiz bir performans sunar. Bu y\u00fcksek h\u0131zl\u0131 kartlar UHS-I teknolojisini (UHS H\u0131z S\u0131n\u0131f\u0131 3 (U3)) kullan\u0131r ve bir SD UHS-I okuyucu ile kullan\u0131ld\u0131\u011f\u0131nda 677x (s) h\u0131z\u0131na kadar bir okuma aktarma h\u0131z\u0131 sa\u011flar. \u00c7ok y\u00f6nl\u00fcl\u00fck i\u00e7in, kartlar UHS-I h\u0131zlar\u0131nda da UHS-I cihazlar\u0131 ile \u00e7al\u0131\u015f\u0131r ve UHS olmayan cihazlarla kullan\u0131ld\u0131\u011f\u0131nda eski kameralar ve okuyucularla geriye do\u011fru uyumludurlar.\r\n\r\n\r\ny\u00fcksek performans g\u00f6r\u00fcnt\u00fcler ve 1080p tam HD, 3D ve 4K video \u00e7ekin.\r\n\r\nBir DSLR, HD video kamera veya 3B kamera kullanarak, y\u00fcksek performans g\u00f6r\u00fcnt\u00fcler ve 1080p full-HD, 3D ve 4K video \u00e7ekimleri i\u00e7in mevcut en yeni foto\u011fraf ve video \u00f6zelliklerinden yararlanabileceksiniz.\r\n\r\n.\r\n\r\nHD, 3D ve 4K video \u00f6zelliklerinin artmas\u0131yla, g\u00fcvenebilece\u011finiz y\u00fcksek performansl\u0131 kartlara ve kart de\u011fi\u015ftirmeden daha uzun s\u00fcre \u00e7ekim yapman\u0131z\u0131 sa\u011flayan y\u00fcksek kapasiteli se\u00e7eneklere ihtiyac\u0131n\u0131z vard\u0131r. Lexar Professional 677x microSDXC UHS-I kart\u0131, UHS Speed \u200b\u200bClass 3 performans\u0131ndan yararlanarak bunu kolayla\u015ft\u0131r\u0131r ve size 256GB'a kadar geni\u015f kapasite se\u00e7enekleri sunar.\r\n\r\n\r\n\u00d6nemli \u00f6l\u00e7\u00fcde h\u0131zland\u0131r\u0131lm\u0131\u015f i\u015f ak\u0131\u015f\u0131 ile zaman kazan\u0131n.\r\n\r\nLexar Professional 677x microSDHC \/ SDXC UHS-I kartlar\u0131n y\u00fcksek h\u0131zl\u0131 performans\u0131, i\u015f ak\u0131\u015f\u0131n\u0131z\u0131 ba\u015ftan sona h\u0131zland\u0131r\u0131r, b\u00f6ylece zamandan tasarruf edebilir ve foto\u011fraf\u00e7\u0131l\u0131k i\u015fine geri d\u00f6nebilirsiniz. **\r\n\r\n\r\n\r\nTitizlikle test edilmi\u015ftir.\r\n\r\nT\u00fcm Lexar \u00fcr\u00fcn tasar\u0131mlar\u0131, performans, , uyumluluk ve g\u00fcvenilirlik sa\u011flamak i\u00e7in Lexar Laboratuarlar\u0131nda, 1100'den fazla dijital cihazla kapsaml\u0131 testlerden ge\u00e7mektedir.\r\n\r\n\r\n\r\nLSDMI64GB667A\r\n\r\nLexar 64GB Profissonal 677X microSDXC Haf\u0131za Kart\u0131 Class 10 U3 v30\r\n\r\n64GB-Class 10, UHS-I (U3), 677x (up to 100MB\/s okuma, 90MB\/s yazma)<\/pre>\n<\/td>\n<\/tr>\n<\/tbody>\n<\/table>\n<h4 id=\"ctl00_ContentPlaceHolder1_ProductControl1_MainControl1_TabControl1_ProductDescription1_CustomContentBottom\"><\/h4>\n<table>\n<tbody>\n<tr>\n<td class=\"no-border\">\n<table>\n<tbody>\n<tr>\n<td>\n<div id=\"ccs-inline-content\" class=\"cnet-integration\"><\/div>\n<\/td>\n<\/tr>\n<\/tbody>\n<\/table>\n<table>\n<tbody>\n<tr>\n<td>\n<table class=\"data-list tech-spec\">\n<caption>\u00a0<\/caption>\n<tbody>\n<tr>\n<th>Haf\u0131za Kart\u0131 Tipi<\/th>\n<td>Micro SDXC<\/td>\n<\/tr>\n<tr>\n<th>H\u0131z S\u0131n\u0131rland\u0131rma De\u011feri<\/th>\n<td>Class 10<\/td>\n<\/tr>\n<tr>\n<th>Kapasite<\/th>\n<td>64 GB<\/td>\n<\/tr>\n<tr>\n<th>Kart Cinsi<\/th>\n<td>XC<\/td>\n<\/tr>\n<tr>\n<th>SD Kart Adapt\u00f6r\u00fc<\/th>\n<td>Var<\/td>\n<\/tr>\n<tr>\n<th>S\u0131n\u0131f\u0131<\/th>\n<td>3<\/td>\n<\/tr>\n<tr>\n<th>UHS S\u0131n\u0131fland\u0131rmas\u0131<\/th>\n<td>UHS-I<\/td>\n<\/tr>\n<\/tbody>\n<\/table>\n<table class=\"data-list tech-spec\">\n<caption>Di\u011fer<\/caption>\n<tbody>\n<tr>\n<th>Garanti S\u00fcresi (Ay)<\/th>\n<td>24<\/td>\n<\/tr>\n<tr>\n<th>Yurt D\u0131\u015f\u0131 Sat\u0131\u015f<\/th>\n<td>Yok<\/td>\n<\/tr>\n<tr>\n<th>Stok Kodu<\/th>\n<td>HBV00000KBPNP<\/td>\n<\/tr>\n<\/tbody>\n<\/table>\n<\/td>\n<\/tr>\n<\/tbody>\n<\/table>\n<\/td>\n<\/tr>\n<\/tbody>\n<\/table>\n","protected":false},"excerpt":{"rendered":"<p class=\"title-wrapper\"><strong>64GB Lexar\u00ae High-Performance 667x microSDHC&#x2122;\/microSDXC&#x2122; UHS-I, up to 100MB\/s read 90MB\/s write<\/strong><\/p>\n","protected":false},"featured_media":9700,"comment_status":"open","ping_status":"closed","template":"","meta":[],"product_cat":[232],"product_tag":[271,273,272,274],"_links":{"self":[{"href":"https:\/\/soleilsky.com.tr\/shop\/wp-json\/wp\/v2\/product\/5515"}],"collection":[{"href":"https:\/\/soleilsky.com.tr\/shop\/wp-json\/wp\/v2\/product"}],"about":[{"href":"https:\/\/soleilsky.com.tr\/shop\/wp-json\/wp\/v2\/types\/product"}],"replies":[{"embeddable":true,"href":"https:\/\/soleilsky.com.tr\/shop\/wp-json\/wp\/v2\/comments?post=5515"}],"wp:featuredmedia":[{"embeddable":true,"href":"https:\/\/soleilsky.com.tr\/shop\/wp-json\/wp\/v2\/media\/9700"}],"wp:attachment":[{"href":"https:\/\/soleilsky.com.tr\/shop\/wp-json\/wp\/v2\/media?parent=5515"}],"wp:term":[{"taxonomy":"product_cat","embeddable":true,"href":"https:\/\/soleilsky.com.tr\/shop\/wp-json\/wp\/v2\/product_cat?post=5515"},{"taxonomy":"product_tag","embeddable":true,"href":"https:\/\/soleilsky.com.tr\/shop\/wp-json\/wp\/v2\/product_tag?post=5515"}],"curies":[{"name":"wp","href":"https:\/\/api.w.org\/{rel}","templated":true}]}}