{"id":5524,"date":"2020-10-20T10:22:04","date_gmt":"2020-10-20T10:22:04","guid":{"rendered":"https:\/\/soleilsky.com.tr\/shop\/?post_type=product&#038;p=5524"},"modified":"2022-04-05T16:27:45","modified_gmt":"2022-04-05T16:27:45","slug":"32gb-lexar-professional-1000x-microsdhc-microsdxc-uhs-iiusb-3-0-reader-up-to-150mb-s-read-75mb-s-write","status":"publish","type":"product","link":"https:\/\/soleilsky.com.tr\/shop\/urun\/32gb-lexar-professional-1000x-microsdhc-microsdxc-uhs-iiusb-3-0-reader-up-to-150mb-s-read-75mb-s-write\/","title":{"rendered":"32GB Lexar\u00ae Professional 1000x microSDHC&#x2122;\/microSDXC&#x2122; UHS-II+USB 3.0 Reader, up to 150MB\/s read 75MB\/s write"},"content":{"rendered":"<table>\n<tbody>\n<tr>\n<td class=\"no-border\">\n<div id=\"productDescriptionContent\">\n<p>Lexar USB 3.0 Kart Okuyucu + 2&#8217;li 32GB 1000X U3 4K SD Haf\u0131za Kart\u0131 1000XSD<\/p>\n<p>&nbsp;<\/p>\n<p><strong>Lexar Multi USB 3.0 25 in 1 Kart Okuyucu<\/strong><\/p>\n<ul>\n<li><strong>\u00a0 USB 3.0 Kablo ile Birlikte<\/strong><\/li>\n<li><strong>500mb&#8217;e varan aktar\u0131m h\u0131z\u0131<\/strong><\/li>\n<li><strong>25 Haf\u0131za Kart\u0131 Format\u0131 ile Uyumluluk<\/strong><\/li>\n<li>Kart okuyucunun a\u00e7\u0131l\u0131r tasar\u0131m\u0131 kullan\u0131mda de\u011filken kart yuvalar\u0131n\u0131 korur.<\/li>\n<li>SD&#x2122;\u00a0,\u00a0SDHC&#x2122;,\u00a0\u00a0SDXC&#x2122;,\u00a0\u00a0miniSD&#x2122;,\u00a0\u00a0miniSDHC&#x2122;,\u00a0\u00a0microSD&#x2122;,\u00a0\u00a0microSDHC&#x2122;,\u00a0\u00a0microSDXC&#x2122;<\/li>\n<li>MultiMediaCard&#x2122;,\u00a0\u00a0MMCplus&#x2122;,\u00a0\u00a0MMCmobile&#x2122;,\u00a0\u00a0RS-MMC&#x2122;,\u00a0\u00a0RS-MMC DV&#x2122;,\u00a0\u00a0Memory Stick<sup>\u00ae<\/sup><\/li>\n<li>Memory Stick PRO&#x2122;,\u00a0\u00a0Memory Stick Duo&#x2122;,\u00a0\u00a0Memory Stick PRO Duo&#x2122;,\u00a0\u00a0Memory Stick PRO-HG Duo&#x2122;,\u00a0\u00a0<strong>CompactFlash<sup>\u00ae<\/sup><\/strong><\/li>\n<li>UHS-I (Ultra Y\u00fcksek H\u0131z) SDHC\/SDXC kartlar\u0131,\u00a0\u00a0UDMA CompactFlash<sup>\u00ae<\/sup>\u00a0kartlar\u0131 (UDMA 6 ve UDMA 7 d\u00e2hil)<\/li>\n<li>Minimum Sistem Gereksinimleri:Windows<sup>\u00ae<\/sup>\u00a0XP, Windows Vista<sup>\u00ae<\/sup>, Windows 7,\u00a0\u00a0Mac OS 10.4.10+<\/li>\n<\/ul>\n<p><strong>Lexar 32 GB 1000x U3 4K SD Haf\u0131za Kart\u0131 (150mb\/s)<\/strong><\/p>\n<ul>\n<li><strong>\u00a0 150mb\/s.\u00a04K Deste\u011fi<\/strong><\/li>\n<li><strong>Made in KOREA.\u00a0<\/strong><\/li>\n<li>H\u0131zlar\u0131 ve kapasiteleri ile y\u00fcksek kaliteli foto\u011fraflar ve HD,4K video \u00e7ekin<\/li>\n<li>G\u00fcvenebilece\u011finiz Y\u00fcksek h\u0131z performans\u0131<\/li>\n<li>Bu y\u00fcksek h\u0131z, S\u0131n\u0131f 10 kartlar\u0131 UHS-II teknolojisi 1000x (150Mb\/s) bir okuma aktar\u0131m h\u0131z\u0131 sa\u011flamaktad\u0131r.<\/li>\n<li><strong>Image Rescue ile dosyalar\u0131 kurtar\u0131n\u00a0\u00a0\u00ae\u00a0\u00a0yaz\u0131l\u0131m\u0131<\/strong><\/li>\n<li>Okuma H\u0131z\u0131 &#8211; 150mb\/s.\u00a0 Yazma H\u0131z\u0131 &#8211; 90mb\/s<\/li>\n<li><strong>Ultra H\u0131zl\u0131<\/strong><\/li>\n<\/ul>\n<p>&nbsp;<\/p>\n<\/div>\n<\/td>\n<\/tr>\n<\/tbody>\n<\/table>\n<div id=\"ctl00_ContentPlaceHolder1_ProductControl1_MainControl1_TabControl1_ProductDescription1_CustomContentBottom\"><\/div>\n<table>\n<tbody>\n<tr>\n<td class=\"no-border\">\n<table>\n<tbody>\n<tr>\n<td>\n<div class=\"tealium\">\n<div id=\"ccs-inline-content\" class=\"cnet-integration\"><\/div>\n<\/div>\n<\/td>\n<\/tr>\n<\/tbody>\n<\/table>\n<table>\n<tbody>\n<tr>\n<td>\n<div id=\"productTechSpecContainer\">\n<table class=\"data-list tech-spec\">\n<caption>\u00a0<\/caption>\n<tbody>\n<tr>\n<th>Haf\u0131za Kart\u0131 Tipi<\/th>\n<td>SDXC I<\/td>\n<\/tr>\n<tr>\n<th>H\u0131z S\u0131n\u0131rland\u0131rma De\u011feri<\/th>\n<td>Class 10<\/td>\n<\/tr>\n<tr>\n<th>Kapasite<\/th>\n<td>32 GB<\/td>\n<\/tr>\n<tr>\n<th>Kart Cinsi<\/th>\n<td>XC<\/td>\n<\/tr>\n<tr>\n<th>SD Kart Adapt\u00f6r\u00fc<\/th>\n<td>Yok<\/td>\n<\/tr>\n<tr>\n<th>S\u0131n\u0131f\u0131<\/th>\n<td>10<\/td>\n<\/tr>\n<tr>\n<th>UHS S\u0131n\u0131fland\u0131rmas\u0131<\/th>\n<td>UHS-II<\/td>\n<\/tr>\n<\/tbody>\n<\/table>\n<table class=\"data-list tech-spec\">\n<caption>Di\u011fer<\/caption>\n<tbody>\n<tr>\n<th>Garanti S\u00fcresi (Ay)<\/th>\n<td>24<\/td>\n<\/tr>\n<tr>\n<th>Yurt D\u0131\u015f\u0131 Sat\u0131\u015f<\/th>\n<td>Yok<\/td>\n<\/tr>\n<tr>\n<th>Stok Kodu<\/th>\n<td>HBV00000TDEIZ<\/td>\n<\/tr>\n<\/tbody>\n<\/table>\n<\/div>\n<\/td>\n<\/tr>\n<\/tbody>\n<\/table>\n<\/td>\n<\/tr>\n<\/tbody>\n<\/table>\n","protected":false},"excerpt":{"rendered":"<p>32GB Lexar\u00ae Professional 1000x microSDHC&#x2122;\/microSDXC&#x2122; UHS-II+USB 3.0 Reader, up to 150MB\/s read 75MB\/s write<\/p>\n","protected":false},"featured_media":9654,"comment_status":"open","ping_status":"closed","template":"","meta":[],"product_cat":[232],"product_tag":[271,273,272,274],"_links":{"self":[{"href":"https:\/\/soleilsky.com.tr\/shop\/wp-json\/wp\/v2\/product\/5524"}],"collection":[{"href":"https:\/\/soleilsky.com.tr\/shop\/wp-json\/wp\/v2\/product"}],"about":[{"href":"https:\/\/soleilsky.com.tr\/shop\/wp-json\/wp\/v2\/types\/product"}],"replies":[{"embeddable":true,"href":"https:\/\/soleilsky.com.tr\/shop\/wp-json\/wp\/v2\/comments?post=5524"}],"wp:featuredmedia":[{"embeddable":true,"href":"https:\/\/soleilsky.com.tr\/shop\/wp-json\/wp\/v2\/media\/9654"}],"wp:attachment":[{"href":"https:\/\/soleilsky.com.tr\/shop\/wp-json\/wp\/v2\/media?parent=5524"}],"wp:term":[{"taxonomy":"product_cat","embeddable":true,"href":"https:\/\/soleilsky.com.tr\/shop\/wp-json\/wp\/v2\/product_cat?post=5524"},{"taxonomy":"product_tag","embeddable":true,"href":"https:\/\/soleilsky.com.tr\/shop\/wp-json\/wp\/v2\/product_tag?post=5524"}],"curies":[{"name":"wp","href":"https:\/\/api.w.org\/{rel}","templated":true}]}}