{"id":5528,"date":"2020-10-20T10:27:43","date_gmt":"2020-10-20T10:27:43","guid":{"rendered":"https:\/\/soleilsky.com.tr\/shop\/?post_type=product&#038;p=5528"},"modified":"2022-04-05T21:00:40","modified_gmt":"2022-04-05T21:00:40","slug":"lexar-64gb-microsdxc-1000x-150mb-sn-uhs-ii-4k-usb-3-0-kart-okuyucu-class10-u3-lsdmi64gcbeu1000r-hafiza-karti","status":"publish","type":"product","link":"https:\/\/soleilsky.com.tr\/shop\/urun\/lexar-64gb-microsdxc-1000x-150mb-sn-uhs-ii-4k-usb-3-0-kart-okuyucu-class10-u3-lsdmi64gcbeu1000r-hafiza-karti\/","title":{"rendered":"Lexar 64GB microSDXC 1000X 150Mb\/sn UHS-II 4K + USB 3.0 Kart Okuyucu Class10 U3 (LSDMI64GCBEU1000R) Haf\u0131za Kart\u0131"},"content":{"rendered":"<table>\n<tbody>\n<tr>\n<td class=\"no-border\">\n<div id=\"productDescriptionContent\">\n<p>Lexar 64GB microSDXC 1000X 150Mb\/sn UHS-II 4K + USB 3.0 Kart Okuyucu Class10 U3 (LSDMI64GCBEU1000R) Haf\u0131za Kart\u0131<\/p>\n<\/div>\n<\/td>\n<\/tr>\n<\/tbody>\n<\/table>\n<div id=\"ctl00_ContentPlaceHolder1_ProductControl1_MainControl1_TabControl1_ProductDescription1_CustomContentBottom\"><\/div>\n<table>\n<tbody>\n<tr>\n<td class=\"no-border\">\n<table>\n<tbody>\n<tr>\n<td>\n<div class=\"tealium\">\n<div id=\"ccs-inline-content\" class=\"cnet-integration\"><\/div>\n<\/div>\n<\/td>\n<\/tr>\n<\/tbody>\n<\/table>\n<table>\n<tbody>\n<tr>\n<td>\n<div id=\"productTechSpecContainer\">\n<table class=\"data-list tech-spec\">\n<caption>\u00a0<\/caption>\n<tbody>\n<tr>\n<th>Haf\u0131za Kart\u0131 Tipi<\/th>\n<td>Micro SD<\/td>\n<\/tr>\n<tr>\n<th>H\u0131z S\u0131n\u0131rland\u0131rma De\u011feri<\/th>\n<td>Class 10<\/td>\n<\/tr>\n<tr>\n<th>Kapasite<\/th>\n<td>64 GB<\/td>\n<\/tr>\n<tr>\n<th>Kart Cinsi<\/th>\n<td>XC II<\/td>\n<\/tr>\n<tr>\n<th>SD Kart Adapt\u00f6r\u00fc<\/th>\n<td>Yok<\/td>\n<\/tr>\n<tr>\n<th>UHS S\u0131n\u0131fland\u0131rmas\u0131<\/th>\n<td>UHS-II<\/td>\n<\/tr>\n<\/tbody>\n<\/table>\n<table class=\"data-list tech-spec\">\n<caption>Di\u011fer<\/caption>\n<tbody>\n<tr>\n<th>Garanti S\u00fcresi (Ay)<\/th>\n<td>24<\/td>\n<\/tr>\n<tr>\n<th>Yurt D\u0131\u015f\u0131 Sat\u0131\u015f<\/th>\n<td>Yok<\/td>\n<\/tr>\n<tr>\n<th>Stok Kodu<\/th>\n<td>FTHFZLXR64MSD1000X<\/td>\n<\/tr>\n<\/tbody>\n<\/table>\n<\/div>\n<\/td>\n<\/tr>\n<\/tbody>\n<\/table>\n<\/td>\n<\/tr>\n<\/tbody>\n<\/table>\n","protected":false},"excerpt":{"rendered":"<header class=\"title-wrapper\">\n<header class=\"title-wrapper\">\n<p id=\"product-name\" class=\"product-name best-price-trick\" data-bind=\"markupText: 'productName', event: {mouseup: handleMouseUpForProductName}\">Lexar 64GB microSDXC 1000X 150Mb\/sn UHS-II 4K + USB 3.0 Kart Okuyucu Class10 U3 (LSDMI64GCBEU1000R) Haf\u0131za Kart\u0131<\/p>\n<\/header>\n<\/header>\n","protected":false},"featured_media":5529,"comment_status":"open","ping_status":"closed","template":"","meta":[],"product_cat":[232],"product_tag":[271,273,272,274],"_links":{"self":[{"href":"https:\/\/soleilsky.com.tr\/shop\/wp-json\/wp\/v2\/product\/5528"}],"collection":[{"href":"https:\/\/soleilsky.com.tr\/shop\/wp-json\/wp\/v2\/product"}],"about":[{"href":"https:\/\/soleilsky.com.tr\/shop\/wp-json\/wp\/v2\/types\/product"}],"replies":[{"embeddable":true,"href":"https:\/\/soleilsky.com.tr\/shop\/wp-json\/wp\/v2\/comments?post=5528"}],"wp:featuredmedia":[{"embeddable":true,"href":"https:\/\/soleilsky.com.tr\/shop\/wp-json\/wp\/v2\/media\/5529"}],"wp:attachment":[{"href":"https:\/\/soleilsky.com.tr\/shop\/wp-json\/wp\/v2\/media?parent=5528"}],"wp:term":[{"taxonomy":"product_cat","embeddable":true,"href":"https:\/\/soleilsky.com.tr\/shop\/wp-json\/wp\/v2\/product_cat?post=5528"},{"taxonomy":"product_tag","embeddable":true,"href":"https:\/\/soleilsky.com.tr\/shop\/wp-json\/wp\/v2\/product_tag?post=5528"}],"curies":[{"name":"wp","href":"https:\/\/api.w.org\/{rel}","templated":true}]}}