{"id":5532,"date":"2020-10-20T10:33:59","date_gmt":"2020-10-20T10:33:59","guid":{"rendered":"https:\/\/soleilsky.com.tr\/shop\/?post_type=product&#038;p=5532"},"modified":"2022-04-05T19:53:24","modified_gmt":"2022-04-05T19:53:24","slug":"lexar-32gb-1066x-professional-compact-flash-hafiza-karti-lcf32gcrbeu1066","status":"publish","type":"product","link":"https:\/\/soleilsky.com.tr\/shop\/urun\/lexar-32gb-1066x-professional-compact-flash-hafiza-karti-lcf32gcrbeu1066\/","title":{"rendered":"Lexar 32GB 1066x Professional Compact Flash Haf\u0131za Kart\u0131 LCF32GCRBEU1066"},"content":{"rendered":"<table border=\"0\" width=\"908\" cellspacing=\"0\" cellpadding=\"0\" align=\"center\">\n<tbody>\n<tr>\n<td colspan=\"2\" height=\"75\"><strong>Lexar 32GB 1066X Professional CF Card<\/strong><\/td>\n<\/tr>\n<tr>\n<td width=\"449\" height=\"133\"><img loading=\"lazy\" decoding=\"async\" src=\"https:\/\/images.hepsiburada.net\/assets\/ProductDescription\/201512\/5a8f14a5-b2fc-47a1-88e0-50b857de074e.jpg\" width=\"299\" height=\"256\" \/><\/p>\n<p>&nbsp;<\/p>\n<p>&nbsp;<\/td>\n<td width=\"489\">\n<ul>\n<li>1066x (160MB\/s)\u2019e kadar okuma yazma h\u0131z\u0131n\u0131 g\u00fc\u00e7lendiren UDMA 7 teknolojisi ile y\u00fcksek h\u0131zda performans .<\/li>\n<li>DSLR foto\u011fraf makinesi, 3D kamera ya da HD camcorder ile y\u00fcksek kalitede ve \u00e7arp\u0131c\u0131 1080p full-HD,3D ve 4K video \u00e7ekimi<\/li>\n<li>Profesyonel kalitede videolar i\u00e7in video performans garantisi (VPG-65)\u015fartname deste\u011fi<\/li>\n<\/ul>\n<ul>\n<li>B\u00fcy\u00fck \u00f6l\u00e7\u00fcde i\u015f ak\u0131\u015f\u0131n\u0131 h\u0131zland\u0131rmak i\u00e7in karttan bilgisayara y\u00fcksek h\u0131zda dosya transferi<\/li>\n<\/ul>\n<ul>\n<li>Kay\u0131p veya silinmi\u015f foto\u011fraf ve video dosyalar\u0131 kurtarmak i\u00e7in indirilebilir Image Rescue \u00ae yaz\u0131l\u0131m\u0131n\u0131 i\u00e7erir<\/li>\n<\/ul>\n<ul>\n<li>Uzman deste\u011fi ve s\u0131n\u0131rl\u0131 \u00f6m\u00fcr boyu garanti<\/li>\n<\/ul>\n<p>&nbsp;<\/td>\n<\/tr>\n<tr>\n<td height=\"174\">&nbsp;<\/p>\n<p><strong>Titizlikle test edilmi\u015ftir.<\/strong><span class=\"Apple-converted-space\">\u00a0<\/span>T\u00fcm Lexar \u00fcr\u00fcn tasar\u0131mlar\u0131 performans, kalite, uyumluluk ve g\u00fcvenilirlik sa\u011flamak i\u00e7in, 1.100 &#8216;den fazla dijital cihazlar ile Lexar Quality Labs. tesislerinde kapsaml\u0131 testlerden ge\u00e7mektedir.<\/p>\n<p><strong>Bellek \u00f6nemli oldu\u011funda, se\u00e7im Lexar\u2019d\u0131r.<span class=\"Apple-converted-space\">\u00a0<\/span><\/strong>Bu end\u00fcstrideki 15 y\u0131l\u0131 a\u015fan tarihi ile belle\u011fin ne oldu\u011funu biliyoruz. H\u0131zl\u0131ca ihtiyac\u0131n\u0131z olan \u00e7\u00f6z\u00fcmleri, teknolojiyle tasarl\u0131yoruz ve \u00fcr\u00fcnlerimizin uyumlu oldu\u011fundan emin olmak i\u00e7in cihaz \u00fcreticileri ile \u00e7al\u0131\u015f\u0131yoruz. Yararl\u0131 m\u00fc\u015fteri hizmetleri ve garanti s\u00fcreleri ile arkas\u0131nda duruyoruz. Lexar, performans, g\u00fcvenilirlik ve uzman deste\u011fine adanm\u0131\u015f oldu\u011fundan, s\u00f6z konusu olan an\u0131lar\u0131 depolamak oldu\u011funda, Lexar\u2019a g\u00fcvenin.<\/td>\n<\/tr>\n<\/tbody>\n<\/table>\n","protected":false},"excerpt":{"rendered":"<header class=\"title-wrapper\">\n<header class=\"title-wrapper\"><strong>Lexar 32GB 1066x Professional Compact Flash Haf\u0131za Kart\u0131 LCF32GCRBEU1066<\/strong><\/p>\n<\/header>\n<\/header>\n","protected":false},"featured_media":9691,"comment_status":"open","ping_status":"closed","template":"","meta":[],"product_cat":[232],"product_tag":[271,273,272,274],"_links":{"self":[{"href":"https:\/\/soleilsky.com.tr\/shop\/wp-json\/wp\/v2\/product\/5532"}],"collection":[{"href":"https:\/\/soleilsky.com.tr\/shop\/wp-json\/wp\/v2\/product"}],"about":[{"href":"https:\/\/soleilsky.com.tr\/shop\/wp-json\/wp\/v2\/types\/product"}],"replies":[{"embeddable":true,"href":"https:\/\/soleilsky.com.tr\/shop\/wp-json\/wp\/v2\/comments?post=5532"}],"wp:featuredmedia":[{"embeddable":true,"href":"https:\/\/soleilsky.com.tr\/shop\/wp-json\/wp\/v2\/media\/9691"}],"wp:attachment":[{"href":"https:\/\/soleilsky.com.tr\/shop\/wp-json\/wp\/v2\/media?parent=5532"}],"wp:term":[{"taxonomy":"product_cat","embeddable":true,"href":"https:\/\/soleilsky.com.tr\/shop\/wp-json\/wp\/v2\/product_cat?post=5532"},{"taxonomy":"product_tag","embeddable":true,"href":"https:\/\/soleilsky.com.tr\/shop\/wp-json\/wp\/v2\/product_tag?post=5532"}],"curies":[{"name":"wp","href":"https:\/\/api.w.org\/{rel}","templated":true}]}}