{"id":5569,"date":"2020-10-20T13:02:15","date_gmt":"2020-10-20T13:02:15","guid":{"rendered":"https:\/\/soleilsky.com.tr\/shop\/?post_type=product&#038;p=5569"},"modified":"2020-12-04T16:57:55","modified_gmt":"2020-12-04T16:57:55","slug":"lexar-jumpdrive-v40-16-gb-usb-2-0-flash-bellek","status":"publish","type":"product","link":"https:\/\/soleilsky.com.tr\/shop\/urun\/lexar-jumpdrive-v40-16-gb-usb-2-0-flash-bellek\/","title":{"rendered":"Lexar JumpDrive V40 16 GB USB 2.0 Flash Bellek"},"content":{"rendered":"<h1>G\u00fcvenilir, Rahat Depolama<\/h1>\n<p>Lexar JumpDrive\u00a0V40 USB flash s\u00fcr\u00fcc\u00fc, g\u00fcvenilir ta\u015f\u0131nabilir depolama alan\u0131 sa\u011flayarak kolayca aktarman\u0131za, depolaman\u0131za ve<\/p>\n<p>hareket halindeyken dosya payla\u015f\u0131n.\u00a0S\u00fcr\u00fcc\u00fc, bir anahtarl\u0131\u011fa ba\u011flanmay\u0131 kolayla\u015ft\u0131ran uygun bir anahtar deli\u011fi deli\u011fi ile tasarlanm\u0131\u015ft\u0131r.<\/p>\n<p>bir s\u0131rt \u00e7antas\u0131 veya bir \u00e7anta veya evrak \u00e7antas\u0131na kanca.<\/p>\n<p style=\"font-weight: 400;\"><b>Tak ve Kullan Tasar\u0131m<\/b><\/p>\n<p style=\"font-weight: 400;\">Dosyalar\u0131 h\u0131zl\u0131 ve kolay bir \u015fekilde saklaman\u0131z\u0131 sa\u011flayan basit bir tak ve \u00e7al\u0131\u015ft\u0131r tasar\u0131m\u0131na sahiptir, b\u00f6ylece nereye giderseniz gidin, bilgileriniz sizinle birlikte gelir.<\/p>\n<p style=\"font-weight: 400;\"><b>Hem PC hem de Mac\u00a0i\u00e7in sunum yapar<\/b><\/p>\n<p style=\"font-weight: 400;\"><b>JumpDrive V40 USB flash s\u00fcr\u00fcc\u00fc, \u00e7ok say\u0131da foto\u011fraf, m\u00fczik ve video dosyas\u0131n\u0131 h\u0131zl\u0131 ve kolay bir \u015fekilde saklaman\u0131z\u0131 sa\u011flar.<\/b><\/p>\n<h1><\/h1>\n<h1>Hepsini geni\u015f bir kapasitede saklay\u0131n<\/h1>\n<p>16\/32 \/ 64GB olarak mevcuttur; daha fazla verilerinizi tek bir yerde saklamak kolayd\u0131r.<\/p>\n","protected":false},"excerpt":{"rendered":"<div id=\"urun_adi\" class=\"productTitle\">\n<h1>Lexar JumpDrive V40 16 GB USB 2.0 Flash Bellek<\/h1>\n<\/div>\n","protected":false},"featured_media":5572,"comment_status":"open","ping_status":"closed","template":"","meta":[],"product_cat":[281],"product_tag":[282,283,285,273,284],"_links":{"self":[{"href":"https:\/\/soleilsky.com.tr\/shop\/wp-json\/wp\/v2\/product\/5569"}],"collection":[{"href":"https:\/\/soleilsky.com.tr\/shop\/wp-json\/wp\/v2\/product"}],"about":[{"href":"https:\/\/soleilsky.com.tr\/shop\/wp-json\/wp\/v2\/types\/product"}],"replies":[{"embeddable":true,"href":"https:\/\/soleilsky.com.tr\/shop\/wp-json\/wp\/v2\/comments?post=5569"}],"wp:featuredmedia":[{"embeddable":true,"href":"https:\/\/soleilsky.com.tr\/shop\/wp-json\/wp\/v2\/media\/5572"}],"wp:attachment":[{"href":"https:\/\/soleilsky.com.tr\/shop\/wp-json\/wp\/v2\/media?parent=5569"}],"wp:term":[{"taxonomy":"product_cat","embeddable":true,"href":"https:\/\/soleilsky.com.tr\/shop\/wp-json\/wp\/v2\/product_cat?post=5569"},{"taxonomy":"product_tag","embeddable":true,"href":"https:\/\/soleilsky.com.tr\/shop\/wp-json\/wp\/v2\/product_tag?post=5569"}],"curies":[{"name":"wp","href":"https:\/\/api.w.org\/{rel}","templated":true}]}}