{"id":5578,"date":"2020-10-20T13:19:05","date_gmt":"2020-10-20T13:19:05","guid":{"rendered":"https:\/\/soleilsky.com.tr\/shop\/?post_type=product&#038;p=5578"},"modified":"2020-12-04T16:50:49","modified_gmt":"2020-12-04T16:50:49","slug":"lexar-32-gb-jumpdrive-s47-usb-3-1-flash-bellek","status":"publish","type":"product","link":"https:\/\/soleilsky.com.tr\/shop\/urun\/lexar-32-gb-jumpdrive-s47-usb-3-1-flash-bellek\/","title":{"rendered":"Lexar 32 Gb Jumpdrive S47 Usb 3.1 Flash Bellek"},"content":{"rendered":"<div class=\"prop-item\">\n<div class=\"item-key\">Kapasite:<\/div>\n<div class=\"item-value\">32 GB<\/div>\n<\/div>\n<div class=\"seperator\"><\/div>\n<div class=\"prop-item\">\n<div class=\"item-key\">Garanti Tipi:<\/div>\n<div class=\"item-value\">Distrib\u00fct\u00f6r Garantili<\/div>\n<\/div>\n<div class=\"seperator\"><\/div>\n<div class=\"prop-item\">\n<div class=\"item-key\">Giri\u015f\/\u00c7\u0131k\u0131\u015f Portlar\u0131:<\/div>\n<div class=\"item-value\">USB 3.1<\/div>\n<\/div>\n<div class=\"seperator\"><\/div>\n<div class=\"prop-item\">\n<div class=\"item-key\">Web Color:<\/div>\n<div class=\"item-value\">Siyah<\/div>\n<\/div>\n<div class=\"seperator\"><\/div>\n<div class=\"prop-item\">\n<div class=\"item-key\">Yazma H\u0131z\u0131:<\/div>\n<div class=\"item-value\">200 &#8211; 300 MB\/s<\/div>\n<\/div>\n","protected":false},"excerpt":{"rendered":"<h3>32 Gb Jumpdrive S47 Usb 3.1 Flash Bellek Ljds47-32gabbk ETNA00076<\/h3>\n","protected":false},"featured_media":5579,"comment_status":"open","ping_status":"closed","template":"","meta":[],"product_cat":[281],"product_tag":[282,283,285,273,284],"_links":{"self":[{"href":"https:\/\/soleilsky.com.tr\/shop\/wp-json\/wp\/v2\/product\/5578"}],"collection":[{"href":"https:\/\/soleilsky.com.tr\/shop\/wp-json\/wp\/v2\/product"}],"about":[{"href":"https:\/\/soleilsky.com.tr\/shop\/wp-json\/wp\/v2\/types\/product"}],"replies":[{"embeddable":true,"href":"https:\/\/soleilsky.com.tr\/shop\/wp-json\/wp\/v2\/comments?post=5578"}],"wp:featuredmedia":[{"embeddable":true,"href":"https:\/\/soleilsky.com.tr\/shop\/wp-json\/wp\/v2\/media\/5579"}],"wp:attachment":[{"href":"https:\/\/soleilsky.com.tr\/shop\/wp-json\/wp\/v2\/media?parent=5578"}],"wp:term":[{"taxonomy":"product_cat","embeddable":true,"href":"https:\/\/soleilsky.com.tr\/shop\/wp-json\/wp\/v2\/product_cat?post=5578"},{"taxonomy":"product_tag","embeddable":true,"href":"https:\/\/soleilsky.com.tr\/shop\/wp-json\/wp\/v2\/product_tag?post=5578"}],"curies":[{"name":"wp","href":"https:\/\/api.w.org\/{rel}","templated":true}]}}