{"id":5597,"date":"2020-11-05T13:34:46","date_gmt":"2020-11-05T13:34:46","guid":{"rendered":"https:\/\/soleilsky.com.tr\/shop\/?post_type=product&#038;p=5597"},"modified":"2020-12-09T07:33:10","modified_gmt":"2020-12-09T07:33:10","slug":"polaroid-onestep-black-bluetooth-film-kamera","status":"publish","type":"product","link":"https:\/\/soleilsky.com.tr\/shop\/urun\/polaroid-onestep-black-bluetooth-film-kamera\/","title":{"rendered":"Polaroid OneStep+ Black Bluetooth Film Kamera"},"content":{"rendered":"<h4><strong>Polaroid OneStep<\/strong><\/h4>\n<h4><\/h4>\n<h4><strong>Orijinal Polaroid Format\u0131 &#8211; kullan\u0131m\u0131 kolay &#8211; 60 g\u00fcnl\u00fck pil \u00f6mr\u00fc &#8211; g\u00fc\u00e7l\u00fc fla\u015f &#8211; otomatik zamanlama modu<\/strong><\/h4>\n<h4><strong>Bluetooth ba\u011flant\u0131l\u0131 uygulama: tam manuel kontrol &#8211; \u00e7ift pozlama &#8211; hafif boyama &#8211; g\u00fcr\u00fclt\u00fc tetikleyici &#8211; ve daha fazlas\u0131!<\/strong><\/h4>\n<h4><strong>Standart ve portre lensler: iki farkl\u0131 lens aras\u0131nda ge\u00e7i\u015f yapabilirsiniz. Portreler i\u00e7in bir tane, b\u00f6ylece 1ft&#8217;den 3ft&#8217;e kadar bir foto\u011fraf \u00e7ekebilirsiniz. \u0130kincisi standart mercek: 3 ft&#8217;den sonsuza kadar foto\u011fraflar.<br \/>\n\u0130OS ve Android i\u00e7in kullan\u0131labilir<br \/>\nI-tipi ve 600 film ile uyumlu<\/strong><\/h4>\n<h4><\/h4>\n<h4><strong><img loading=\"lazy\" decoding=\"async\" class=\"lazyload-img\" src=\"https:\/\/prapazar.net\/uploads\/710\/description\/edac14fece694af5aa514f6c7f9fb29c.jpg\" alt=\"prapazar.com pazaryeri GittiGidiyor entegrasyonu\" width=\"850\" height=\"720\" data-original=\"https:\/\/prapazar.net\/uploads\/710\/description\/edac14fece694af5aa514f6c7f9fb29c.jpg\" \/><\/strong><\/h4>\n","protected":false},"excerpt":{"rendered":"<h1 id=\"sp-title\" class=\"title r-onepp-title\">Polaroid OneStep+ Black Bluetooth Film Kamera<\/h1>\n","protected":false},"featured_media":5598,"comment_status":"open","ping_status":"closed","template":"redux-templates_canvas","meta":[],"product_cat":[286],"product_tag":[291,287,289,288,290],"_links":{"self":[{"href":"https:\/\/soleilsky.com.tr\/shop\/wp-json\/wp\/v2\/product\/5597"}],"collection":[{"href":"https:\/\/soleilsky.com.tr\/shop\/wp-json\/wp\/v2\/product"}],"about":[{"href":"https:\/\/soleilsky.com.tr\/shop\/wp-json\/wp\/v2\/types\/product"}],"replies":[{"embeddable":true,"href":"https:\/\/soleilsky.com.tr\/shop\/wp-json\/wp\/v2\/comments?post=5597"}],"wp:featuredmedia":[{"embeddable":true,"href":"https:\/\/soleilsky.com.tr\/shop\/wp-json\/wp\/v2\/media\/5598"}],"wp:attachment":[{"href":"https:\/\/soleilsky.com.tr\/shop\/wp-json\/wp\/v2\/media?parent=5597"}],"wp:term":[{"taxonomy":"product_cat","embeddable":true,"href":"https:\/\/soleilsky.com.tr\/shop\/wp-json\/wp\/v2\/product_cat?post=5597"},{"taxonomy":"product_tag","embeddable":true,"href":"https:\/\/soleilsky.com.tr\/shop\/wp-json\/wp\/v2\/product_tag?post=5597"}],"curies":[{"name":"wp","href":"https:\/\/api.w.org\/{rel}","templated":true}]}}