{"id":5605,"date":"2020-11-05T13:49:02","date_gmt":"2020-11-05T13:49:02","guid":{"rendered":"https:\/\/soleilsky.com.tr\/shop\/?post_type=product&#038;p=5605"},"modified":"2020-12-09T07:32:55","modified_gmt":"2020-12-09T07:32:55","slug":"polaroid-now-beyaz-instant-fotograf-makinesi-ve-8li-film-hediye-seti","status":"publish","type":"product","link":"https:\/\/soleilsky.com.tr\/shop\/urun\/polaroid-now-beyaz-instant-fotograf-makinesi-ve-8li-film-hediye-seti\/","title":{"rendered":"Polaroid Now Beyaz Instant Foto\u011fraf Makinesi"},"content":{"rendered":"<h4><strong>Polaroid Now Beyaz Instant Foto\u011fraf Makinesi\u00a0<\/strong><\/h4>\n<h4><\/h4>\n<h4>Polaroid Now Foto\u011fraf Makinesi, hayat\u0131n\u0131z\u0131n her an\u0131n\u0131 foto\u011fraflamak i\u00e7in \u00fcretilmi\u015f, bas-\u00e7ek analog anl\u0131k foto\u011fraf makinas\u0131 modellerinden biridir.<\/h4>\n<h4>Polaroid Now Beyaz Instant Foto\u011fraf Makinesi ve Hediye Seti i\u00e7inde foto\u011fraf makinas\u0131 ile birlikte 1 adet Polaroid Color Film For I-Type Film yer al\u0131r. Bu hediye seti size ula\u015f\u0131r ula\u015fmaz, hemen foto\u011fraf \u00e7ekmeye ba\u015flayabilirsiniz.<\/h4>\n<h4>Polaroid Color i-Type Film i\u00e7inde 8\u2019li filmden olu\u015fan 1 adet film kartu\u015fu vard\u0131r. Bu setin i\u00e7inde 1 adet 8\u2019li film kartu\u015fu bulunur.<\/h4>\n<h4>Polaroid markas\u0131n\u0131n en yeni modellerinden biri olan Now Foto\u011fraf Makinas\u0131\u2019n\u0131n en dikkat \u00e7ekici \u00f6zelliklerinden biri otomatik odaklama 2 \u2011 lens sistemi \u00f6zelli\u011fidir.<\/h4>\n<h4>Otomatik odaklama 2 \u2011 lens sistemi \u00f6zelli\u011fi sayesinde foto\u011fraf makinan\u0131z, bulundu\u011funuz ortama g\u00f6re uygun olan lensi kendisi se\u00e7er. B\u00f6ylece zorlu \u0131\u015f\u0131k ko\u015fullar\u0131nda d\u00e2hi \u00e7o\u011fu zaman fla\u015f kullanmaya gerek kalmadan \u00e7ok daha net ve keskin foto\u011fraflar \u00e7ekmenizi sa\u011flar.<\/h4>\n<h4>Foto\u011fraf makinas\u0131n\u0131n \u00e7ift pozlama \u00f6zelli\u011fi, iki farkl\u0131 an\u0131 tek bir karede birle\u015ftirebilmenizi sa\u011flar. \u00c7ift pozlama modunu kullanarak \u00e7ok daha sanatsal foto\u011fraflar \u00e7ekebilirsiniz.<\/h4>\n<h4>Ayn\u0131 zamanda otomatik zamanlay\u0131c\u0131 ve hassas fla\u015f \u00f6zelliklerini kullanarak, daha yarat\u0131c\u0131 foto\u011fraflar \u00e7ekmeniz de m\u00fcmk\u00fcnd\u00fcr. B\u00f6ylece \u00e7ekti\u011finiz foto\u011fraflara siz de d\u00e2hil olabilirsiniz. (Otomatik zamanlay\u0131c\u0131 9 saniyede \u00e7ekim yapar.)<\/h4>\n<h4>Foto\u011fraf makinas\u0131n\u0131n \u00f6zel olarak geli\u015ftirilmi\u015f fla\u015f\u0131, foto\u011fraf karesinde yer alan herkesin \u00e7ok daha iyi g\u00f6r\u00fcnmesine sa\u011flar.<\/h4>\n<h4>Polaroid Now foto\u011fraf makinas\u0131 i-Type film ve 600 film modelleri ile uyumludur. Ayr\u0131ca foto\u011fraf makinas\u0131 dahili 750mAh lityum-iyon pile sahiptir.<\/h4>\n<h4><\/h4>\n<h4><strong>Kutunun \u0130\u00e7inde Neler Var?<\/strong><\/h4>\n<h4><\/h4>\n<h4>Polaroid Now Beyaz Instant Foto\u011fraf Makinesi<\/h4>\n<h4>Polaroid Color Film For I-Type Film<\/h4>\n<h4>USB \u015farj kablosu<\/h4>\n<h4><\/h4>\n<h4><strong>Garanti S\u00fcresi<\/strong><\/h4>\n<h4><\/h4>\n<h4>\u00dcr\u00fcn orijinal kutusunda olup T\u00fcrkiye Distrib\u00fct\u00f6r\u00fc taraf\u0131ndan 2 y\u0131l garantilidir.<\/h4>\n<h4>\u00dcr\u00fcn iadelerinde sorun ya\u015famamak ambalaj\u0131 atmay\u0131n\u0131z.<\/h4>\n","protected":false},"excerpt":{"rendered":"<h1 id=\"sp-title\" class=\"title r-onepp-title\">Polaroid OneStep+ Black Bluetooth Film Kamera<\/h1>\n","protected":false},"featured_media":5609,"comment_status":"open","ping_status":"closed","template":"redux-templates_canvas","meta":[],"product_cat":[286],"product_tag":[291,287,289,288,290],"_links":{"self":[{"href":"https:\/\/soleilsky.com.tr\/shop\/wp-json\/wp\/v2\/product\/5605"}],"collection":[{"href":"https:\/\/soleilsky.com.tr\/shop\/wp-json\/wp\/v2\/product"}],"about":[{"href":"https:\/\/soleilsky.com.tr\/shop\/wp-json\/wp\/v2\/types\/product"}],"replies":[{"embeddable":true,"href":"https:\/\/soleilsky.com.tr\/shop\/wp-json\/wp\/v2\/comments?post=5605"}],"wp:featuredmedia":[{"embeddable":true,"href":"https:\/\/soleilsky.com.tr\/shop\/wp-json\/wp\/v2\/media\/5609"}],"wp:attachment":[{"href":"https:\/\/soleilsky.com.tr\/shop\/wp-json\/wp\/v2\/media?parent=5605"}],"wp:term":[{"taxonomy":"product_cat","embeddable":true,"href":"https:\/\/soleilsky.com.tr\/shop\/wp-json\/wp\/v2\/product_cat?post=5605"},{"taxonomy":"product_tag","embeddable":true,"href":"https:\/\/soleilsky.com.tr\/shop\/wp-json\/wp\/v2\/product_tag?post=5605"}],"curies":[{"name":"wp","href":"https:\/\/api.w.org\/{rel}","templated":true}]}}