{"id":5617,"date":"2020-11-05T15:42:21","date_gmt":"2020-11-05T15:42:21","guid":{"rendered":"https:\/\/soleilsky.com.tr\/shop\/?post_type=product&#038;p=5617"},"modified":"2020-12-09T07:32:37","modified_gmt":"2020-12-09T07:32:37","slug":"polaroid-lab-everything-box-analog-film-yazicisi","status":"publish","type":"product","link":"https:\/\/soleilsky.com.tr\/shop\/urun\/polaroid-lab-everything-box-analog-film-yazicisi\/","title":{"rendered":"Polaroid Lab Everything Box Analog Film Yaz\u0131c\u0131s\u0131"},"content":{"rendered":"<p><strong>Polaroid Lab Everything Box Analog Film Yaz\u0131c\u0131s\u0131<\/strong><br \/>\nPolaroid LabEverything Box Kiti ile telefonunuzdaki dijital foto\u011fraflar\u0131 an\u0131nda ger\u00e7ek polaroid resimlerine d\u00f6n\u00fc\u015ft\u00fcrmek i\u00e7in masa\u00fcst\u00fc karanl\u0131k odas\u0131 gibi \u00e7al\u0131\u015fan 3 lensli bir sistemdir. Yeni Polaroid Laboratuvar\u0131, telefonunuzdaki dijital foto\u011fraflar\u0131 ger\u00e7ek polaroid resimlerine d\u00f6n\u00fc\u015ft\u00fcr\u00fcr.\u00a0Her \u015fey kutu paketi iki paket i-type film i\u00e7erir ve ba\u015flamak i\u00e7in ihtiyac\u0131n\u0131z olan her \u015feye sahiptir.<\/p>\n<p><iframe loading=\"lazy\" src=\"https:\/\/www.youtube.com\/embed\/JaRAKQHFsbM\" width=\"90%\" height=\"auto\" frameborder=\"0\" allowfullscreen=\"allowfullscreen\" data-mce-fragment=\"1\"><\/iframe><\/p>\n<p><strong><img decoding=\"async\" class=\"tripodfoto-img\" src=\"https:\/\/www.tripodfoto.com\/ProductImages\/102857\/original\/polaroid-lab-everything-box-01.jpg\" alt=\"\" \/><\/strong><\/p>\n<p><strong>Karanl\u0131k odalar k\u00fc\u00e7\u00fcld\u00fc.<\/strong><br \/>\nYeni Polaroid Laboratuvar\u0131 kendi masa\u00fcst\u00fc karanl\u0131k odan\u0131zd\u0131r. Telefonunuzdaki dijital foto\u011fraflar\u0131 ortaya \u00e7\u0131karmak ve bunlar\u0131 bir Polaroid resminde i\u015flemek i\u00e7in% 100 ger\u00e7ek film kimyas\u0131 kullan\u0131r.<\/p>\n<p><strong>Telefondan Polaroid&#8217;e.<\/strong><br \/>\n&#8220;Polaroid Originals Companion&#8221; uygulamas\u0131 ile Polaroid Laboratuvar\u0131 i\u00e7indeki t\u00fcm yarat\u0131c\u0131 g\u00fcc\u00fc ortaya \u00e7\u0131kar\u0131n. Uygulama, dijital resimlerinizi saklayabilece\u011finiz Polaroid foto\u011fraflar\u0131na d\u00f6n\u00fc\u015ft\u00fcrmek i\u00e7in Laboratuvar\u0131 telefonunuza ba\u011flar. Uygulama, Apple App Store veya Google Play&#8217;den kullan\u0131labilir. Laboratuar \u00e7al\u0131\u015fmas\u0131 i\u00e7in uygulama gereklidir.<\/p>\n<p><strong>Pikselleri provaya d\u00f6n\u00fc\u015ft\u00fcr\u00fcn.<\/strong><br \/>\nPolaroid Laboratuar\u0131 ile hat\u0131rlamak i\u00e7in K\u0131rm\u0131z\u0131 tu\u015funa bas\u0131n. Dijital telefon resimlerinizi an\u0131nda ger\u00e7ek Polaroid resimlerine d\u00f6n\u00fc\u015ft\u00fcrmek i\u00e7in masa\u00fcst\u00fc karanl\u0131k odas\u0131 gibi \u00e7al\u0131\u015fan 3 lensli bir sistem. Ger\u00e7ek bir \u015fey, tutulacak bir \u015fey, verilecek bir \u015fey. Laboratuvarda 600 veya i-Type film kullan\u0131l\u0131yor.<\/p>\n<p><strong>% 100 ger\u00e7ek kimya<\/strong><br \/>\n80 y\u0131ll\u0131k Polaroid filmi yenili\u011fi art\u0131k sadece birka\u00e7 dokunu\u015f uzakl\u0131kta. Polaroid Laboratuar\u0131, ekran g\u00f6r\u00fcnt\u00fcs\u00fcn\u00fc telefonunuzdan yans\u0131tmak ve Polaroid filmine maruz b\u0131rakmak i\u00e7in 3 lensli bir sistem kullan\u0131r. Benzersiz kimyasal i\u015flemimiz g\u00f6r\u00fcnt\u00fcy\u00fc Polaroid resmine d\u00f6n\u00fc\u015ft\u00fcr\u00fcr. Bask\u0131 yok, tarama yok, zamans\u0131z g\u00f6r\u00fcnt\u00fcler i\u00e7in sadece an\u0131nda bir form\u00fcl.<\/p>\n<p><strong>Foto\u011fraf \u00e7ekme. Resim yap\u0131n.<\/strong><br \/>\nPolaroid Laboratuar\u0131 ile bir daha asla bir an kaybetmeyin. Dijital foto\u011fraflar\u0131 telefonunuzdan ger\u00e7ek Polaroid resimlerine d\u00f6n\u00fc\u015ft\u00fcrmek i\u00e7in masa\u00fcst\u00fc karanl\u0131k odas\u0131 gibi \u00e7al\u0131\u015fan 3 lensli bir sistem.<\/p>\n<p><strong>Bulut depolama<\/strong><br \/>\nPolaroid Lab ile an\u0131lar\u0131n\u0131z\u0131 buluttan \u00e7\u0131kar\u0131n ve ger\u00e7ek d\u00fcnyaya getirin. Dijital foto\u011fraflar\u0131n\u0131z\u0131 ger\u00e7ek Polaroid foto\u011fraflar\u0131na d\u00f6n\u00fc\u015ft\u00fcr\u00fcr &#8211; daha fazla depolama alan\u0131 gerekmez.<\/p>\n<p><strong>Polaroid Originals uygulamas\u0131<\/strong><br \/>\nPolaroid Orijinalleri uygulamas\u0131nda bulunan ek \u00f6zelliklerle Polaroid Laboratuar\u0131&#8217;n\u0131n yarat\u0131c\u0131 ara\u00e7lar\u0131n\u0131n kilidini a\u00e7\u0131n. Yeni art\u0131r\u0131lm\u0131\u015f ger\u00e7eklik arac\u0131m\u0131zla 9 kareye kadar kolaj olu\u015fturabilir veya foto\u011fraflar\u0131n\u0131z\u0131 canland\u0131rabilirsiniz. Uygulama, Apple App Store veya Google Play&#8217;den kullan\u0131labilir.<\/p>\n<p><strong>\u015eimdi \u00e7ek, sonra yap.<\/strong><br \/>\nPolaroid Laboratuar\u0131 ile bu fikri bir\u00e7ok ki\u015fiye d\u00f6n\u00fc\u015ft\u00fcr\u00fcn. Polaroid Originals uygulamam\u0131z\u0131 kullanarak, istedi\u011finiz \u015fekilde olu\u015fturulan 9 kareye kadar kesintisiz kolajlar olu\u015fturabilirsiniz.<\/p>\n<p><strong>Say\u0131saldan analoga. Retro.<\/strong><br \/>\nYeni art\u0131r\u0131lm\u0131\u015f ger\u00e7eklik arac\u0131m\u0131z an\u0131lar\u0131n\u0131z\u0131 hayata ge\u00e7iriyor. Polaroid Originals uygulamas\u0131n\u0131 kullanarak hareketsiz g\u00f6r\u00fcnt\u00fcleri hareket ettirebilirsiniz.<\/p>\n<hr \/>\n<p><strong>\u00d6zellikler:<\/strong><br \/>\nPolaroid laboratuvar\u0131, telefonunuzdaki dijital foto\u011fraflar\u0131 Polaroid Originals uygulamas\u0131yla ger\u00e7ek Polaroid bask\u0131lara d\u00f6n\u00fc\u015ft\u00fcr\u00fcr.<br \/>\nEverything kutusunda, olu\u015fturmaya ba\u015flamak i\u00e7in iki paket Polaroid I tipi film bulunur<br \/>\n3 elementli lens sistemi, dijital telefonlar\u0131 sihirli gibi analoga \u00e7evirir.<br \/>\nPolaroid Originals uygulamas\u0131 ile foto\u011fraflar\u0131n\u0131za art\u0131r\u0131lm\u0131\u015f ger\u00e7eklik \u00f6zellikleri ekleyin<br \/>\nPolaroid Originals uygulamas\u0131n\u0131 kullanarak kendi kolaroid bask\u0131 kolaj\u0131n\u0131z\u0131 olu\u015fturun.<\/p>\n<hr \/>\n<p><strong>Kutu \u0130\u00e7eri\u011fi:<\/strong><br \/>\nPolaroid Originals Polaroid Lab An\u0131nda Film Yaz\u0131c\u0131s\u0131<br \/>\nUSB \u015earj Kablosu<br \/>\n1x i-Type S&amp;B Film<br \/>\n1x i-Type Renkli Film<br \/>\nGaranti Belgesi<\/p>\n","protected":false},"excerpt":{"rendered":"<h3 class=\"product-title\">Polaroid Lab Everything Box Analog Film Yaz\u0131c\u0131s\u0131<\/h3>\n<h3 id=\"sp-title\" class=\"title r-onepp-title\"><span class=\"product-subtitle\">Polaroid T\u00fcrkiye Resmi Distrib\u00fct\u00f6r\u00fc Garantili | Polaroid Yetkili Ana Bayisi ve Sat\u0131\u015f Noktas\u0131<\/span><\/h3>\n","protected":false},"featured_media":5620,"comment_status":"open","ping_status":"closed","template":"redux-templates_canvas","meta":[],"product_cat":[286],"product_tag":[291,287,289,288,290],"_links":{"self":[{"href":"https:\/\/soleilsky.com.tr\/shop\/wp-json\/wp\/v2\/product\/5617"}],"collection":[{"href":"https:\/\/soleilsky.com.tr\/shop\/wp-json\/wp\/v2\/product"}],"about":[{"href":"https:\/\/soleilsky.com.tr\/shop\/wp-json\/wp\/v2\/types\/product"}],"replies":[{"embeddable":true,"href":"https:\/\/soleilsky.com.tr\/shop\/wp-json\/wp\/v2\/comments?post=5617"}],"wp:featuredmedia":[{"embeddable":true,"href":"https:\/\/soleilsky.com.tr\/shop\/wp-json\/wp\/v2\/media\/5620"}],"wp:attachment":[{"href":"https:\/\/soleilsky.com.tr\/shop\/wp-json\/wp\/v2\/media?parent=5617"}],"wp:term":[{"taxonomy":"product_cat","embeddable":true,"href":"https:\/\/soleilsky.com.tr\/shop\/wp-json\/wp\/v2\/product_cat?post=5617"},{"taxonomy":"product_tag","embeddable":true,"href":"https:\/\/soleilsky.com.tr\/shop\/wp-json\/wp\/v2\/product_tag?post=5617"}],"curies":[{"name":"wp","href":"https:\/\/api.w.org\/{rel}","templated":true}]}}