{"id":5628,"date":"2020-11-06T08:24:03","date_gmt":"2020-11-06T08:24:03","guid":{"rendered":"https:\/\/soleilsky.com.tr\/shop\/?post_type=product&#038;p=5628"},"modified":"2020-12-09T07:32:20","modified_gmt":"2020-12-09T07:32:20","slug":"polaroid-now-everything-box-i-type-camera-siyahblack","status":"publish","type":"product","link":"https:\/\/soleilsky.com.tr\/shop\/urun\/polaroid-now-everything-box-i-type-camera-siyahblack\/","title":{"rendered":"POLAROID NOW EVERYTHING BOX I-TYPE CAMERA SIYAH(BLACK)"},"content":{"rendered":"<table class=\"wpe100 _borderNone\" cellspacing=\"0\" cellpadding=\"0\">\n<tbody>\n<tr>\n<td valign=\"top\">\n<div class=\"productRight-Left\">\n<div class=\"productListGroup\">\n<div id=\"urun_adi\" class=\"productTitle\">\n<h1>POLAROID NOW EVERYTHING BOX I-TYPE CAMERA SIYAH(BLACK)<\/h1>\n<\/div>\n<\/div>\n<\/div>\n<\/td>\n<\/tr>\n<\/tbody>\n<\/table>\n<h4><iframe loading=\"lazy\" src=\"https:\/\/www.youtube.com\/embed\/6tZurrsOBOM\" width=\"80%\" height=\"auto\" frameborder=\"0\" allowfullscreen=\"allowfullscreen\" data-mce-fragment=\"1\"><\/iframe><\/h4>\n<h4 class=\"s24\"><\/h4>\n<div class=\"productTabContainer\">\n<div class=\"productTabContent\">\n<div data-selector=\"product-tab-content\">\n<div class=\"ProductDetail\">\n<div id=\"pdp-description\" class=\"Descriptionstyles__Container-sc-1xg1hca-0 gmCmHe\" data-test=\"product-description\">\n<h2 class=\"Descriptionstyles__Heading-sc-1xg1hca-1 epkGzc\">Bu \u00fcr\u00fcn hakk\u0131nda<\/h2>\n<h2 class=\"Descriptionstyles__Heading-sc-1xg1hca-1 epkGzc\">Paket i\u00e7eri\u011finde 1 paket film hediyedir.<\/h2>\n<h2 class=\"Descriptionstyles__Heading-sc-1xg1hca-1 epkGzc\"><img decoding=\"async\" src=\"https:\/\/st3.myideasoft.com\/shop\/bt\/12\/myassets\/products\/977\/1585666839-img-1338365.jpg?revision=1603349521\" alt=\"null\" \/><\/h2>\n<p class=\"product-hero__title\"><span class=\"product-hero-animation__wrap\"><span class=\"product-hero-animation__content\"><strong>Genel<\/strong><\/span><\/span><\/p>\n<p class=\"product-hero__title\"><span class=\"product-hero-animation__wrap\"><span class=\"product-hero-animation__content\">Polaroid Now, klasik tasar\u0131m\u0131 \u00e7a\u011fda\u015f tarzla harmanlayan yeni bir polaroid foto\u011fraf makinesi.\u00a0Polaroid&#8217;in orijinal oneStep&#8217;inden esinlenerek tasarlanan bu yeni \u00fcr\u00fcn; basit ve kullan\u0131m\u0131 kolay bir anl\u0131k kamera olu\u015fturmak i\u00e7in son teknolojiyle g\u00fcncellendi. Her zaman harika foto\u011fraflar elde etmek i\u00e7in y\u00fcksek kaliteli bir objektif sunan\u00a0Polaroid Originals Now VF; ayn\u0131 zamanda g\u00fc\u00e7l\u00fc bir fla\u015f ve uzun \u00f6m\u00fcrl\u00fc pil ile destekleniyor.\u00a0<\/span><\/span><\/p>\n<p class=\"product-hero__title\"><span class=\"product-hero-animation__wrap\"><span class=\"product-hero-animation__content\">Polaroid Now Cameras<\/span><\/span><\/p>\n<div class=\"player_-UbXLJAbeJzi4-UhI2AsO\">\n<div class=\"container_3H6HWiJSE4n8B4lUe3d8YL\" data-selenium=\"videoPlayerYouTube\">\n<div class=\"visible_2t4Z8fOpRpo45Fb9MovFxE\"><iframe loading=\"lazy\" id=\"widget4\" title=\"YouTube video player\" src=\"https:\/\/www.youtube.com\/embed\/KUNv0Ei2qQE?autoplay=0&amp;start=0&amp;enablejsapi=1&amp;origin=https%3A%2F%2Fwww.bhphotovideo.com&amp;widgetid=3\" width=\"100%\" height=\"100%\" frameborder=\"0\" allowfullscreen=\"allowfullscreen\" data-mce-fragment=\"1\"><\/iframe><\/div>\n<\/div>\n<\/div>\n<div id=\"VwoDescriptionTop\" class=\"rte mv6 vwo_description\">\n<div class=\"product-hero-animation__wrap\">\n<div class=\"product-hero-animation__content product-hero-animation__content--limited\">\n<div class=\"h2-title new-page-width c45\">\n<div class=\"problock problock3\">\n<div class=\"short-description\">\n<div class=\"std\">\n<p>.<\/p>\n<p>7.9&#215;7.9cm g\u00f6r\u00fcnt\u00fc alan\u0131na sahip,\u00a08.8&#215;10.7cm bask\u0131lar \u00fcretmek i\u00e7in i-Type ve 600 film kullan\u0131m\u0131na uygun.G\u00fcncellenmi\u015f ve geni\u015fletilmi\u015f optik viz\u00f6r, resimlerinizi \u00e7er\u00e7evelemek i\u00e7in daha net ve daha do\u011fru bir ara\u00e7 sa\u011flar.D\u00fc\u015f\u00fck \u0131\u015f\u0131k ko\u015fullar\u0131nda \u00e7al\u0131\u015fmak i\u00e7in dahili fla\u015f mevcuttur.Otomatik zamanlay\u0131c\u0131 i\u015flevi, selfie ve grup portreleri i\u00e7in idealdir.Dahili 750mAh lityum-iyon pil, \u015farj ba\u015f\u0131na 60 g\u00fcne kadar s\u00fcrebilir ve \u00fcr\u00fcnle birlikte verilen USB\u00a0 \u00a0kablosuyla \u015farj edilir.<\/p>\n<\/div>\n<\/div>\n<\/div>\n<\/div>\n<\/div>\n<\/div>\n<\/div>\n<div class=\"product-description-content-text\">\n<p>Do\u011frultun, \u00e7ekin ve tutun: Polaroid Now ile bu kadar basit.\u00a0Bu seri, 70&#8217;lerden, foto\u011fraf\u00e7\u0131l\u0131\u011f\u0131 herkes i\u00e7in zahmetsiz hale getiren orijinal Polaroid OneStep kameralar\u0131n\u0131n bir evrimidir.\u00a0Now, bu sadeli\u011fi al\u0131yor ve onu bir an yap\u0131mc\u0131s\u0131ndan \u00e7ok daha fazlas\u0131n\u0131, bir ya\u015fam aksesuar\u0131 yapmak i\u00e7in daha fazla yarat\u0131c\u0131 kontrol, temiz tasar\u0131m ve canl\u0131 renkler ekliyor.<\/p>\n<p>2 lens sistemi &#8211; Ba\u015fka bir deyi\u015fle: daha net foto\u011fraflar, kolayca.\u00a0Polaroid \u015eimdi hangi lensin uygun oldu\u011funa karar verir, b\u00f6ylece fla\u015fs\u0131z bile daha fazla yerde, daha s\u0131k g\u00fczel portreler \u00e7ekersiniz.<\/p>\n<p>Dahili \u00e7ift pozlama &#8211; Bir Polaroid foto\u011frafta iki kare elde edin.\u00a0R\u00fcya gibi, sanatsal ve foto\u011fraf\u0131n\u0131za biraz drama katmaya haz\u0131r.<\/p>\n<p>\u015eimdi model numaras\u0131.<\/p>\n<ul>\n<li>0,7 megapiksel.<\/li>\n<li>Dahili fla\u015f.<\/li>\n<li>Ta\u015f\u0131ma kay\u0131\u015f\u0131 i\u00e7erir.<\/li>\n<li>\u015earj edilebilir pil.<\/li>\n<li>\u015earj edilebilir (dahil).<\/li>\n<li>A\u011f\u0131rl\u0131k 434g.<\/li>\n<li>Boyut H11.2, D15, W9.4cm.<\/li>\n<li>\u00dcreticinin 2 y\u0131ll\u0131k garantisi.<\/li>\n<\/ul>\n<\/div>\n<ul class=\"ProductDocumentsstyles__ProductDocuments-sc-1a1rojf-0 kpKjby\" data-test=\"product-documents\">\n<li><a class=\"large orange awesome\" href=\"https:\/\/documents.4rgos.it\/v1\/static\/7833380_R_D001\" target=\"_blank\" rel=\"noopener noreferrer\">\u00d6ZELL\u0130KLER\u0130 G\u00d6R\u00dcNT\u00dcLEY\u0130N (PDF)<\/a><\/li>\n<\/ul>\n<div>\n<h2 class=\"one-image-hero__title f2\">Otomatik zamanlay\u0131c\u0131<\/h2>\n<p class=\"one-image-hero__content f4\">Bazen kan\u0131ta ihtiya\u00e7 duyars\u0131n\u0131z.\u00a0Otomatik zamanlay\u0131c\u0131 ile al\u0131n.\u00a0Sadece tek bir dokunu\u015fla arkada\u015flar\u0131n\u0131z\u0131 toplamak ve g\u00fcl\u00fcmsemek i\u00e7in 9 saniyeniz var.<\/p>\n<p class=\"one-image-hero__content f4\"><img decoding=\"async\" src=\"https:\/\/cdn.shopify.com\/s\/files\/1\/1135\/7914\/files\/now_black-polaroid-camera_009028_feature-3_desktop_800x.jpg?v=1585213096\" alt=\"Otomatik zamanlay\u0131c\u0131\" \/><\/p>\n<\/div>\n<\/div>\n<div>\n<section class=\"xs-12--none accordion-container pdp-accordions bolt-v2\">\n<h3 class=\"Accordionstyles__Title-pegw6j-1 bdFohn\" role=\"heading\" data-test=\"qa-accordion-title\" aria-level=\"1\"><\/h3>\n<div id=\"qanda\" class=\"Accordionstyles__Wrapper-pegw6j-0 kMpJHd\" data-test=\"qa-accordion\">\n<h4 class=\"icon po-icon-onestep-plus-double-exp\"><\/h4>\n<h4>Dahili \u00e7ift pozlama<\/h4>\n<h4 class=\"one-image-hero__content f4\">Bir Polaroid foto\u011frafta iki kare elde edin.\u00a0R\u00fcya gibi, sanatsal ve foto\u011fraf\u0131n\u0131za biraz drama katmaya haz\u0131r.<\/h4>\n<h4 class=\"one-image-hero__content f4\"><img decoding=\"async\" src=\"https:\/\/cdn.shopify.com\/s\/files\/1\/1135\/7914\/files\/now_black-polaroid-camera_009028_feature-2_desktop_800x.jpg?v=1585213096\" alt=\"Dahili \u00e7ift pozlama\" \/><\/h4>\n<h4 class=\"one-image-hero__title f2\">Otomatik odaklama 2 \u2011 lens sistemi<\/h4>\n<h4 class=\"one-image-hero__content f4\">Ba\u015fka bir deyi\u015fle: kolayca daha net foto\u011fraflar.\u00a0Polaroid \u015eimdi hangi lensin uygun oldu\u011funa karar verir, b\u00f6ylece fla\u015fs\u0131z bile daha fazla yerde, daha s\u0131k g\u00fczel portreler \u00e7ekersiniz.<\/h4>\n<h4 class=\"one-image-hero__content f4\"><img decoding=\"async\" src=\"https:\/\/cdn.shopify.com\/s\/files\/1\/1135\/7914\/files\/now_black-polaroid-camera_009028_feature-1_desktop_800x.jpg?v=1585213096\" alt=\"Otomatik odaklama 2 \u2011 lens sistemi\" \/><\/h4>\n<h4 class=\"product-tech-compare__content-title\">Teknik \u00f6zellikler<\/h4>\n<h4>Boyutlar: 3,7 \u00d7 4,4 \u00d7 5,9 in\u00e7 (94 x 112,2 x 150,2 mm)<br \/>\nA\u011f\u0131rl\u0131k: 0,95 lbs (434 gram) (film paketi olmadan)<\/p>\n<p>Pil: Y\u00fcksek performansl\u0131 lityum iyon pil (750 mAh), USB ile \u015farj edilebilir<\/p>\n<p>D\u0131\u015f kabuk: Polikarbonat + ABS plastik<\/h4>\n<\/div>\n<\/section>\n<\/div>\n<\/div>\n<\/div>\n<\/div>\n<\/div>\n","protected":false},"excerpt":{"rendered":"<h2>Everything Box Polaroid Now Black<\/h2>\n<p>&nbsp;<\/p>\n","protected":false},"featured_media":5631,"comment_status":"open","ping_status":"closed","template":"redux-templates_canvas","meta":[],"product_cat":[286],"product_tag":[291,287,289,288,290],"_links":{"self":[{"href":"https:\/\/soleilsky.com.tr\/shop\/wp-json\/wp\/v2\/product\/5628"}],"collection":[{"href":"https:\/\/soleilsky.com.tr\/shop\/wp-json\/wp\/v2\/product"}],"about":[{"href":"https:\/\/soleilsky.com.tr\/shop\/wp-json\/wp\/v2\/types\/product"}],"replies":[{"embeddable":true,"href":"https:\/\/soleilsky.com.tr\/shop\/wp-json\/wp\/v2\/comments?post=5628"}],"wp:featuredmedia":[{"embeddable":true,"href":"https:\/\/soleilsky.com.tr\/shop\/wp-json\/wp\/v2\/media\/5631"}],"wp:attachment":[{"href":"https:\/\/soleilsky.com.tr\/shop\/wp-json\/wp\/v2\/media?parent=5628"}],"wp:term":[{"taxonomy":"product_cat","embeddable":true,"href":"https:\/\/soleilsky.com.tr\/shop\/wp-json\/wp\/v2\/product_cat?post=5628"},{"taxonomy":"product_tag","embeddable":true,"href":"https:\/\/soleilsky.com.tr\/shop\/wp-json\/wp\/v2\/product_tag?post=5628"}],"curies":[{"name":"wp","href":"https:\/\/api.w.org\/{rel}","templated":true}]}}