{"id":5633,"date":"2020-11-06T08:39:12","date_gmt":"2020-11-06T08:39:12","guid":{"rendered":"https:\/\/soleilsky.com.tr\/shop\/?post_type=product&#038;p=5633"},"modified":"2020-12-09T07:32:09","modified_gmt":"2020-12-09T07:32:09","slug":"polaroid-hi-print-2x3-cep-fotograf-yazicisi-beyaz","status":"publish","type":"product","link":"https:\/\/soleilsky.com.tr\/shop\/urun\/polaroid-hi-print-2x3-cep-fotograf-yazicisi-beyaz\/","title":{"rendered":"POLARO\u0130D H\u0130-PR\u0130NT 2X3 CEP FOTO\u011eRAF YAZICISI (BEYAZ)"},"content":{"rendered":"<h3><span>DO\u011eRUDAN AKILLI TELEFONUNUZDAN BASKI ALIN<\/span><\/h3>\n<h3><span>Ak\u0131ll\u0131 telefonunuzdaki t\u00fcm bu harika foto\u011fraflar i\u00e7in \u00f6zellikle uygun bir yaz\u0131c\u0131.\u00a0En haval\u0131 foto\u011fraf\u0131 \u00e7evrimi\u00e7i olarak payla\u015fmaktan daha k\u0131sa s\u00fcrede basmaktan daha e\u011flenceli ne olabilir?\u00a0Ve bu yeterli de\u011filse, Polaroid Hi-Print Cep Yaz\u0131c\u0131 ile \u00e7ekilen foto\u011fraflarda da kendinden yap\u0131\u015fkanl\u0131 bir katman bulunur.\u00a0\u015e\u0131martma zaman\u0131!<\/span><\/h3>\n<h3><span>Polaroid, her g\u00fcn daha fazla foto\u011fraf toplad\u0131\u011f\u0131n\u0131z\u0131 herkesten daha iyi anlar.\u00a0Ancak Polaroid bo\u015funa &#8216;orijinal&#8217; olarak adland\u0131r\u0131lmaz, \u00e7\u00fcnk\u00fc bu foto\u011fraflar\u0131n \u00e7o\u011fu bas\u0131lamayacak kadar g\u00fczel.\u00a0Ve bu e\u015fsiz anlar\u0131 bir foto\u011fraf bi\u00e7iminde payla\u015fmak, Polaroid&#8217;i d\u00fcnyaca \u00fcnl\u00fc yapan \u015feydir.\u00a0Klasik anl\u0131k kameraya ek olarak, art\u0131k modern Polaroid Hi-Print Cep Yaz\u0131c\u0131s\u0131 da var.<\/span><\/h3>\n<h3><span>HAR\u0130KA YARATICI FOTO\u011eRAFLAR \u0130\u00c7\u0130N BENZER\u0130 G\u00d6R\u00dcLMEM\u0130\u015e OLANAKLAR<\/span><\/h3>\n<h3><span>Bulun, yazd\u0131r\u0131n, yap\u0131\u015ft\u0131r\u0131n!\u00a0Polaroid Hi-Print Cep Yaz\u0131c\u0131 ile bu kadar kolay.\u00a0Ak\u0131ll\u0131 telefonunuzdaki foto\u011fraflar\u0131, ekran g\u00f6r\u00fcnt\u00fclerini ve dijital d\u00fcnyay\u0131 y\u00fcksek kaliteli foto\u011fraf bask\u0131lar\u0131na d\u00f6n\u00fc\u015ft\u00fcren cep boyutunda bir foto\u011fraf yaz\u0131c\u0131s\u0131.\u00a0Ak\u0131ll\u0131 telefonunuzda iOS ve Android i\u00e7in kullan\u0131labilen \u00fccretsiz mobil Uygulamay\u0131 a\u00e7ars\u0131n\u0131z ve foto\u011fraflar\u0131n\u0131z\u0131 an\u0131nda yazd\u0131rabilirsiniz.\u00a0Foto\u011fraflar\u0131n\u0131za ekstra &#8216;meyve suyu&#8217; eklemek i\u00e7in, onlar\u0131 h\u0131zl\u0131 ve kolay bir \u015fekilde d\u00fczenleyebilir ve ifadeler, \u00e7er\u00e7eveler ve filtreler ekleyebilirsiniz.\u00a0Ekle.\u00a0Polaroid Hi-Print yaz\u0131c\u0131 ile ak\u0131ll\u0131 telefonunuz aras\u0131ndaki ileti\u015fim Bluetooth \u00fczerinden sa\u011flan\u0131r, b\u00f6ylece yak\u0131n\u0131n\u0131zda internet olmadan da yazd\u0131rman\u0131n keyfini \u00e7\u0131karabilirsiniz.\u00a0Polaroid Hi-Print Cep Yaz\u0131c\u0131s\u0131, mikro USB ba\u011flant\u0131s\u0131yla \u015farj edilebilen entegre 620mAh bataryaya sahiptir.<\/span><\/h3>\n<h3><span>Kompakt, hafif ve modaya uygun Polaroid Hi-Print cep yaz\u0131c\u0131 bir boya s\u00fcblimasyon yaz\u0131c\u0131s\u0131d\u0131r.\u00a0Bu teknik, foto\u011fraf\u0131n\u0131z\u0131 1 dakika i\u00e7inde \u00e7eken termal transfer kullan\u0131r.\u00a0Normal ko\u015fullarda solmayan ve 10 y\u0131ldan fazla s\u00fcrecek m\u00fcrekkeplerle 16,7 milyon renk olu\u015fturmak i\u00e7in sar\u0131, macenta ve cyan olmak \u00fczere \u00fc\u00e7 renk kullan\u0131l\u0131r.\u00a0Sonu\u00e7, foto\u011fraf bask\u0131n\u0131z\u0131n g\u00fczel ve derin bir renk reprod\u00fcksiyonudur.\u00a0Ak\u0131ll\u0131 telefonunuzdaki t\u00fcm &#8216;yazd\u0131rma s\u00fcrecini&#8217; takip edebilmeniz harika.\u00a0<\/span><strong><span>Paket ba\u015f\u0131na 20 foto\u011frafa uygun Polaroid Hi-Print hepsi bir arada kartu\u015flar ayr\u0131 olarak sat\u0131l\u0131r ve Polaroid Hi-Print Cep Yaz\u0131c\u0131 ile standart olarak sunulmaz.<\/span><\/strong><\/h3>\n<h3><span>POLARO\u0130D H\u0130-PR\u0130NT UYGULAMASI<\/span><\/h3>\n<h3><span>\u00dccretsiz Polaroid Hi-Print Uygulamas\u0131 ile yarat\u0131c\u0131 bask\u0131lar yapmay\u0131 deneyebilirsiniz.\u00a0Bulun, yazd\u0131r\u0131n, yap\u0131\u015ft\u0131r\u0131n!\u00a0Kullan\u0131m\u0131 kolay mobil uygulama ile ak\u0131ll\u0131 telefonunuzun kamera rulosundan ger\u00e7ek bir foto\u011fraf bask\u0131s\u0131na kolayca ge\u00e7in.\u00a0Ek yarat\u0131c\u0131 ara\u00e7lar ile Polaroid Y\u00fcksek Bask\u0131 foto\u011fraf\u0131n\u0131z\u0131 kalbinizin i\u00e7eri\u011fine g\u00f6re ayarlayabilirsiniz.\u00a0\u00d6rne\u011fin, en sevdi\u011finiz foto\u011frafa yeni bir g\u00f6r\u00fcn\u00fcm ve his vermek i\u00e7in \u00e7\u0131kartmalar, \u00e7er\u00e7eveler, filtreler veya metin ekleyin.\u00a0Bu se\u00e7enekler de d\u00fczenli olarak g\u00fcncellenir.\u00a0Kendinizi olabildi\u011fince \u015f\u0131mart\u0131n.\u00a0Ancak foto\u011fraf\u0131n\u0131z\u0131 &#8216;oldu\u011fu gibi&#8217; yazd\u0131rman\u0131n hi\u00e7bir sak\u0131ncas\u0131 yoktur.\u00a0\u00c7\u00fcnk\u00fc bunu her zaman fiziksel bir foto\u011fraf olarak g\u00f6rmek daha e\u011flenceli ne olabilir?<\/span><\/h3>\n","protected":false},"excerpt":{"rendered":"<h3>Polaroid Hi\u00b7Print 2\u00d73 Pocket Photo Printer &#8211; White<\/h3>\n","protected":false},"featured_media":5640,"comment_status":"open","ping_status":"closed","template":"redux-templates_canvas","meta":[],"product_cat":[286],"product_tag":[291,287,289,288,290],"_links":{"self":[{"href":"https:\/\/soleilsky.com.tr\/shop\/wp-json\/wp\/v2\/product\/5633"}],"collection":[{"href":"https:\/\/soleilsky.com.tr\/shop\/wp-json\/wp\/v2\/product"}],"about":[{"href":"https:\/\/soleilsky.com.tr\/shop\/wp-json\/wp\/v2\/types\/product"}],"replies":[{"embeddable":true,"href":"https:\/\/soleilsky.com.tr\/shop\/wp-json\/wp\/v2\/comments?post=5633"}],"wp:featuredmedia":[{"embeddable":true,"href":"https:\/\/soleilsky.com.tr\/shop\/wp-json\/wp\/v2\/media\/5640"}],"wp:attachment":[{"href":"https:\/\/soleilsky.com.tr\/shop\/wp-json\/wp\/v2\/media?parent=5633"}],"wp:term":[{"taxonomy":"product_cat","embeddable":true,"href":"https:\/\/soleilsky.com.tr\/shop\/wp-json\/wp\/v2\/product_cat?post=5633"},{"taxonomy":"product_tag","embeddable":true,"href":"https:\/\/soleilsky.com.tr\/shop\/wp-json\/wp\/v2\/product_tag?post=5633"}],"curies":[{"name":"wp","href":"https:\/\/api.w.org\/{rel}","templated":true}]}}