{"id":5641,"date":"2020-11-06T08:49:34","date_gmt":"2020-11-06T08:49:34","guid":{"rendered":"https:\/\/soleilsky.com.tr\/shop\/?post_type=product&#038;p=5641"},"modified":"2020-12-09T07:31:57","modified_gmt":"2020-12-09T07:31:57","slug":"polaroid-hi-print-2x3-uyumlu-20li-film","status":"publish","type":"product","link":"https:\/\/soleilsky.com.tr\/shop\/urun\/polaroid-hi-print-2x3-uyumlu-20li-film\/","title":{"rendered":"Polaroid Hi-Print 2\u00d73 Uyumlu 20&#8217;li Film"},"content":{"rendered":"<h3><strong>Polaroid Hi-Print 2\u00d73 Uyumlu 20&#8217;li Film<\/strong><\/h3>\n<h3><\/h3>\n<h3>Polaroid Hi-Print 2\u00d73 Film, kendinden yap\u0131\u015fkanl\u0131 bir film \u00e7e\u015fididir. B\u00f6ylece foto\u011fraflar\u0131n\u0131z\u0131 ister bir deftere isterseniz de bilgisayar\u0131n\u0131za ya da herhangi bir y\u00fczeye kolayca yap\u0131\u015ft\u0131rabilirsiniz.<\/h3>\n<h3>Her film kartu\u015funun i\u00e7inde 10 film ka\u011f\u0131d\u0131 bulunur. Bu paketin i\u00e7inde 2 adet 10\u2019lu film yer al\u0131r.<\/h3>\n<h3>Polaroid Hi-Print 2\u00d73 Film, 54 x 86 mm boyutlar\u0131ndad\u0131r. Film paketi yaln\u0131zca Polaroid Hi-Print 2&#215;3 Bluetooth Foto\u011fraf Yaz\u0131c\u0131s\u0131 ile uyumludur.<\/h3>\n<h3><\/h3>\n<h3><strong>Kutunun \u0130\u00e7inde Neler Var?<\/strong><\/h3>\n<h3><\/h3>\n<h3>Polaroid Hi-Print 2\u00d73 Uyumlu 20&#8217;li Film<\/h3>\n<h3><\/h3>\n<h3><strong>Garanti S\u00fcresi<\/strong><\/h3>\n<h3><\/h3>\n<h3>\u00dcr\u00fcn orijinal kutusunda olup T\u00fcrkiye Distrib\u00fct\u00f6r\u00fc taraf\u0131ndan 2 y\u0131l garantilidir.<\/h3>\n","protected":false},"excerpt":{"rendered":"<h4>Polaroid Hi\u00b7Print 2\u00d73 Paper Cartridge &#8211; 20 Sheets<\/h4>\n","protected":false},"featured_media":5645,"comment_status":"open","ping_status":"closed","template":"redux-templates_canvas","meta":[],"product_cat":[286],"product_tag":[291,287,289,288,290],"_links":{"self":[{"href":"https:\/\/soleilsky.com.tr\/shop\/wp-json\/wp\/v2\/product\/5641"}],"collection":[{"href":"https:\/\/soleilsky.com.tr\/shop\/wp-json\/wp\/v2\/product"}],"about":[{"href":"https:\/\/soleilsky.com.tr\/shop\/wp-json\/wp\/v2\/types\/product"}],"replies":[{"embeddable":true,"href":"https:\/\/soleilsky.com.tr\/shop\/wp-json\/wp\/v2\/comments?post=5641"}],"wp:featuredmedia":[{"embeddable":true,"href":"https:\/\/soleilsky.com.tr\/shop\/wp-json\/wp\/v2\/media\/5645"}],"wp:attachment":[{"href":"https:\/\/soleilsky.com.tr\/shop\/wp-json\/wp\/v2\/media?parent=5641"}],"wp:term":[{"taxonomy":"product_cat","embeddable":true,"href":"https:\/\/soleilsky.com.tr\/shop\/wp-json\/wp\/v2\/product_cat?post=5641"},{"taxonomy":"product_tag","embeddable":true,"href":"https:\/\/soleilsky.com.tr\/shop\/wp-json\/wp\/v2\/product_tag?post=5641"}],"curies":[{"name":"wp","href":"https:\/\/api.w.org\/{rel}","templated":true}]}}