{"id":5647,"date":"2020-11-06T10:12:25","date_gmt":"2020-11-06T10:12:25","guid":{"rendered":"https:\/\/soleilsky.com.tr\/shop\/?post_type=product&#038;p=5647"},"modified":"2020-12-09T07:31:49","modified_gmt":"2020-12-09T07:31:49","slug":"polaroid-color-film-for-600-eski-makinalar-icin-8-pozluk","status":"publish","type":"product","link":"https:\/\/soleilsky.com.tr\/shop\/urun\/polaroid-color-film-for-600-eski-makinalar-icin-8-pozluk\/","title":{"rendered":"Polaroid Color Film For 600 Eski Makinalar \u0130\u00e7in (8 Pozluk)"},"content":{"rendered":"<table>\n<tbody>\n<tr>\n<td class=\"no-border\">\n<div id=\"productDescriptionContent\">\n<p>Polaroid Color Film For 600 Eski Makinalar \u0130\u00e7in (8 Pozluk)<\/p>\n<pre>Ebat 107 Mm X 88 Mm Foto\u011fraf Alan\u0131 79 Mm X 79 Mm Olu\u015fma S\u00fcresi 10-15 Dk<\/pre>\n<\/div>\n<\/td>\n<\/tr>\n<\/tbody>\n<\/table>\n<div id=\"ctl00_ContentPlaceHolder1_ProductControl1_MainControl1_TabControl1_ProductDescription1_CustomContentBottom\"><\/div>\n<table>\n<tbody>\n<tr>\n<td class=\"no-border\">\n<table>\n<tbody>\n<tr>\n<td>\n<div class=\"tealium\">\n<div id=\"ccs-inline-content\" class=\"cnet-integration\"><\/div>\n<\/div>\n<\/td>\n<\/tr>\n<\/tbody>\n<\/table>\n<table>\n<tbody>\n<tr>\n<td>\n<div id=\"productTechSpecContainer\">\n<table class=\"data-list tech-spec\">\n<caption>\u00a0<\/caption>\n<tbody>\n<tr>\n<th>Garanti S\u00fcresi (Ay)<\/th>\n<td>24<\/td>\n<\/tr>\n<tr>\n<th>Yurt D\u0131\u015f\u0131 Sat\u0131\u015f<\/th>\n<td>Yok<\/td>\n<\/tr>\n<tr>\n<th>Stok Kodu<\/th>\n<td>HBV00000LO2WL<\/td>\n<\/tr>\n<\/tbody>\n<\/table>\n<\/div>\n<\/td>\n<\/tr>\n<\/tbody>\n<\/table>\n<\/td>\n<\/tr>\n<\/tbody>\n<\/table>\n","protected":false},"excerpt":{"rendered":"<h2>Color Film for 600<\/h2>\n","protected":false},"featured_media":5648,"comment_status":"open","ping_status":"closed","template":"redux-templates_canvas","meta":[],"product_cat":[286],"product_tag":[291,287,289,288,290],"_links":{"self":[{"href":"https:\/\/soleilsky.com.tr\/shop\/wp-json\/wp\/v2\/product\/5647"}],"collection":[{"href":"https:\/\/soleilsky.com.tr\/shop\/wp-json\/wp\/v2\/product"}],"about":[{"href":"https:\/\/soleilsky.com.tr\/shop\/wp-json\/wp\/v2\/types\/product"}],"replies":[{"embeddable":true,"href":"https:\/\/soleilsky.com.tr\/shop\/wp-json\/wp\/v2\/comments?post=5647"}],"wp:featuredmedia":[{"embeddable":true,"href":"https:\/\/soleilsky.com.tr\/shop\/wp-json\/wp\/v2\/media\/5648"}],"wp:attachment":[{"href":"https:\/\/soleilsky.com.tr\/shop\/wp-json\/wp\/v2\/media?parent=5647"}],"wp:term":[{"taxonomy":"product_cat","embeddable":true,"href":"https:\/\/soleilsky.com.tr\/shop\/wp-json\/wp\/v2\/product_cat?post=5647"},{"taxonomy":"product_tag","embeddable":true,"href":"https:\/\/soleilsky.com.tr\/shop\/wp-json\/wp\/v2\/product_tag?post=5647"}],"curies":[{"name":"wp","href":"https:\/\/api.w.org\/{rel}","templated":true}]}}