{"id":5651,"date":"2020-11-06T10:17:12","date_gmt":"2020-11-06T10:17:12","guid":{"rendered":"https:\/\/soleilsky.com.tr\/shop\/?post_type=product&#038;p=5651"},"modified":"2020-12-09T07:39:35","modified_gmt":"2020-12-09T07:39:35","slug":"polaroid-sx-70-color-film","status":"publish","type":"product","link":"https:\/\/soleilsky.com.tr\/shop\/urun\/polaroid-sx-70-color-film\/","title":{"rendered":"Polaroid SX-70 Color Film"},"content":{"rendered":"<ul class=\"top-section-list\" data-selenium=\"highlightList\">\n<li class=\"top-section-list-item\">Polaroid SX-70 Kameralar i\u00e7in<\/li>\n<li class=\"top-section-list-item\">Klasik Beyaz \u00c7er\u00e7eve<\/li>\n<li class=\"top-section-list-item\">G\u00f6r\u00fcnt\u00fc Alan\u0131: 3.1 x 3.1 &#8220;<\/li>\n<li class=\"top-section-list-item\">ISO 160<\/li>\n<li class=\"top-section-list-item\">Zengin Renk ve Doku<\/li>\n<li class=\"top-section-list-item\">Parlak y\u00fczey<\/li>\n<li>Polaroid SX-70 ile kullan\u0131lmak \u00fczere tasarlanm\u0131\u015f olan bu anl\u0131k film, m\u00fcmk\u00fcn olan en iyi foto\u011fraflar\u0131 elde edebilece\u011finiz imkanlar\u0131 kullanc\u0131s\u0131na sunar. Renkli olarak foto\u011fraflar\u0131n\u0131 sunan ve bunu beyaz bir \u00e7er\u00e7eve ile yaratan SX-70, net, a\u00e7\u0131k ve olduk\u00e7a renklidir.<br \/>\n<h2><\/h2>\n<h2>\u00a0<img decoding=\"async\" src=\"http:\/\/www.polaroid.com.au\/SiteMedia\/W3SVC1304\/Uploads\/Images\/Coloured%20SX-70%20film..jpg\" alt=\"\" \/><\/h2>\n<div class=\"h2-title new-page-width c45\">\n<h2>Polaroid SX-70 Color Film<\/h2>\n<table class=\"specTable\" data-selenium=\"specTable\">\n<tbody data-selenium=\"specBody\">\n<tr>\n<td class=\"specTopic fs18\" data-selenium=\"specTopic\">Film Format\u0131<\/td>\n<td class=\"specDetail fs18\" data-selenium=\"specDetail\">Polaroid SX-70<\/td>\n<\/tr>\n<tr>\n<td class=\"specTopic fs18\" data-selenium=\"specTopic\">Film Tipi<\/td>\n<td class=\"specDetail fs18\" data-selenium=\"specDetail\">Renk<\/td>\n<\/tr>\n<tr>\n<td class=\"specTopic fs18\" data-selenium=\"specTopic\">Film H\u0131z\u0131<\/td>\n<td class=\"specDetail fs18\" data-selenium=\"specDetail\">ISO 160<\/td>\n<\/tr>\n<tr>\n<td class=\"specTopic fs18\" data-selenium=\"specTopic\">G\u00f6r\u00fcnt\u00fc Alan\u0131<\/td>\n<td class=\"specDetail fs18\" data-selenium=\"specDetail\">3.11 x 3.11 &#8220;\/ 79 x 79 mm<\/td>\n<\/tr>\n<tr>\n<td class=\"specTopic fs18\" data-selenium=\"specTopic\">G\u00f6r\u00fcnt\u00fc \u015fekli<\/td>\n<td class=\"specDetail fs18\" data-selenium=\"specDetail\">Dikd\u00f6rtgen<\/td>\n<\/tr>\n<tr>\n<td class=\"specTopic fs18\" data-selenium=\"specTopic\">Film Boyutu (G x Y)<\/td>\n<td class=\"specDetail fs18\" data-selenium=\"specDetail\">4.21 x 3.46 &#8220;\/ 107 x 88 mm<\/td>\n<\/tr>\n<tr>\n<td class=\"specTopic fs18\" data-selenium=\"specTopic\">s\u0131n\u0131r<\/td>\n<td class=\"specDetail fs18\" data-selenium=\"specDetail\">Beyaz<\/td>\n<\/tr>\n<\/tbody>\n<\/table>\n<\/div>\n<div class=\"leftPanel\">\n<div class=\"specWrapper\" data-selenium=\"specWrapper\">\n<table class=\"specTable\" data-selenium=\"specTable\">\n<tbody data-selenium=\"specBody\">\n<tr>\n<th class=\"specHeader Header\" colspan=\"2\" data-selenium=\"specHeader\"><a id=\"shipping\" class=\"fs32 OpenSans-300-normal\" name=\"shipping\" data-selenium=\"specHeaderLink\"><\/a>Paketleme Bilgisi<\/th>\n<\/tr>\n<tr>\n<td class=\"specTopic fs18\" data-selenium=\"specTopic\">paket a\u011f\u0131rl\u0131\u011f\u0131<\/td>\n<td class=\"specDetail fs18\" data-selenium=\"specDetail\">0,25 lb<\/td>\n<\/tr>\n<tr>\n<td class=\"specTopic fs18\" data-selenium=\"specTopic\">Kutu Boyutlar\u0131 (LxWxH)<\/td>\n<td class=\"specDetail fs18\" data-selenium=\"specDetail\">4,6 x 3,7 x 0,8 &#8220;<\/td>\n<\/tr>\n<\/tbody>\n<\/table>\n<\/div>\n<\/div>\n<\/li>\n<\/ul>\n","protected":false},"excerpt":{"rendered":"<h2>STOK B\u0130LG\u0130S\u0130 \u0130\u00c7\u0130N \u0130LET\u0130\u015e\u0130ME GE\u00c7\u0130N<\/h2>\n<h2>Color Film for 600<\/h2>\n","protected":false},"featured_media":5654,"comment_status":"open","ping_status":"closed","template":"redux-templates_canvas","meta":[],"product_cat":[286],"product_tag":[291,287,289,288,290],"_links":{"self":[{"href":"https:\/\/soleilsky.com.tr\/shop\/wp-json\/wp\/v2\/product\/5651"}],"collection":[{"href":"https:\/\/soleilsky.com.tr\/shop\/wp-json\/wp\/v2\/product"}],"about":[{"href":"https:\/\/soleilsky.com.tr\/shop\/wp-json\/wp\/v2\/types\/product"}],"replies":[{"embeddable":true,"href":"https:\/\/soleilsky.com.tr\/shop\/wp-json\/wp\/v2\/comments?post=5651"}],"wp:featuredmedia":[{"embeddable":true,"href":"https:\/\/soleilsky.com.tr\/shop\/wp-json\/wp\/v2\/media\/5654"}],"wp:attachment":[{"href":"https:\/\/soleilsky.com.tr\/shop\/wp-json\/wp\/v2\/media?parent=5651"}],"wp:term":[{"taxonomy":"product_cat","embeddable":true,"href":"https:\/\/soleilsky.com.tr\/shop\/wp-json\/wp\/v2\/product_cat?post=5651"},{"taxonomy":"product_tag","embeddable":true,"href":"https:\/\/soleilsky.com.tr\/shop\/wp-json\/wp\/v2\/product_tag?post=5651"}],"curies":[{"name":"wp","href":"https:\/\/api.w.org\/{rel}","templated":true}]}}