{"id":5726,"date":"2020-12-02T06:47:59","date_gmt":"2020-12-02T06:47:59","guid":{"rendered":"https:\/\/soleilsky.com.tr\/shop\/?post_type=product&#038;p=5726"},"modified":"2022-01-08T09:36:24","modified_gmt":"2022-01-08T09:36:24","slug":"dji-matrice-300-rtk-h20","status":"publish","type":"product","link":"https:\/\/soleilsky.com.tr\/shop\/urun\/dji-matrice-300-rtk-h20\/","title":{"rendered":"DJI MATRICE 300 RTK H20"},"content":{"rendered":"<div>DJI MATR\u0130CE 300 RTK<\/div>\n<div><\/div>\n<div><iframe loading=\"lazy\" src=\"https:\/\/www.youtube.com\/embed\/V-4Om_4n998\" width=\"1080\" height=\"720\" frameborder=\"0\" allowfullscreen=\"allowfullscreen\" data-mce-fragment=\"1\"><\/iframe><\/div>\n<div><\/div>\n<div><\/div>\n<div>\u00a0<img decoding=\"async\" src=\"https:\/\/www.dronmarket.com\/class\/INNOVAEditor\/assets\/1aamatrice300\/G%C3%B6rsel%201-min.png\" alt=\"\" border=\"0\" \/><\/div>\n<div><\/div>\n<div>\n<table>\n<tbody>\n<tr>\n<td>\n<div><\/div>\n<div>Canl\u0131 G\u00f6rev Kayd\u0131<\/div>\n<div><\/div>\n<div>Gelecekteki otomatik denetimler i\u00e7in \u00f6rnek g\u00f6rev dosyalar\u0131olu\u015fturmak<\/div>\n<div>\u00fczere drone hareketi, gimbal y\u00f6nlendirme,foto\u011fraf \u00e7ekimi<\/div>\n<div>yak\u0131nla\u015ft\u0131rma seviyesi gibi g\u00f6rev eylemlerini kaydeder.<\/div>\n<\/td>\n<td>\n<div>A\u0130 Nokta Kontrol\u00fc<\/div>\n<div><\/div>\n<div>Rutin denetimleri otomatikle\u015ftirin ve her<\/div>\n<div>seferinde tutarl\u0131 sonu\u00e7lar elde edin.Yerle\u015fik Yapay Zeka<\/div>\n<div>ilgi konusunu tan\u0131r ve tutarl\u0131 \u00e7er\u00e7evelerine sa\u011flamak i\u00e7in sonraki g\u00f6revlerde tan\u0131mlar.<\/div>\n<\/td>\n<td>\n<div><\/div>\n<div><\/div>\n<div>WayPoints 2.0<\/div>\n<div>65.535 adede kadar yol noktas\u0131 olu\u015fturun ve her bir ge\u00e7i\u015f noktas\u0131nda<\/div>\n<div>taraf olanlar da dahil olmak \u00fczere bir veya daha fazla y\u00fck i\u00e7in birden fazla<\/div>\n<div>eylem ayarlay\u0131n . U\u00e7u\u015f yolu planlama, g\u00f6revleriniz i\u00e7in esnekli\u011fi ve<\/div>\n<div>verimlili\u011fi en \u00fcst d\u00fczeye \u00e7\u0131karmak i\u00e7in de optimize edilmi\u015ftir.<\/div>\n<\/td>\n<td>\n<div><\/div>\n<div><\/div>\n<div><\/div>\n<div><\/div>\n<div>Pin Point<\/div>\n<div><\/div>\n<div>Kamera veya harita g\u00f6r\u00fcn\u00fcm\u00fcnde bir nesneyi h\u0131zl\u0131 bir dokunu\u015fla i\u015faretledi\u011finizde,<\/div>\n<div>geli\u015fmi\u015f sens\u00f6r f\u00fczyon algoritmalar\u0131, t\u00fcm kamera g\u00f6r\u00fcn\u00fcmlerine AR simgesi<\/div>\n<div>olarak yans\u0131t\u0131lan koordinatlar\u0131n\u0131 hemen hesaplar. Konunun konumu otomatik<\/div>\n<div>olarak ba\u015fka bir uzaktan kumanda ile veya DJI FlightHub gibi \u00e7evrimi\u00e7i platformlarla payla\u015f\u0131l\u0131r.<\/div>\n<\/td>\n<td>\n<div>Ak\u0131ll\u0131 Parkur<\/div>\n<div>Sabit izleme ve g\u00f6r\u00fcnt\u00fcleme i\u00e7in otomatik yak\u0131nla\u015ft\u0131rman\u0131n uyguland\u0131\u011f\u0131 Ak\u0131ll\u0131 Parkur<\/div>\n<div>i\u015fleviyle insanlar, ara\u00e7lar ve tekneler gibi hareketli nesneleri belirleyin ve takip edin.<\/div>\n<div>Konunun dinamik konumu s\u00fcrekli olarak ba\u015fka bir uzaktan kumanda<\/div>\n<div>veyaDJI FlightHub ile al\u0131n\u0131r ve payla\u015f\u0131l\u0131r .<\/div>\n<\/td>\n<\/tr>\n<\/tbody>\n<\/table>\n<\/div>\n<div>Geli\u015fmi\u015f \u00c7ift Kontrol<\/div>\n<div><\/div>\n<div>Her iki operat\u00f6r de tek bir dokunu\u015fla Mavic&#8217;in veya y\u00fck\u00fcn kontrol\u00fcn\u00fc elde edebilir.<\/div>\n<div>Bu, g\u00f6rev stratejileri i\u00e7in yeni olas\u0131l\u0131klar\u0131n yan\u0131 s\u0131ra operasyonlar s\u0131ras\u0131nda daha y\u00fcksek esneklik yarat\u0131r.<\/div>\n<div><\/div>\n<div>\u00a0<img decoding=\"async\" src=\"https:\/\/www.dronmarket.com\/class\/INNOVAEditor\/assets\/1aamatrice300\/DJI%20Matrice%20300%20Dronmarket%202.JPG\" alt=\"\" border=\"0\" \/><\/div>\n<div>\n<div id=\"specs-nav\" class=\"specs-page\">\n<div class=\"specs-title-wrap\"><\/div>\n<\/div>\n<\/div>\n","protected":false},"excerpt":{"rendered":"<h5><em><strong>PAKET \u0130\u00c7ER\u0130\u011e\u0130<\/strong><\/em><\/h5>\n<table width=\"557\">\n<tbody>\n<tr>\n<td width=\"469\">\n<h5><em><strong>MATRICE 300 RTK\uff08Universal Edition\uff09<\/strong><\/em><\/h5>\n<\/td>\n<td width=\"88\">\n<h5><em><strong>1<\/strong><\/em><\/h5>\n<\/td>\n<\/tr>\n<tr>\n<td width=\"469\">\n<h5><em><strong>MATRICE 300 SERIES-PART06-BS60 Intelligent Battery\u00a0 Station\uff08Universal Edition\uff09<\/strong><\/em><\/h5>\n<\/td>\n<td>\n<h5><em><strong>1<\/strong><\/em><\/h5>\n<\/td>\n<\/tr>\n<tr>\n<td width=\"469\">\n<h5><em><strong>MATRICE 300 SERIES-PART02-TB60 Intelligent Flight Battery<\/strong><\/em><\/h5>\n<\/td>\n<td>\n<h5><em><strong>6<\/strong><\/em><\/h5>\n<\/td>\n<\/tr>\n<tr>\n<td width=\"469\">\n<h5><em><strong>Zenmuse H20\u00a0 \u00a0(Zoom-G\u00fcnd\u00fcz Kameras\u0131-Mesafe \u00d6l\u00e7er)<\/strong><\/em><\/h5>\n<\/td>\n<td>\n<h5><em><strong>1<\/strong><\/em><\/h5>\n<\/td>\n<\/tr>\n<tr>\n<td width=\"469\">\n<h5><em><strong>WB37 Intelligent Battery<\/strong><\/em><\/h5>\n<\/td>\n<td>\n<h5><em><strong>2<\/strong><\/em><\/h5>\n<\/td>\n<\/tr>\n<\/tbody>\n<\/table>\n","protected":false},"featured_media":5724,"comment_status":"open","ping_status":"closed","template":"redux-templates_canvas","meta":[],"product_cat":[681],"product_tag":[234,312,316,314,311,315,313,318],"_links":{"self":[{"href":"https:\/\/soleilsky.com.tr\/shop\/wp-json\/wp\/v2\/product\/5726"}],"collection":[{"href":"https:\/\/soleilsky.com.tr\/shop\/wp-json\/wp\/v2\/product"}],"about":[{"href":"https:\/\/soleilsky.com.tr\/shop\/wp-json\/wp\/v2\/types\/product"}],"replies":[{"embeddable":true,"href":"https:\/\/soleilsky.com.tr\/shop\/wp-json\/wp\/v2\/comments?post=5726"}],"wp:featuredmedia":[{"embeddable":true,"href":"https:\/\/soleilsky.com.tr\/shop\/wp-json\/wp\/v2\/media\/5724"}],"wp:attachment":[{"href":"https:\/\/soleilsky.com.tr\/shop\/wp-json\/wp\/v2\/media?parent=5726"}],"wp:term":[{"taxonomy":"product_cat","embeddable":true,"href":"https:\/\/soleilsky.com.tr\/shop\/wp-json\/wp\/v2\/product_cat?post=5726"},{"taxonomy":"product_tag","embeddable":true,"href":"https:\/\/soleilsky.com.tr\/shop\/wp-json\/wp\/v2\/product_tag?post=5726"}],"curies":[{"name":"wp","href":"https:\/\/api.w.org\/{rel}","templated":true}]}}